{"id":23874,"date":"2021-01-05T15:13:00","date_gmt":"2021-01-05T15:13:00","guid":{"rendered":"https:\/\/www.rom1961.com\/https-www-rom1961-com-en-why-us\/"},"modified":"2022-02-25T10:15:38","modified_gmt":"2022-02-25T10:15:38","slug":"https-www-rom1961-com-en-why-us","status":"publish","type":"page","link":"https:\/\/www.rom1961.com\/int_en\/https-www-rom1961-com-en-why-us\/","title":{"rendered":"Why us"},"content":{"rendered":"<p>[et_pb_section fb_built=&#8221;1&#8243; fullwidth=&#8221;on&#8221; _builder_version=&#8221;4.4.1&#8243; global_colors_info=&#8221;{}&#8221;][et_pb_fullwidth_header title=&#8221;WHY rom1961?&#8221; _builder_version=&#8221;4.7.7&#8243; title_level=&#8221;h3&#8243; title_font=&#8221;Montserrat|300|||||||&#8221; title_font_size=&#8221;40px&#8221; background_image=&#8221;https:\/\/static.rom1961.com\/wp-content\/uploads\/2021\/01\/Header_klein_warum-wir.jpg&#8221; min_height=&#8221;300px&#8221; custom_margin=&#8221;0px||||false|false&#8221; custom_padding=&#8221;150px||||false|false&#8221; global_colors_info=&#8221;{}&#8221;][\/et_pb_fullwidth_header][\/et_pb_section][et_pb_section fb_built=&#8221;1&#8243; _builder_version=&#8221;4.6.3&#8243; _module_preset=&#8221;default&#8221; background_color=&#8221;#ffffff&#8221; custom_padding=&#8221;29px||0px|||&#8221; global_colors_info=&#8221;{}&#8221;][et_pb_row _builder_version=&#8221;4.6.1&#8243; _module_preset=&#8221;default&#8221; global_colors_info=&#8221;{}&#8221;][et_pb_column type=&#8221;4_4&#8243; _builder_version=&#8221;4.6.1&#8243; _module_preset=&#8221;default&#8221; global_colors_info=&#8221;{}&#8221;][et_pb_text _builder_version=&#8221;4.7.7&#8243; _module_preset=&#8221;default&#8221; custom_margin=&#8221;-22px||||false|false&#8221; locked=&#8221;off&#8221; global_colors_info=&#8221;{}&#8221;]<\/p>\n<h1 style=\"color: #E87722; text-align: left;\">A passion for sofas with that perfect fit<\/h1>\n<p>[\/et_pb_text][et_pb_text _builder_version=&#8221;4.7.7&#8243; text_font=&#8221;Poppins|300|||||||&#8221; custom_margin=&#8221;-30px||50px||false|false&#8221; global_colors_info=&#8221;{}&#8221;]A living centre is perfect when everyone feels comfortable on the sofa in their own way and when it offers the right setting and perfect comfort for every occasion. Your family will thus grow together and can welcome friends. &#8220;For more happy sofa moments&#8221; is our guiding principle, which we passioantely rethink and implement for every customer.[\/et_pb_text][\/et_pb_column][\/et_pb_row][\/et_pb_section][et_pb_section fb_built=&#8221;1&#8243; _builder_version=&#8221;4.7.7&#8243; background_color=&#8221;#f2f2f2&#8243; custom_padding=&#8221;2px||4px|||&#8221; global_colors_info=&#8221;{}&#8221;][et_pb_row column_structure=&#8221;1_2,1_2&#8243; _builder_version=&#8221;4.7.7&#8243; custom_margin=&#8221;80px||||false|false&#8221; custom_margin_tablet=&#8221;&#8221; custom_margin_phone=&#8221;50px||||false|false&#8221; custom_margin_last_edited=&#8221;on|phone&#8221; global_colors_info=&#8221;{}&#8221;][et_pb_column type=&#8221;1_2&#8243; _builder_version=&#8221;4.4.1&#8243; global_colors_info=&#8221;{}&#8221;][et_pb_image src=&#8221;https:\/\/static.rom1961.com\/wp-content\/uploads\/2021\/03\/100alltagstauglich.jpg&#8221; alt=&#8221;100 % Alltagstauglich&#8221; title_text=&#8221;100 % Alltagstauglich&#8221; url=&#8221;@ET-DC@eyJkeW5hbWljIjp0cnVlLCJjb250ZW50IjoicG9zdF9saW5rX3VybF9wYWdlIiwic2V0dGluZ3MiOnsicG9zdF9pZCI6IjQ1MyJ9fQ==@&#8221; _builder_version=&#8221;4.7.7&#8243; _dynamic_attributes=&#8221;url&#8221; global_colors_info=&#8221;{}&#8221;][\/et_pb_image][\/et_pb_column][et_pb_column type=&#8221;1_2&#8243; _builder_version=&#8221;4.4.1&#8243; global_colors_info=&#8221;{}&#8221;][et_pb_text _builder_version=&#8221;4.7.7&#8243; _module_preset=&#8221;default&#8221; header_6_line_height=&#8221;1.6em&#8221; custom_margin=&#8221;||5px||false|false&#8221; custom_padding=&#8221;50px||||false|false&#8221; global_colors_info=&#8221;{}&#8221;]<\/p>\n<h6><b>SOFA<\/b>scination<\/h6>\n<p>[\/et_pb_text][et_pb_text _builder_version=&#8221;4.7.7&#8243; global_colors_info=&#8221;{}&#8221;]<\/p>\n<h2>Made for you as a unique piece <\/h2>\n<p>[\/et_pb_text][et_pb_text _builder_version=&#8221;4.7.7&#8243; text_font=&#8221;Poppins|300|||||||&#8221; custom_margin=&#8221;-30px||50px||false|false&#8221; global_colors_info=&#8221;{}&#8221;]Our specialists at  rom1961 will design your individual sofa with you and we will build it exactly according to your wishes. A sofa that only you own and which allows your family to enjoy their home in their very own way.[\/et_pb_text][\/et_pb_column][\/et_pb_row][et_pb_row _builder_version=&#8221;4.7.7&#8243; _module_preset=&#8221;default&#8221; global_colors_info=&#8221;{}&#8221;][et_pb_column type=&#8221;4_4&#8243; _builder_version=&#8221;4.7.7&#8243; _module_preset=&#8221;default&#8221; global_colors_info=&#8221;{}&#8221;][et_pb_text ul_position=&#8221;inside&#8221; ul_item_indent=&#8221;1px&#8221; ol_type=&#8221;hiragana-iroha&#8221; _builder_version=&#8221;4.7.7&#8243; text_font=&#8221;Poppins|300|||||||&#8221; ul_font=&#8221;||||||||&#8221; ul_text_align=&#8221;left&#8221; ul_text_color=&#8221;#333333&#8243; ul_line_height=&#8221;2em&#8221; ol_text_align=&#8221;left&#8221; custom_margin=&#8221;-30px||50px||false|false&#8221; global_colors_info=&#8221;{}&#8221;]We do this for you, as we understand:<\/p>\n<ul>\n<li>just how different taste, requirements, and needs are;<\/li>\n<li>how different people and their dreams are;<\/li>\n<li>how important it is to really feel home and comfortable in a common happy place. <\/li>\n<\/ul>\n<p>[\/et_pb_text][\/et_pb_column][\/et_pb_row][\/et_pb_section][et_pb_section fb_built=&#8221;1&#8243; _builder_version=&#8221;4.7.7&#8243; background_color=&#8221;#ffffff&#8221; custom_margin=&#8221;80px||80px||true|false&#8221; custom_margin_tablet=&#8221;&#8221; custom_margin_phone=&#8221;0px||0px||true|false&#8221; custom_margin_last_edited=&#8221;on|phone&#8221; custom_padding=&#8221;2px||4px|||&#8221; global_colors_info=&#8221;{}&#8221;][et_pb_row column_structure=&#8221;1_2,1_2&#8243; _builder_version=&#8221;4.7.7&#8243; global_colors_info=&#8221;{}&#8221;][et_pb_column type=&#8221;1_2&#8243; _builder_version=&#8221;4.4.1&#8243; global_colors_info=&#8221;{}&#8221;][et_pb_text _builder_version=&#8221;4.7.7&#8243; _module_preset=&#8221;default&#8221; header_6_line_height=&#8221;1.6em&#8221; custom_margin=&#8221;||5px||false|false&#8221; custom_padding=&#8221;50px||||false|false&#8221; global_colors_info=&#8221;{}&#8221;]<\/p>\n<h6>Durable<\/h6>\n<p>[\/et_pb_text][et_pb_text _builder_version=&#8221;4.7.7&#8243; global_colors_info=&#8221;{}&#8221;]<\/p>\n<h2>5 year warranty<\/h2>\n<p>[\/et_pb_text][et_pb_text _builder_version=&#8221;4.7.7&#8243; text_font=&#8221;Poppins|300|||||||&#8221; custom_margin=&#8221;-30px||50px||false|false&#8221; global_colors_info=&#8221;{}&#8221;]All of our products are undergoing thorough testing.  In addition, our entire range has been awarded the &#8220;Golden M&#8221; seal of quality.<br \/>5 year warranty &#8211; We promise you quality.<\/br>[\/et_pb_text][\/et_pb_column][et_pb_column type=&#8221;1_2&#8243; _builder_version=&#8221;4.4.1&#8243; global_colors_info=&#8221;{}&#8221;][et_pb_image src=&#8221;https:\/\/static.rom1961.com\/wp-content\/uploads\/2021\/02\/Lables.png&#8221; alt=&#8221;rom1961 Qualit\u00e4tslabel&#8221; title_text=&#8221;rom1961 Qualit\u00e4tslabel&#8221; url=&#8221;@ET-DC@eyJkeW5hbWljIjp0cnVlLCJjb250ZW50IjoicG9zdF9saW5rX3VybF9wYWdlIiwic2V0dGluZ3MiOnsicG9zdF9pZCI6IjQ1MyJ9fQ==@&#8221; _builder_version=&#8221;4.7.7&#8243; _dynamic_attributes=&#8221;url&#8221; global_colors_info=&#8221;{}&#8221;][\/et_pb_image][\/et_pb_column][\/et_pb_row][\/et_pb_section][et_pb_section fb_built=&#8221;1&#8243; _builder_version=&#8221;4.7.7&#8243; background_color=&#8221;#f2f2f2&#8243; custom_padding=&#8221;2px||4px|||&#8221; global_colors_info=&#8221;{}&#8221;][et_pb_row column_structure=&#8221;1_2,1_2&#8243; _builder_version=&#8221;4.7.7&#8243; custom_margin=&#8221;80px|auto|80px|auto|true|false&#8221; global_colors_info=&#8221;{}&#8221;][et_pb_column type=&#8221;1_2&#8243; _builder_version=&#8221;4.4.1&#8243; global_colors_info=&#8221;{}&#8221;][et_pb_image src=&#8221;https:\/\/static.rom1961.com\/wp-content\/uploads\/2021\/03\/Gu\u0308tesiegel.jpg&#8221; alt=&#8221;100 % Alltagstauglich100 % Alltagstauglich G\u00fctesiegel&#8221; title_text=&#8221;100 % Alltagstauglich100 % Alltagstauglich&#8221; url=&#8221;@ET-DC@eyJkeW5hbWljIjp0cnVlLCJjb250ZW50IjoicG9zdF9saW5rX3VybF9wYWdlIiwic2V0dGluZ3MiOnsicG9zdF9pZCI6IjQ1MyJ9fQ==@&#8221; _builder_version=&#8221;4.7.7&#8243; _dynamic_attributes=&#8221;url&#8221; global_colors_info=&#8221;{}&#8221;][\/et_pb_image][\/et_pb_column][et_pb_column type=&#8221;1_2&#8243; _builder_version=&#8221;4.4.1&#8243; global_colors_info=&#8221;{}&#8221;][et_pb_text _builder_version=&#8221;4.7.7&#8243; _module_preset=&#8221;default&#8221; header_6_line_height=&#8221;1.6em&#8221; custom_margin=&#8221;||5px||false|false&#8221; custom_padding=&#8221;50px||||false|false&#8221; global_colors_info=&#8221;{}&#8221;]<\/p>\n<h6>LOW-MAINTENANCE<\/h6>\n<p>[\/et_pb_text][et_pb_text _builder_version=&#8221;4.7.7&#8243; global_colors_info=&#8221;{}&#8221;]<\/p>\n<h2>100% suitable for everyday use<\/h2>\n<p>[\/et_pb_text][et_pb_text _builder_version=&#8221;4.7.7&#8243; text_font=&#8221;Poppins|300|||||||&#8221; custom_margin=&#8221;-30px||50px||false|false&#8221; global_colors_info=&#8221;{}&#8221;]Die Bez\u00fcge f\u00fcr unsere Sofas sind sorgf\u00e4ltig ausgew\u00e4hlt und dank ihrer hohen Qualit\u00e4t ausnahmslos pflegeleicht.<br \/>\nBei den Stoffen arbeiten eng mit den Herstellern von Q2 und aquaclean zusammen und freuen uns daher,\u00a0 unseren Kunden erstklassige Bezugsstoffe anbieten zu k\u00f6nnen.<br \/>\nGenauso verarbeiten wir Leder ausschliesslich chlorfrei gebleichtes Leder aus ausgew\u00e4hlten Gerbereien.[\/et_pb_text][\/et_pb_column][\/et_pb_row][\/et_pb_section][et_pb_section fb_built=&#8221;1&#8243; _builder_version=&#8221;4.7.7&#8243; background_color=&#8221;#ffffff&#8221; custom_margin=&#8221;0px||||false|false&#8221; global_colors_info=&#8221;{}&#8221;][et_pb_row _builder_version=&#8221;4.7.7&#8243; _module_preset=&#8221;default&#8221; custom_margin=&#8221;60px||||false|false&#8221; custom_margin_tablet=&#8221;&#8221; custom_margin_phone=&#8221;10px||||false|false&#8221; custom_margin_last_edited=&#8221;on|phone&#8221; global_colors_info=&#8221;{}&#8221;][et_pb_column type=&#8221;4_4&#8243; _builder_version=&#8221;4.6.1&#8243; _module_preset=&#8221;default&#8221; global_colors_info=&#8221;{}&#8221;][et_pb_text _builder_version=&#8221;4.7.7&#8243; _module_preset=&#8221;default&#8221; custom_margin=&#8221;-22px||||false|false&#8221; locked=&#8221;off&#8221; global_colors_info=&#8221;{}&#8221;]<H2>Only 3 steps to fulfill your sofa-dream:<\/h2>\n<p>[\/et_pb_text][\/et_pb_column][\/et_pb_row][et_pb_row _builder_version=&#8221;4.7.7&#8243; _module_preset=&#8221;default&#8221; custom_padding=&#8221;38px||||false|false&#8221; custom_css_main_element=&#8221;display: flex;&#8221; global_colors_info=&#8221;{}&#8221;][et_pb_column type=&#8221;4_4&#8243; _builder_version=&#8221;4.7.7&#8243; _module_preset=&#8221;default&#8221; custom_css_main_element=&#8221;display: flex;&#8221; global_colors_info=&#8221;{}&#8221;][et_pb_image src=&#8221;https:\/\/static.rom1961.com\/wp-content\/uploads\/2021\/01\/Rom1961-Plan1B.svg&#8221; title_text=&#8221;Rom1961-Plan1B&#8221; _builder_version=&#8221;4.7.7&#8243; _module_preset=&#8221;default&#8221; width=&#8221;21%&#8221; width_tablet=&#8221;40%&#8221; width_phone=&#8221;170%&#8221; width_last_edited=&#8221;on|desktop&#8221; module_alignment=&#8221;left&#8221; custom_margin=&#8221;-34px||||false|false&#8221; custom_margin_tablet=&#8221;&#8221; custom_margin_phone=&#8221;&#8221; custom_margin_last_edited=&#8221;on|phone&#8221; custom_padding=&#8221;|40px|||false|false&#8221; custom_padding_tablet=&#8221;&#8221; custom_padding_phone=&#8221;|20px|||false|false&#8221; custom_padding_last_edited=&#8221;on|phone&#8221; global_colors_info=&#8221;{}&#8221;][\/et_pb_image][et_pb_text _builder_version=&#8221;4.7.7&#8243; text_font=&#8221;Poppins|300|||||||&#8221; custom_margin=&#8221;-30px||50px||false|false&#8221; global_colors_info=&#8221;{}&#8221;]<\/p>\n<h6>FIND A DEALER NEAR YOU<\/h6>\n<h4>and go meet the certified rom1961 specialist<\/h4>\n<p>Alles, was Sie tun m\u00fcssen ist sich auf den Weg zu machen!  Wenn vorhanden, nehmen Sie Ideen, Skizzen und W\u00fcnsche mit und los geht\u2019s zum rom1961-Spezialisten gleich in der N\u00e4he. Das wars, um alles Weitere k\u00fcmmern wir uns. Versprochen.[\/et_pb_text][\/et_pb_column][\/et_pb_row][et_pb_row _builder_version=&#8221;4.7.7&#8243; _module_preset=&#8221;default&#8221; custom_css_main_element=&#8221;display: flex;&#8221; global_colors_info=&#8221;{}&#8221;][et_pb_column type=&#8221;4_4&#8243; _builder_version=&#8221;4.7.7&#8243; _module_preset=&#8221;default&#8221; custom_css_main_element=&#8221;display: flex;&#8221; global_colors_info=&#8221;{}&#8221;][et_pb_image src=&#8221;https:\/\/static.rom1961.com\/wp-content\/uploads\/2021\/01\/Rom1961-Plan2B.svg&#8221; title_text=&#8221;Rom1961-Plan2B&#8221; _builder_version=&#8221;4.7.7&#8243; _module_preset=&#8221;default&#8221; width=&#8221;18%&#8221; width_tablet=&#8221;40%&#8221; width_phone=&#8221;170%&#8221; width_last_edited=&#8221;on|desktop&#8221; module_alignment=&#8221;left&#8221; custom_margin=&#8221;-34px||||false|false&#8221; custom_margin_tablet=&#8221;&#8221; custom_margin_phone=&#8221;&#8221; custom_margin_last_edited=&#8221;on|desktop&#8221; custom_padding=&#8221;|40px|||false|false&#8221; custom_padding_tablet=&#8221;&#8221; custom_padding_phone=&#8221;|20px|||false|false&#8221; custom_padding_last_edited=&#8221;on|desktop&#8221; global_colors_info=&#8221;{}&#8221;][\/et_pb_image][et_pb_text _builder_version=&#8221;4.7.7&#8243; text_font=&#8221;Poppins|300|||||||&#8221; custom_margin=&#8221;-30px||50px||false|false&#8221; global_colors_info=&#8221;{}&#8221;]<\/p>\n<h6>CREATE YOUR INDIVIDUAL SOFA<\/h6>\n<h4>and make it come to life thanks to our 3D planner<\/h4>\n<p>Beim Spezialisten angekommen nehmen Sie auf einem der rom1961 Sofas Platz. Ein geschulter Berater haucht Ihren Vorstellungen Leben ein und gestaltet Ihr Traum Sofa mit Hilfe unseres 3D-Planers.[\/et_pb_text][\/et_pb_column][\/et_pb_row][et_pb_row _builder_version=&#8221;4.7.7&#8243; _module_preset=&#8221;default&#8221; custom_css_main_element=&#8221;display: flex;&#8221; global_colors_info=&#8221;{}&#8221;][et_pb_column type=&#8221;4_4&#8243; _builder_version=&#8221;4.7.7&#8243; _module_preset=&#8221;default&#8221; custom_css_main_element=&#8221;display: flex;&#8221; global_colors_info=&#8221;{}&#8221;][et_pb_image src=&#8221;https:\/\/static.rom1961.com\/wp-content\/uploads\/2021\/01\/Rom1961-Plan3B.svg&#8221; title_text=&#8221;Rom1961-Plan3B&#8221; _builder_version=&#8221;4.7.7&#8243; _module_preset=&#8221;default&#8221; width=&#8221;18%&#8221; width_tablet=&#8221;40%&#8221; width_phone=&#8221;170%&#8221; width_last_edited=&#8221;on|desktop&#8221; module_alignment=&#8221;left&#8221; custom_margin=&#8221;-34px||||false|false&#8221; custom_margin_tablet=&#8221;&#8221; custom_margin_phone=&#8221;&#8221; custom_margin_last_edited=&#8221;on|desktop&#8221; custom_padding=&#8221;|40px|||false|false&#8221; custom_padding_tablet=&#8221;&#8221; custom_padding_phone=&#8221;|20px|||false|false&#8221; custom_padding_last_edited=&#8221;on|phone&#8221; global_colors_info=&#8221;{}&#8221;][\/et_pb_image][et_pb_text _builder_version=&#8221;4.7.7&#8243; text_font=&#8221;Poppins|300|||||||&#8221; custom_margin=&#8221;-30px||50px||false|false&#8221; global_colors_info=&#8221;{}&#8221;]<\/p>\n<h6>EXPERIENCE A NEW WAY OF LIVING<\/h6>\n<h4>and create the perfect living centre for everyone<\/h4>\n<p>(Er)Leben und einfach Wohlf\u00fchlen! Denn mit Ihrem Traumsofa von rom1961 hat Ihr Heim endlich den perfekten Wohnmittelpunkt. F\u00fcr Familie und Freunde, f\u00fcr laute und stille Stunden und vor allem: F\u00fcr Sie![\/et_pb_text][\/et_pb_column][\/et_pb_row][\/et_pb_section][et_pb_section fb_built=&#8221;1&#8243; _builder_version=&#8221;4.6.3&#8243; background_color=&#8221;#f2f2f2&#8243; custom_padding=&#8221;||1px|||&#8221; global_colors_info=&#8221;{}&#8221;][et_pb_row _builder_version=&#8221;4.7.7&#8243; global_colors_info=&#8221;{}&#8221;][et_pb_column type=&#8221;4_4&#8243; _builder_version=&#8221;4.4.1&#8243; global_colors_info=&#8221;{}&#8221;][et_pb_text _builder_version=&#8221;4.7.7&#8243; _module_preset=&#8221;default&#8221; custom_margin=&#8221;||5px||false|false&#8221; custom_margin_tablet=&#8221;&#8221; custom_margin_phone=&#8221;&#8221; custom_margin_last_edited=&#8221;on|phone&#8221; custom_padding=&#8221;10px||||false|false&#8221; global_colors_info=&#8221;{}&#8221;]<\/p>\n<h6><b>SOFA<\/b>competence<\/h6>\n<p>[\/et_pb_text][et_pb_text _builder_version=&#8221;4.7.7&#8243; global_colors_info=&#8221;{}&#8221;]<\/p>\n<h2>Individual advice from a specialist<\/h2>\n<p>[\/et_pb_text][et_pb_text _builder_version=&#8221;4.7.7&#8243; text_font=&#8221;Poppins|300|||||||&#8221; custom_margin=&#8221;-30px||50px||false|false&#8221; global_colors_info=&#8221;{}&#8221;]<\/p>\n<p>Unsere Einrichtungsspezialisten beraten Sie kompetent und begleiten Sie auf Ihrem Weg vom Sofa-Traum zum Traum-Sofa.<br \/>Unsere H\u00e4ndlersuche weist Ihnen den Weg zum n\u00e4chsten rom1961 Spezialisten. Machen Sie den ersten Schritt, wir k\u00fcmmern uns um den Rest.<\/br><\/p>\n<p>[\/et_pb_text][et_pb_button button_url=&#8221;@ET-DC@eyJkeW5hbWljIjp0cnVlLCJjb250ZW50IjoicG9zdF9saW5rX3VybF9wYWdlIiwic2V0dGluZ3MiOnsicG9zdF9pZCI6IjE1NTgifX0=@&#8221; button_text=&#8221;Find a dealer&#8221; button_alignment=&#8221;left&#8221; admin_label=&#8221;Button&#8221; _builder_version=&#8221;4.7.7&#8243; _dynamic_attributes=&#8221;button_url&#8221; button_text_size=&#8221;12px&#8221; custom_margin=&#8221;0px||30px|0px|false|false&#8221; custom_margin_tablet=&#8221;&#8221; custom_margin_phone=&#8221;0px|||0px|false|false&#8221; custom_margin_last_edited=&#8221;on|desktop&#8221; custom_padding=&#8221;5px|30px|5px|30px|true|false&#8221; custom_padding_tablet=&#8221;15px||15px||true|true&#8221; custom_padding_phone=&#8221;10px|30px|10px|30px|true|true&#8221; custom_padding_last_edited=&#8221;on|tablet&#8221; button_text_size_tablet=&#8221;&#8221; button_text_size_phone=&#8221;12px&#8221; button_text_size_last_edited=&#8221;on|phone&#8221; button_border_color_last_edited=&#8221;off|desktop&#8221; saved_tabs=&#8221;all&#8221; global_colors_info=&#8221;{}&#8221; button_text_size__hover_enabled=&#8221;on|hover&#8221; button_border_color__hover_enabled=&#8221;on|hover&#8221; button_border_color__hover=&#8221;#b61b1c&#8221; button_bg_color__hover=&#8221;#b61b1c&#8221; button_bg_enable_color__hover=&#8221;on&#8221;][\/et_pb_button][\/et_pb_column][\/et_pb_row][et_pb_row use_custom_gutter=&#8221;on&#8221; gutter_width=&#8221;1&#8243; _builder_version=&#8221;4.6.1&#8243; _module_preset=&#8221;default&#8221; global_colors_info=&#8221;{}&#8221;][et_pb_column type=&#8221;4_4&#8243; _builder_version=&#8221;4.6.1&#8243; _module_preset=&#8221;default&#8221; global_colors_info=&#8221;{}&#8221;][dsm_card_carousel centered_slides=&#8221;on&#8221; slide_to_show=&#8221;2&#8243; speed=&#8221;872&#8243; pause_on_hover=&#8221;on&#8221; arrow_color=&#8221;#9a8c80&#8243; dots_active_color=&#8221;#9a8c80&#8243; badge_background_color=&#8221;rgba(0,0,0,0)&#8221; _builder_version=&#8221;4.7.7&#8243; _module_preset=&#8221;default&#8221; badge_text_color=&#8221;#ffffff&#8221; global_colors_info=&#8221;{}&#8221;][dsm_card_carousel_child image=&#8221;https:\/\/www.rom1961.com\/wp-content\/uploads\/2020\/09\/Rom-Familie.jpg&#8221; badge_text=&#8221;Tamour Sofa&#8221; badge_background_color=&#8221;#9a8c80&#8243; badge_url=&#8221;@ET-DC@eyJkeW5hbWljIjp0cnVlLCJjb250ZW50IjoicG9zdF9saW5rX3VybF9wcm9kdWN0Iiwic2V0dGluZ3MiOnsicG9zdF9pZCI6IjE0MDUifX0=@&#8221; alt=&#8221;Rom Familie&#8221; button_url_new_window=&#8221;1&#8243; _builder_version=&#8221;4.7.7&#8243; _dynamic_attributes=&#8221;badge_url&#8221; _module_preset=&#8221;default&#8221; border_radii_badge=&#8221;on|0px|0px|0px|0px&#8221; global_colors_info=&#8221;{}&#8221; parent_button=&#8221;off&#8221;][\/dsm_card_carousel_child][dsm_card_carousel_child image=&#8221;https:\/\/www.rom1961.com\/wp-content\/uploads\/2020\/09\/Rom-Playstation-Zone.jpg&#8221; badge_text=&#8221;Adora Ecksofa&#8221; badge_background_color=&#8221;#9a8c80&#8243; badge_url=&#8221;@ET-DC@eyJkeW5hbWljIjp0cnVlLCJjb250ZW50IjoicG9zdF9saW5rX3VybF9wcm9kdWN0Iiwic2V0dGluZ3MiOnsicG9zdF9pZCI6IjEyNTYifX0=@&#8221; alt=&#8221;Rom Playstation Zone&#8221; button_url_new_window=&#8221;1&#8243; _builder_version=&#8221;4.6.3&#8243; _dynamic_attributes=&#8221;badge_url&#8221; _module_preset=&#8221;default&#8221; border_radii_badge=&#8221;on|0px|0px|0px|0px&#8221; global_colors_info=&#8221;{}&#8221; parent_button=&#8221;off&#8221;][\/dsm_card_carousel_child][dsm_card_carousel_child image=&#8221;https:\/\/www.rom1961.com\/wp-content\/uploads\/2020\/09\/Rom-Familie-es-war-einmal.jpg&#8221; badge_text=&#8221;Radius &#8221; badge_background_color=&#8221;#9a8c80&#8243; badge_url=&#8221;@ET-DC@eyJkeW5hbWljIjp0cnVlLCJjb250ZW50IjoicG9zdF9saW5rX3VybF9wcm9kdWN0Iiwic2V0dGluZ3MiOnsicG9zdF9pZCI6IjE2NDcifX0=@&#8221; alt=&#8221;Rom Radius Sessel M\u00e4rchenstunde&#8221; button_url_new_window=&#8221;1&#8243; _builder_version=&#8221;4.6.3&#8243; _dynamic_attributes=&#8221;badge_url&#8221; _module_preset=&#8221;default&#8221; border_radii_badge=&#8221;on|0px|0px|0px|0px&#8221; global_colors_info=&#8221;{}&#8221; parent_button=&#8221;off&#8221;][\/dsm_card_carousel_child][\/dsm_card_carousel][\/et_pb_column][\/et_pb_row][\/et_pb_section][et_pb_section fb_built=&#8221;1&#8243; _builder_version=&#8221;4.6.0&#8243; background_image=&#8221;https:\/\/static.rom1961.com\/wp-content\/uploads\/2020\/08\/Header.jpg&#8221; min_height=&#8221;515px&#8221; global_colors_info=&#8221;{}&#8221;][et_pb_row module_class=&#8221;pb_subscribe&#8221; _builder_version=&#8221;4.6.1&#8243; background_color=&#8221;rgba(255,255,255,0.9)&#8221; background_last_edited=&#8221;on|phone&#8221; global_colors_info=&#8221;{}&#8221;][et_pb_column type=&#8221;4_4&#8243; _builder_version=&#8221;4.4.1&#8243; global_colors_info=&#8221;{}&#8221;][et_pb_signup mailchimp_list=&#8221;add_new_account&#8221; layout=&#8221;top_bottom&#8221; first_name_field=&#8221;off&#8221; last_name_field=&#8221;off&#8221; title=&#8221;Stay in touch with us&#8221; button_text=&#8221;Sign in&#8221; description=&#8221;<\/p>\n<p style=%22text-align: center;%22>You can find out all the latest news on our social media channels and in our newsletter. Of course, our advisors are also happy to answer any questions you may have about our products or your order!<\/br><\/p>\n<p>&#8221; module_class=&#8221;et_pb_subscribe&#8221; _builder_version=&#8221;4.7.7&#8243; header_font=&#8221;Montserrat||||||||&#8221; header_text_align=&#8221;center&#8221; header_text_color=&#8221;#333333&#8243; header_font_size=&#8221;30px&#8221; body_font=&#8221;Poppins|300|||||||&#8221; body_text_color=&#8221;#333333&#8243; body_font_size=&#8221;15px&#8221; background_color=&#8221;rgba(0,0,0,0)&#8221; custom_button=&#8221;on&#8221; button_text_size=&#8221;14px&#8221; button_text_color=&#8221;#ffffff&#8221; button_bg_color=&#8221;#9a8c80&#8243; button_border_width=&#8221;10px&#8221; button_border_color=&#8221;#9a8c80&#8243; button_border_radius=&#8221;1px&#8221; button_letter_spacing=&#8221;1px&#8221; button_font=&#8221;Montserrat|600||on|||||&#8221; button_icon=&#8221;%%3%%&#8221; min_height=&#8221;231px&#8221; overflow-x=&#8221;visible&#8221; overflow-y=&#8221;visible&#8221; custom_margin=&#8221;||8px|||&#8221; custom_padding=&#8221;|30px|1px|30px|false|true&#8221; custom_padding_tablet=&#8221;|20px||20px|false|true&#8221; custom_padding_phone=&#8221;|14px||14px|false|true&#8221; custom_padding_last_edited=&#8221;on|desktop&#8221; header_font_tablet=&#8221;&#8221; header_font_phone=&#8221;&#8221; header_font_last_edited=&#8221;on|tablet&#8221; header_font_size_tablet=&#8221;&#8221; header_font_size_phone=&#8221;26px&#8221; header_font_size_last_edited=&#8221;on|tablet&#8221; button_text_size_tablet=&#8221;&#8221; button_text_size_phone=&#8221;11px&#8221; button_text_size_last_edited=&#8221;on|phone&#8221; border_width_all_fields=&#8221;1px&#8221; border_color_all_fields=&#8221;#c5b9ad&#8221; global_colors_info=&#8221;{}&#8221; button_bg_color__hover_enabled=&#8221;on|hover&#8221; button_bg_color__hover=&#8221;#9a8c80&#8243; button_bg_enable_color__hover=&#8221;on&#8221; button_border_color__hover_enabled=&#8221;on|desktop&#8221; button_border_color__hover=&#8221;#9a8c80&#8243;][\/et_pb_signup][\/et_pb_column][\/et_pb_row][\/et_pb_section]<\/p>\n","protected":false},"excerpt":{"rendered":"<p>A passion for sofas with that perfect fitA living centre is perfect when everyone feels comfortable on the sofa in their own way and when it offers the right setting and perfect comfort for every occasion. Your family will thus grow together and can welcome friends. &#8220;For more happy sofa moments&#8221; is our guiding principle, [&hellip;]<\/p>\n","protected":false},"author":20,"featured_media":0,"parent":0,"menu_order":0,"comment_status":"closed","ping_status":"closed","template":"","meta":{"_acf_changed":false,"_et_pb_use_builder":"on","_et_pb_old_content":"","_et_gb_content_width":"","inline_featured_image":false,"footnotes":""},"class_list":["post-23874","page","type-page","status-publish","hentry"],"acf":[],"_links":{"self":[{"href":"https:\/\/www.rom1961.com\/int_en\/wp-json\/wp\/v2\/pages\/23874","targetHints":{"allow":["GET"]}}],"collection":[{"href":"https:\/\/www.rom1961.com\/int_en\/wp-json\/wp\/v2\/pages"}],"about":[{"href":"https:\/\/www.rom1961.com\/int_en\/wp-json\/wp\/v2\/types\/page"}],"author":[{"embeddable":true,"href":"https:\/\/www.rom1961.com\/int_en\/wp-json\/wp\/v2\/users\/20"}],"replies":[{"embeddable":true,"href":"https:\/\/www.rom1961.com\/int_en\/wp-json\/wp\/v2\/comments?post=23874"}],"version-history":[{"count":0,"href":"https:\/\/www.rom1961.com\/int_en\/wp-json\/wp\/v2\/pages\/23874\/revisions"}],"wp:attachment":[{"href":"https:\/\/www.rom1961.com\/int_en\/wp-json\/wp\/v2\/media?parent=23874"}],"curies":[{"name":"wp","href":"https:\/\/api.w.org\/{rel}","templated":true}]}}