{"id":79122,"date":"2025-12-18T16:28:34","date_gmt":"2025-12-18T16:28:34","guid":{"rendered":"https:\/\/www.rom1961.com\/karriere\/stellenangebot-full-stack-software-entwickler-copy\/"},"modified":"2025-12-19T08:29:25","modified_gmt":"2025-12-19T08:29:25","slug":"stellenangebot-productdesign","status":"publish","type":"page","link":"https:\/\/www.rom1961.com\/fr\/karriere\/stellenangebot-productdesign\/","title":{"rendered":"Stellenangebot Produkt &#038; Design"},"content":{"rendered":"<p>[et_pb_section fb_built=\u00a0\u00bb1&Prime; fullwidth=\u00a0\u00bbon\u00a0\u00bb _builder_version=\u00a0\u00bb4.16&Prime; _module_preset=\u00a0\u00bbdefault\u00a0\u00bb global_colors_info=\u00a0\u00bb{}\u00a0\u00bb][et_pb_fullwidth_header title=\u00a0\u00bbKarriere bei ROM\u00a0\u00bb _builder_version=\u00a0\u00bb4.16&Prime; title_level=\u00a0\u00bbh3&Prime; title_font=\u00a0\u00bbMontserrat|300|||||||\u00a0\u00bb title_text_color=\u00a0\u00bb#E76634&Prime; title_font_size=\u00a0\u00bb40px\u00a0\u00bb background_image=\u00a0\u00bbhttps:\/\/www.rom1961.com\/wp-content\/uploads\/2021\/12\/HEADER-Jobs.jpg\u00a0\u00bb min_height=\u00a0\u00bb300px\u00a0\u00bb custom_margin=\u00a0\u00bb0px||||false|false\u00a0\u00bb custom_padding=\u00a0\u00bb150px||||false|false\u00a0\u00bb title_text_color_phone=\u00a0\u00bb#ffffff\u00a0\u00bb title_text_color_last_edited=\u00a0\u00bboff|phone\u00a0\u00bb background_last_edited=\u00a0\u00bbon|phone\u00a0\u00bb background_position_phone=\u00a0\u00bbcenter_left\u00a0\u00bb global_colors_info=\u00a0\u00bb{}\u00a0\u00bb][\/et_pb_fullwidth_header][\/et_pb_section][et_pb_section fb_built=\u00a0\u00bb1&Prime; _builder_version=\u00a0\u00bb4.16&Prime; _module_preset=\u00a0\u00bbdefault\u00a0\u00bb global_colors_info=\u00a0\u00bb{}\u00a0\u00bb][et_pb_row _builder_version=\u00a0\u00bb4.16&Prime; _dynamic_attributes=\u00a0\u00bblink_option_url\u00a0\u00bb _module_preset=\u00a0\u00bbdefault\u00a0\u00bb custom_padding=\u00a0\u00bb||8px|||\u00a0\u00bb link_option_url=\u00a0\u00bb@ET-DC@eyJkeW5hbWljIjp0cnVlLCJjb250ZW50IjoicG9zdF9saW5rX3VybF9wYWdlIiwic2V0dGluZ3MiOnsicG9zdF9pZCI6IjE4OTIwIn19@\u00a0\u00bb global_colors_info=\u00a0\u00bb{}\u00a0\u00bb][et_pb_column type=\u00a0\u00bb4_4&Prime; _builder_version=\u00a0\u00bb4.16&Prime; _module_preset=\u00a0\u00bbdefault\u00a0\u00bb global_colors_info=\u00a0\u00bb{}\u00a0\u00bb][et_pb_image src=\u00a0\u00bbhttps:\/\/www.rom1961.com\/wp-content\/uploads\/2021\/11\/Zuru\u0308ck-zur-Uebersicht.png\u00a0\u00bb title_text=\u00a0\u00bbZuru\u0308ck-zur-Uebersicht\u00a0\u00bb _builder_version=\u00a0\u00bb4.21.0&Prime; _module_preset=\u00a0\u00bbdefault\u00a0\u00bb width=\u00a0\u00bb15%\u00a0\u00bb width_tablet=\u00a0\u00bb20%\u00a0\u00bb width_phone=\u00a0\u00bb55%\u00a0\u00bb width_last_edited=\u00a0\u00bbon|phone\u00a0\u00bb hover_enabled=\u00a0\u00bb0&Prime; global_colors_info=\u00a0\u00bb{}\u00a0\u00bb sticky_enabled=\u00a0\u00bb0&Prime; locked=\u00a0\u00bboff\u00a0\u00bb][\/et_pb_image][\/et_pb_column][\/et_pb_row][et_pb_row _builder_version=\u00a0\u00bb4.16&Prime; _module_preset=\u00a0\u00bbdefault\u00a0\u00bb global_colors_info=\u00a0\u00bb{}\u00a0\u00bb][et_pb_column type=\u00a0\u00bb4_4&Prime; _builder_version=\u00a0\u00bb4.16&Prime; _module_preset=\u00a0\u00bbdefault\u00a0\u00bb global_colors_info=\u00a0\u00bb{}\u00a0\u00bb][et_pb_text _builder_version=\u00a0\u00bb4.27.4&Prime; _module_preset=\u00a0\u00bbdefault\u00a0\u00bb global_colors_info=\u00a0\u00bb{}\u00a0\u00bb]<\/p>\n<h1><span data-contrast=\"auto\" class=\"TextRun  BCX0 SCXW8535799\"><span class=\"NormalTextRun  BCX0 SCXW8535799\">Leiter Produkt &amp; Design*<\/span><\/span><\/h1>\n<p>[\/et_pb_text][et_pb_text _builder_version=\u00a0\u00bb4.27.4&Prime; _module_preset=\u00a0\u00bbdefault\u00a0\u00bb text_font=\u00a0\u00bbPoppins|300|||||||\u00a0\u00bb global_colors_info=\u00a0\u00bb{}\u00a0\u00bb]<\/p>\n<p><span>Der Leiter Produkt &amp; Design pr\u00e4gt die kreative Zukunft von ROM. Er verbindet Marktverst\u00e4ndnis, Designkompetenz und Wirtschaftlichkeit zu einem klaren, marken\u00fcbergreifenden Produktkonzept. <\/span><\/p>\n<p><span>Seine Mission wird es sein, aus Ideen marktf\u00e4hige Produkte zu machen, die die DNA von ROM widerspiegeln: ma\u00dfgefertigt, qualitativ hochwertig, digital erlebbar und emotional \u00fcberzeugend.<\/span><\/p>\n<p>[\/et_pb_text][et_pb_text disabled_on=\u00a0\u00bbon|on|on\u00a0\u00bb _builder_version=\u00a0\u00bb4.16&Prime; _module_preset=\u00a0\u00bbdefault\u00a0\u00bb text_font=\u00a0\u00bbPoppins|300|||||||\u00a0\u00bb disabled=\u00a0\u00bbon\u00a0\u00bb global_colors_info=\u00a0\u00bb{}\u00a0\u00bb]<\/p>\n<h4>Zu deinen Aufgaben z\u00e4hlen:<\/h4>\n<p>1. Die Gr\u00fcndung der Ausbildungsakademie \u00ab\u00a0SofAcademy\u00a0\u00bb. Du legst den Rahmen und die Struktur fest und entwickelst die richtigen Tools und Schulungsunterlagen. Du arbeitest mit deinen Kollegen aus den verschiedenen Abteilungen zusammen und stehst den Vertriebspartnern und ROM-Vertriebskollegen nahe.<\/p>\n<p>2. Du entwickelst unseren iROM 3D-M\u00f6belkonfigurator gemeinsam mit unseren IT-Kollegen weiter &#8211; ein unverzichtbares Instrument im Verkaufsprozess und Standard in der M\u00f6belindustrie. Dein Ziel ist es, den Verkauf unserer komplexen Produkte so einfach und unterhaltsam wie m\u00f6glich zu machen.<\/p>\n<p>[\/et_pb_text][et_pb_text ul_item_indent=\u00a0\u00bb40px\u00a0\u00bb ul_item_indent_tablet=\u00a0\u00bb\u00a0\u00bb ul_item_indent_phone=\u00a0\u00bb20px\u00a0\u00bb ul_item_indent_last_edited=\u00a0\u00bbon|phone\u00a0\u00bb _builder_version=\u00a0\u00bb4.27.4&Prime; _module_preset=\u00a0\u00bbdefault\u00a0\u00bb text_font=\u00a0\u00bbPoppins|300|||||||\u00a0\u00bb ul_font=\u00a0\u00bbPoppins|300|||||||\u00a0\u00bb ul_font_size=\u00a0\u00bb13px\u00a0\u00bb ul_line_height=\u00a0\u00bb2em\u00a0\u00bb ul_font_size_tablet=\u00a0\u00bb16px\u00a0\u00bb ul_font_size_phone=\u00a0\u00bb16px\u00a0\u00bb ul_font_size_last_edited=\u00a0\u00bbon|desktop\u00a0\u00bb global_colors_info=\u00a0\u00bb{}\u00a0\u00bb]<\/p>\n<h4>Hauptaufgaben nach der Einarbeitungsphase<\/h4>\n<ul>\n<li><span>Strategische Verantwortung f\u00fcr das gesamte Produktportfolio<\/span><\/li>\n<li><span>Entwicklung marktorientierter Produktstrategien <\/span><\/li>\n<li><span>Aufbau und Pflege eines kontinuierlichen Innovationsprozesses inkl. Trendanalysen und Marktforschung<\/span><\/li>\n<li><span>Leitung und Entwicklung des Design- und Produktmanagementteams \u2013 intern und extern <\/span><\/li>\n<li><span>Enge Zusammenarbeit mit Vertrieb, Marketing und Entwicklung<\/span><\/li>\n<li><span>Aktive Kommunikation mit Schl\u00fcsselkunden und Handelspartnern als glaubw\u00fcrdiger Markenbotschafter<\/span><\/li>\n<\/ul>\n<h4><\/h4>\n<h4>Profil<\/h4>\n<ul>\n<li><span>Studium in Produktdesign, Industriedesign oder vergleichbarer Fachrichtung<\/span><\/li>\n<li><span>Mindestens 10 Jahre Berufserfahrung im Design- oder Produktmanagement, idealerweise im Bereich M\u00f6bel, Polsterm\u00f6bel, Beleuchtung oder Home Interiors<\/span><\/li>\n<li><span>Erfahrung in der F\u00fchrung kreativer Teams und in der Steuerung komplexer Entwicklungsprozesse<\/span><\/li>\n<li><span>Starke Kommunikationsf\u00e4higkeit \u2013 \u00fcberzeugend, empathisch und verbindend<\/span><\/li>\n<li><span>Verst\u00e4ndnis f\u00fcr Produktionsprozesse, Materialien, Kostenstrukturen und Serienfertigung<\/span><\/li>\n<li><span>F\u00e4higkeit, kreative Ideen in wirtschaftlich realisierbare Produkte zu \u00fcbersetzen<\/span><\/li>\n<li><span>Sicherer Umgang mit digitalen Tools <\/span><\/li>\n<li><span>Sprachkenntnisse: Deutsch, Franz\u00f6sisch und Englisch verhandlungssicher<\/span><\/li>\n<\/ul>\n<h4><\/h4>\n<h4>Pers\u00f6nliche Eigenschaften<\/h4>\n<ul>\n<li><span>Strategisch denkend<\/span><\/li>\n<li><span>Kreativ, aber zugleich strukturiert und zielorientiert<\/span><\/li>\n<li><span>Entscheidungsstark<\/span><\/li>\n<li><span>Empathisch, vertrauensw\u00fcrdig und durchsetzungsf\u00e4hig<\/span><\/li>\n<li><span>Und vor allem: Begeistert von M\u00f6beln, Design, Marken und Menschen<\/span><\/li>\n<\/ul>\n<h4><\/h4>\n<h4>Rahmenbedingungen<\/h4>\n<ul>\n<li><span>Standort: Eupen, mit Reiset\u00e4tigkeit haupts\u00e4chlich nach Frankreich, Deutschland und Gro\u00dfbritannien <\/span><\/li>\n<li><span>Start: Sp\u00e4testens April 2026<\/span><\/li>\n<li><span>Attraktive Verg\u00fctung<\/span><\/li>\n<li><span>Perspektive: Schl\u00fcsselrolle im Managementteam, mit der M\u00f6glichkeit, die Zukunft der Marke ROM langfristig mitzugestalten<\/span><\/li>\n<li style=\"list-style-type: none;\">\n<ul><\/ul>\n<\/li>\n<\/ul>\n<p>[\/et_pb_text][et_pb_text ul_item_indent=\u00a0\u00bb40px\u00a0\u00bb ul_item_indent_tablet=\u00a0\u00bb\u00a0\u00bb ul_item_indent_phone=\u00a0\u00bb20px\u00a0\u00bb ul_item_indent_last_edited=\u00a0\u00bbon|phone\u00a0\u00bb _builder_version=\u00a0\u00bb4.27.4&Prime; _module_preset=\u00a0\u00bbdefault\u00a0\u00bb text_font=\u00a0\u00bbPoppins|300|||||||\u00a0\u00bb ul_font=\u00a0\u00bbPoppins|300|||||||\u00a0\u00bb ul_font_size=\u00a0\u00bb13px\u00a0\u00bb ul_line_height=\u00a0\u00bb2em\u00a0\u00bb custom_margin=\u00a0\u00bb-55px||||false|false\u00a0\u00bb ul_font_size_tablet=\u00a0\u00bb16px\u00a0\u00bb ul_font_size_phone=\u00a0\u00bb16px\u00a0\u00bb ul_font_size_last_edited=\u00a0\u00bbon|desktop\u00a0\u00bb global_colors_info=\u00a0\u00bb{}\u00a0\u00bb]<\/p>\n<p>&nbsp;<\/p>\n<h4>K\u00f6nnte das zu dir passen?<\/h4>\n<p>&nbsp;<\/p>\n<p>Dann schreibe an <a href=\"mailto:%20jobs@rom.be\">jobs@rom.be<\/a><\/p>\n<p>Nicht so ganz? Vielleicht kennst Du jemand, der Dir f\u00fcr einen Tipp dankbar w\u00e4re!<\/p>\n<p>Wir freuen uns auf Deine Bewerbung!<\/p>\n<p>&nbsp;<\/p>\n<p style=\"text-align: right\">* Herkunft und Geschlecht spielen keine Rolle.<\/p>\n<p>[\/et_pb_text][\/et_pb_column][\/et_pb_row][\/et_pb_section][et_pb_section fb_built=\u00a0\u00bb1&Prime; admin_label=\u00a0\u00bbFooter\u00a0\u00bb _builder_version=\u00a0\u00bb4.16&Prime; background_color=\u00a0\u00bb#9A8C80&Prime; custom_padding=\u00a0\u00bb60px||60px||true|false\u00a0\u00bb saved_tabs=\u00a0\u00bball\u00a0\u00bb global_colors_info=\u00a0\u00bb{}\u00a0\u00bb][et_pb_row column_structure=\u00a0\u00bb1_4,1_4,1_2&Prime; _builder_version=\u00a0\u00bb4.16&Prime; global_colors_info=\u00a0\u00bb{}\u00a0\u00bb][et_pb_column type=\u00a0\u00bb1_4&Prime; _builder_version=\u00a0\u00bb4.16&Prime; custom_padding=\u00a0\u00bb|||\u00a0\u00bb global_colors_info=\u00a0\u00bb{}\u00a0\u00bb custom_padding__hover=\u00a0\u00bb|||\u00a0\u00bb][et_pb_text _builder_version=\u00a0\u00bb4.16&Prime; header_font=\u00a0\u00bb||||||||\u00a0\u00bb header_4_font=\u00a0\u00bbRaleway|700|||||||\u00a0\u00bb header_4_text_color=\u00a0\u00bb#FFFFFF\u00a0\u00bb header_4_font_size=\u00a0\u00bb22px\u00a0\u00bb header_4_line_height=\u00a0\u00bb1.4em\u00a0\u00bb custom_margin=\u00a0\u00bb||10px|\u00a0\u00bb global_colors_info=\u00a0\u00bb{}\u00a0\u00bb]<\/p>\n<h4>Postanschrift<\/h4>\n<p>[\/et_pb_text][et_pb_text _builder_version=\u00a0\u00bb4.16&Prime; text_font=\u00a0\u00bbPoppins||||||||\u00a0\u00bb text_text_color=\u00a0\u00bb#FFFFFF\u00a0\u00bb text_line_height=\u00a0\u00bb1.6em\u00a0\u00bb global_colors_info=\u00a0\u00bb{}\u00a0\u00bb]<\/p>\n<p>ROM ag<\/p>\n<p>Industriestra\u00dfe 38<\/p>\n<p>4700 Eupen<\/p>\n<p>Belgien<\/p>\n<p>[\/et_pb_text][\/et_pb_column][et_pb_column type=\u00a0\u00bb1_4&Prime; _builder_version=\u00a0\u00bb4.16&Prime; custom_padding=\u00a0\u00bb|||\u00a0\u00bb global_colors_info=\u00a0\u00bb{}\u00a0\u00bb custom_padding__hover=\u00a0\u00bb|||\u00a0\u00bb][et_pb_text _builder_version=\u00a0\u00bb4.16&Prime; header_font=\u00a0\u00bb||||||||\u00a0\u00bb header_4_font=\u00a0\u00bbRaleway|700|||||||\u00a0\u00bb header_4_text_color=\u00a0\u00bb#FFFFFF\u00a0\u00bb header_4_font_size=\u00a0\u00bb22px\u00a0\u00bb header_4_line_height=\u00a0\u00bb1.4em\u00a0\u00bb custom_margin=\u00a0\u00bb||10px|\u00a0\u00bb global_colors_info=\u00a0\u00bb{}\u00a0\u00bb]<\/p>\n<h4>Melde dich:<\/h4>\n<p>[\/et_pb_text][et_pb_text ul_type=\u00a0\u00bbnone\u00a0\u00bb ul_item_indent=\u00a0\u00bb1px\u00a0\u00bb _builder_version=\u00a0\u00bb4.16&Prime; link_text_color=\u00a0\u00bb#FFFFFF\u00a0\u00bb ul_font=\u00a0\u00bbPoppins||||||||\u00a0\u00bb ul_font_size=\u00a0\u00bb16px\u00a0\u00bb ul_line_height=\u00a0\u00bb2em\u00a0\u00bb global_colors_info=\u00a0\u00bb{}\u00a0\u00bb]<\/p>\n<ul>\n<li><a href=\"mailto:%20jobs@rom.be\">jobs@rom.be<\/a><br \/><a href=\"tel:+3287595965\">+32 87 59 59 65<\/a><\/li>\n<\/ul>\n<p>[\/et_pb_text][\/et_pb_column][et_pb_column type=\u00a0\u00bb1_2&Prime; _builder_version=\u00a0\u00bb4.16&Prime; custom_padding=\u00a0\u00bb|||\u00a0\u00bb global_colors_info=\u00a0\u00bb{}\u00a0\u00bb custom_padding__hover=\u00a0\u00bb|||\u00a0\u00bb][et_pb_image src=\u00a0\u00bbhttps:\/\/www.rom1961.com\/wp-content\/uploads\/2021\/12\/ROM-Website-19.05.20160442-1.jpg\u00a0\u00bb alt=\u00a0\u00bbrom1961 Kontakt\u00a0\u00bb title_text=\u00a0\u00bbrom1961 Kontakt\u00a0\u00bb _builder_version=\u00a0\u00bb4.16&Prime; _module_preset=\u00a0\u00bbdefault\u00a0\u00bb global_colors_info=\u00a0\u00bb{}\u00a0\u00bb][\/et_pb_image][\/et_pb_column][\/et_pb_row][et_pb_row _builder_version=\u00a0\u00bb4.16&Prime; _dynamic_attributes=\u00a0\u00bblink_option_url\u00a0\u00bb _module_preset=\u00a0\u00bbdefault\u00a0\u00bb custom_padding=\u00a0\u00bb||8px|||\u00a0\u00bb link_option_url=\u00a0\u00bb@ET-DC@eyJkeW5hbWljIjp0cnVlLCJjb250ZW50IjoicG9zdF9saW5rX3VybF9wYWdlIiwic2V0dGluZ3MiOnsicG9zdF9pZCI6IjE4OTIwIn19@\u00a0\u00bb global_colors_info=\u00a0\u00bb{}\u00a0\u00bb][et_pb_column type=\u00a0\u00bb4_4&Prime; _builder_version=\u00a0\u00bb4.16&Prime; _module_preset=\u00a0\u00bbdefault\u00a0\u00bb global_colors_info=\u00a0\u00bb{}\u00a0\u00bb][et_pb_image src=\u00a0\u00bbhttps:\/\/www.rom1961.com\/wp-content\/uploads\/2021\/11\/Zur\u00fcck-zur-Uebersicht.png\u00a0\u00bb title_text=\u00a0\u00bbZur\u00fcck-zur-Uebersicht\u00a0\u00bb _builder_version=\u00a0\u00bb4.16&Prime; _module_preset=\u00a0\u00bbdefault\u00a0\u00bb width=\u00a0\u00bb15%\u00a0\u00bb width_tablet=\u00a0\u00bb20%\u00a0\u00bb width_phone=\u00a0\u00bb55%\u00a0\u00bb width_last_edited=\u00a0\u00bbon|phone\u00a0\u00bb global_colors_info=\u00a0\u00bb{}\u00a0\u00bb][\/et_pb_image][\/et_pb_column][\/et_pb_row][\/et_pb_section]<\/p>\n","protected":false},"excerpt":{"rendered":"<p>Leiter Produkt &amp; Design*Der Leiter Produkt &amp; Design pr\u00e4gt die kreative Zukunft von ROM. Er verbindet Marktverst\u00e4ndnis, Designkompetenz und Wirtschaftlichkeit zu einem klaren, marken\u00fcbergreifenden Produktkonzept. Seine Mission wird es sein, aus Ideen marktf\u00e4hige Produkte zu machen, die die DNA von ROM widerspiegeln: ma\u00dfgefertigt, qualitativ hochwertig, digital erlebbar und emotional \u00fcberzeugend.Zu deinen Aufgaben z\u00e4hlen: 1. Die [&hellip;]<\/p>\n","protected":false},"author":20,"featured_media":0,"parent":18920,"menu_order":0,"comment_status":"closed","ping_status":"closed","template":"","meta":{"_acf_changed":false,"_et_pb_use_builder":"on","_et_pb_old_content":"","_et_gb_content_width":"","inline_featured_image":false,"footnotes":""},"class_list":["post-79122","page","type-page","status-publish","hentry"],"acf":[],"_links":{"self":[{"href":"https:\/\/www.rom1961.com\/fr\/wp-json\/wp\/v2\/pages\/79122","targetHints":{"allow":["GET"]}}],"collection":[{"href":"https:\/\/www.rom1961.com\/fr\/wp-json\/wp\/v2\/pages"}],"about":[{"href":"https:\/\/www.rom1961.com\/fr\/wp-json\/wp\/v2\/types\/page"}],"author":[{"embeddable":true,"href":"https:\/\/www.rom1961.com\/fr\/wp-json\/wp\/v2\/users\/20"}],"replies":[{"embeddable":true,"href":"https:\/\/www.rom1961.com\/fr\/wp-json\/wp\/v2\/comments?post=79122"}],"version-history":[{"count":5,"href":"https:\/\/www.rom1961.com\/fr\/wp-json\/wp\/v2\/pages\/79122\/revisions"}],"predecessor-version":[{"id":79179,"href":"https:\/\/www.rom1961.com\/fr\/wp-json\/wp\/v2\/pages\/79122\/revisions\/79179"}],"up":[{"embeddable":true,"href":"https:\/\/www.rom1961.com\/fr\/wp-json\/wp\/v2\/pages\/18920"}],"wp:attachment":[{"href":"https:\/\/www.rom1961.com\/fr\/wp-json\/wp\/v2\/media?parent=79122"}],"curies":[{"name":"wp","href":"https:\/\/api.w.org\/{rel}","templated":true}]}}