{"id":79122,"date":"2025-12-18T16:28:34","date_gmt":"2025-12-18T16:28:34","guid":{"rendered":"https:\/\/www.rom1961.com\/karriere\/stellenangebot-full-stack-software-entwickler-copy\/"},"modified":"2025-12-19T08:29:25","modified_gmt":"2025-12-19T08:29:25","slug":"stellenangebot-productdesign","status":"publish","type":"page","link":"https:\/\/www.rom1961.com\/en\/karriere\/stellenangebot-productdesign\/","title":{"rendered":"Stellenangebot Produkt &#038; Design"},"content":{"rendered":"<p>[et_pb_section fb_built=&#8221;1&#8243; fullwidth=&#8221;on&#8221; _builder_version=&#8221;4.16&#8243; _module_preset=&#8221;default&#8221; global_colors_info=&#8221;{}&#8221;][et_pb_fullwidth_header title=&#8221;Karriere bei ROM&#8221; _builder_version=&#8221;4.16&#8243; title_level=&#8221;h3&#8243; title_font=&#8221;Montserrat|300|||||||&#8221; title_text_color=&#8221;#E76634&#8243; title_font_size=&#8221;40px&#8221; background_image=&#8221;https:\/\/www.rom1961.com\/wp-content\/uploads\/2021\/12\/HEADER-Jobs.jpg&#8221; min_height=&#8221;300px&#8221; custom_margin=&#8221;0px||||false|false&#8221; custom_padding=&#8221;150px||||false|false&#8221; title_text_color_phone=&#8221;#ffffff&#8221; title_text_color_last_edited=&#8221;off|phone&#8221; background_last_edited=&#8221;on|phone&#8221; background_position_phone=&#8221;center_left&#8221; global_colors_info=&#8221;{}&#8221;][\/et_pb_fullwidth_header][\/et_pb_section][et_pb_section fb_built=&#8221;1&#8243; _builder_version=&#8221;4.16&#8243; _module_preset=&#8221;default&#8221; global_colors_info=&#8221;{}&#8221;][et_pb_row _builder_version=&#8221;4.16&#8243; _dynamic_attributes=&#8221;link_option_url&#8221; _module_preset=&#8221;default&#8221; custom_padding=&#8221;||8px|||&#8221; link_option_url=&#8221;@ET-DC@eyJkeW5hbWljIjp0cnVlLCJjb250ZW50IjoicG9zdF9saW5rX3VybF9wYWdlIiwic2V0dGluZ3MiOnsicG9zdF9pZCI6IjE4OTIwIn19@&#8221; global_colors_info=&#8221;{}&#8221;][et_pb_column type=&#8221;4_4&#8243; _builder_version=&#8221;4.16&#8243; _module_preset=&#8221;default&#8221; global_colors_info=&#8221;{}&#8221;][et_pb_image src=&#8221;https:\/\/www.rom1961.com\/wp-content\/uploads\/2021\/11\/Zuru\u0308ck-zur-Uebersicht.png&#8221; title_text=&#8221;Zuru\u0308ck-zur-Uebersicht&#8221; _builder_version=&#8221;4.21.0&#8243; _module_preset=&#8221;default&#8221; width=&#8221;15%&#8221; width_tablet=&#8221;20%&#8221; width_phone=&#8221;55%&#8221; width_last_edited=&#8221;on|phone&#8221; hover_enabled=&#8221;0&#8243; global_colors_info=&#8221;{}&#8221; sticky_enabled=&#8221;0&#8243; locked=&#8221;off&#8221;][\/et_pb_image][\/et_pb_column][\/et_pb_row][et_pb_row _builder_version=&#8221;4.16&#8243; _module_preset=&#8221;default&#8221; global_colors_info=&#8221;{}&#8221;][et_pb_column type=&#8221;4_4&#8243; _builder_version=&#8221;4.16&#8243; _module_preset=&#8221;default&#8221; global_colors_info=&#8221;{}&#8221;][et_pb_text _builder_version=&#8221;4.27.4&#8243; _module_preset=&#8221;default&#8221; global_colors_info=&#8221;{}&#8221;]<\/p>\n<h1><span data-contrast=\"auto\" class=\"TextRun  BCX0 SCXW8535799\"><span class=\"NormalTextRun  BCX0 SCXW8535799\">Leiter Produkt &amp; Design*<\/span><\/span><\/h1>\n<p>[\/et_pb_text][et_pb_text _builder_version=&#8221;4.27.4&#8243; _module_preset=&#8221;default&#8221; text_font=&#8221;Poppins|300|||||||&#8221; global_colors_info=&#8221;{}&#8221;]<\/p>\n<p><span>Der Leiter Produkt &amp; Design pr\u00e4gt die kreative Zukunft von ROM. Er verbindet Marktverst\u00e4ndnis, Designkompetenz und Wirtschaftlichkeit zu einem klaren, marken\u00fcbergreifenden Produktkonzept. <\/span><\/p>\n<p><span>Seine Mission wird es sein, aus Ideen marktf\u00e4hige Produkte zu machen, die die DNA von ROM widerspiegeln: ma\u00dfgefertigt, qualitativ hochwertig, digital erlebbar und emotional \u00fcberzeugend.<\/span><\/p>\n<p>[\/et_pb_text][et_pb_text disabled_on=&#8221;on|on|on&#8221; _builder_version=&#8221;4.16&#8243; _module_preset=&#8221;default&#8221; text_font=&#8221;Poppins|300|||||||&#8221; disabled=&#8221;on&#8221; global_colors_info=&#8221;{}&#8221;]<\/p>\n<h4>Zu deinen Aufgaben z\u00e4hlen:<\/h4>\n<p>1. Die Gr\u00fcndung der Ausbildungsakademie &#8220;SofAcademy&#8221;. Du legst den Rahmen und die Struktur fest und entwickelst die richtigen Tools und Schulungsunterlagen. Du arbeitest mit deinen Kollegen aus den verschiedenen Abteilungen zusammen und stehst den Vertriebspartnern und ROM-Vertriebskollegen nahe.<\/p>\n<p>2. Du entwickelst unseren iROM 3D-M\u00f6belkonfigurator gemeinsam mit unseren IT-Kollegen weiter &#8211; ein unverzichtbares Instrument im Verkaufsprozess und Standard in der M\u00f6belindustrie. Dein Ziel ist es, den Verkauf unserer komplexen Produkte so einfach und unterhaltsam wie m\u00f6glich zu machen.<\/p>\n<p>[\/et_pb_text][et_pb_text ul_item_indent=&#8221;40px&#8221; ul_item_indent_tablet=&#8221;&#8221; ul_item_indent_phone=&#8221;20px&#8221; ul_item_indent_last_edited=&#8221;on|phone&#8221; _builder_version=&#8221;4.27.4&#8243; _module_preset=&#8221;default&#8221; text_font=&#8221;Poppins|300|||||||&#8221; ul_font=&#8221;Poppins|300|||||||&#8221; ul_font_size=&#8221;13px&#8221; ul_line_height=&#8221;2em&#8221; ul_font_size_tablet=&#8221;16px&#8221; ul_font_size_phone=&#8221;16px&#8221; ul_font_size_last_edited=&#8221;on|desktop&#8221; global_colors_info=&#8221;{}&#8221;]<\/p>\n<h4>Hauptaufgaben nach der Einarbeitungsphase<\/h4>\n<ul>\n<li><span>Strategische Verantwortung f\u00fcr das gesamte Produktportfolio<\/span><\/li>\n<li><span>Entwicklung marktorientierter Produktstrategien <\/span><\/li>\n<li><span>Aufbau und Pflege eines kontinuierlichen Innovationsprozesses inkl. Trendanalysen und Marktforschung<\/span><\/li>\n<li><span>Leitung und Entwicklung des Design- und Produktmanagementteams \u2013 intern und extern <\/span><\/li>\n<li><span>Enge Zusammenarbeit mit Vertrieb, Marketing und Entwicklung<\/span><\/li>\n<li><span>Aktive Kommunikation mit Schl\u00fcsselkunden und Handelspartnern als glaubw\u00fcrdiger Markenbotschafter<\/span><\/li>\n<\/ul>\n<h4><\/h4>\n<h4>Profil<\/h4>\n<ul>\n<li><span>Studium in Produktdesign, Industriedesign oder vergleichbarer Fachrichtung<\/span><\/li>\n<li><span>Mindestens 10 Jahre Berufserfahrung im Design- oder Produktmanagement, idealerweise im Bereich M\u00f6bel, Polsterm\u00f6bel, Beleuchtung oder Home Interiors<\/span><\/li>\n<li><span>Erfahrung in der F\u00fchrung kreativer Teams und in der Steuerung komplexer Entwicklungsprozesse<\/span><\/li>\n<li><span>Starke Kommunikationsf\u00e4higkeit \u2013 \u00fcberzeugend, empathisch und verbindend<\/span><\/li>\n<li><span>Verst\u00e4ndnis f\u00fcr Produktionsprozesse, Materialien, Kostenstrukturen und Serienfertigung<\/span><\/li>\n<li><span>F\u00e4higkeit, kreative Ideen in wirtschaftlich realisierbare Produkte zu \u00fcbersetzen<\/span><\/li>\n<li><span>Sicherer Umgang mit digitalen Tools <\/span><\/li>\n<li><span>Sprachkenntnisse: Deutsch, Franz\u00f6sisch und Englisch verhandlungssicher<\/span><\/li>\n<\/ul>\n<h4><\/h4>\n<h4>Pers\u00f6nliche Eigenschaften<\/h4>\n<ul>\n<li><span>Strategisch denkend<\/span><\/li>\n<li><span>Kreativ, aber zugleich strukturiert und zielorientiert<\/span><\/li>\n<li><span>Entscheidungsstark<\/span><\/li>\n<li><span>Empathisch, vertrauensw\u00fcrdig und durchsetzungsf\u00e4hig<\/span><\/li>\n<li><span>Und vor allem: Begeistert von M\u00f6beln, Design, Marken und Menschen<\/span><\/li>\n<\/ul>\n<h4><\/h4>\n<h4>Rahmenbedingungen<\/h4>\n<ul>\n<li><span>Standort: Eupen, mit Reiset\u00e4tigkeit haupts\u00e4chlich nach Frankreich, Deutschland und Gro\u00dfbritannien <\/span><\/li>\n<li><span>Start: Sp\u00e4testens April 2026<\/span><\/li>\n<li><span>Attraktive Verg\u00fctung<\/span><\/li>\n<li><span>Perspektive: Schl\u00fcsselrolle im Managementteam, mit der M\u00f6glichkeit, die Zukunft der Marke ROM langfristig mitzugestalten<\/span><\/li>\n<li style=\"list-style-type: none;\">\n<ul><\/ul>\n<\/li>\n<\/ul>\n<p>[\/et_pb_text][et_pb_text ul_item_indent=&#8221;40px&#8221; ul_item_indent_tablet=&#8221;&#8221; ul_item_indent_phone=&#8221;20px&#8221; ul_item_indent_last_edited=&#8221;on|phone&#8221; _builder_version=&#8221;4.27.4&#8243; _module_preset=&#8221;default&#8221; text_font=&#8221;Poppins|300|||||||&#8221; ul_font=&#8221;Poppins|300|||||||&#8221; ul_font_size=&#8221;13px&#8221; ul_line_height=&#8221;2em&#8221; custom_margin=&#8221;-55px||||false|false&#8221; ul_font_size_tablet=&#8221;16px&#8221; ul_font_size_phone=&#8221;16px&#8221; ul_font_size_last_edited=&#8221;on|desktop&#8221; global_colors_info=&#8221;{}&#8221;]<\/p>\n<p>&nbsp;<\/p>\n<h4>K\u00f6nnte das zu dir passen?<\/h4>\n<p>&nbsp;<\/p>\n<p>Dann schreibe an <a href=\"mailto:%20jobs@rom.be\">jobs@rom.be<\/a><\/p>\n<p>Nicht so ganz? Vielleicht kennst Du jemand, der Dir f\u00fcr einen Tipp dankbar w\u00e4re!<\/p>\n<p>Wir freuen uns auf Deine Bewerbung!<\/p>\n<p>&nbsp;<\/p>\n<p style=\"text-align: right\">* Herkunft und Geschlecht spielen keine Rolle.<\/p>\n<p>[\/et_pb_text][\/et_pb_column][\/et_pb_row][\/et_pb_section][et_pb_section fb_built=&#8221;1&#8243; admin_label=&#8221;Footer&#8221; _builder_version=&#8221;4.16&#8243; background_color=&#8221;#9A8C80&#8243; custom_padding=&#8221;60px||60px||true|false&#8221; saved_tabs=&#8221;all&#8221; global_colors_info=&#8221;{}&#8221;][et_pb_row column_structure=&#8221;1_4,1_4,1_2&#8243; _builder_version=&#8221;4.16&#8243; global_colors_info=&#8221;{}&#8221;][et_pb_column type=&#8221;1_4&#8243; _builder_version=&#8221;4.16&#8243; custom_padding=&#8221;|||&#8221; global_colors_info=&#8221;{}&#8221; custom_padding__hover=&#8221;|||&#8221;][et_pb_text _builder_version=&#8221;4.16&#8243; header_font=&#8221;||||||||&#8221; header_4_font=&#8221;Raleway|700|||||||&#8221; header_4_text_color=&#8221;#FFFFFF&#8221; header_4_font_size=&#8221;22px&#8221; header_4_line_height=&#8221;1.4em&#8221; custom_margin=&#8221;||10px|&#8221; global_colors_info=&#8221;{}&#8221;]<\/p>\n<h4>Postanschrift<\/h4>\n<p>[\/et_pb_text][et_pb_text _builder_version=&#8221;4.16&#8243; text_font=&#8221;Poppins||||||||&#8221; text_text_color=&#8221;#FFFFFF&#8221; text_line_height=&#8221;1.6em&#8221; global_colors_info=&#8221;{}&#8221;]<\/p>\n<p>ROM ag<\/p>\n<p>Industriestra\u00dfe 38<\/p>\n<p>4700 Eupen<\/p>\n<p>Belgien<\/p>\n<p>[\/et_pb_text][\/et_pb_column][et_pb_column type=&#8221;1_4&#8243; _builder_version=&#8221;4.16&#8243; custom_padding=&#8221;|||&#8221; global_colors_info=&#8221;{}&#8221; custom_padding__hover=&#8221;|||&#8221;][et_pb_text _builder_version=&#8221;4.16&#8243; header_font=&#8221;||||||||&#8221; header_4_font=&#8221;Raleway|700|||||||&#8221; header_4_text_color=&#8221;#FFFFFF&#8221; header_4_font_size=&#8221;22px&#8221; header_4_line_height=&#8221;1.4em&#8221; custom_margin=&#8221;||10px|&#8221; global_colors_info=&#8221;{}&#8221;]<\/p>\n<h4>Melde dich:<\/h4>\n<p>[\/et_pb_text][et_pb_text ul_type=&#8221;none&#8221; ul_item_indent=&#8221;1px&#8221; _builder_version=&#8221;4.16&#8243; link_text_color=&#8221;#FFFFFF&#8221; ul_font=&#8221;Poppins||||||||&#8221; ul_font_size=&#8221;16px&#8221; ul_line_height=&#8221;2em&#8221; global_colors_info=&#8221;{}&#8221;]<\/p>\n<ul>\n<li><a href=\"mailto:%20jobs@rom.be\">jobs@rom.be<\/a><br \/><a href=\"tel:+3287595965\">+32 87 59 59 65<\/a><\/li>\n<\/ul>\n<p>[\/et_pb_text][\/et_pb_column][et_pb_column type=&#8221;1_2&#8243; _builder_version=&#8221;4.16&#8243; custom_padding=&#8221;|||&#8221; global_colors_info=&#8221;{}&#8221; custom_padding__hover=&#8221;|||&#8221;][et_pb_image src=&#8221;https:\/\/www.rom1961.com\/wp-content\/uploads\/2021\/12\/ROM-Website-19.05.20160442-1.jpg&#8221; alt=&#8221;rom1961 Kontakt&#8221; title_text=&#8221;rom1961 Kontakt&#8221; _builder_version=&#8221;4.16&#8243; _module_preset=&#8221;default&#8221; global_colors_info=&#8221;{}&#8221;][\/et_pb_image][\/et_pb_column][\/et_pb_row][et_pb_row _builder_version=&#8221;4.16&#8243; _dynamic_attributes=&#8221;link_option_url&#8221; _module_preset=&#8221;default&#8221; custom_padding=&#8221;||8px|||&#8221; link_option_url=&#8221;@ET-DC@eyJkeW5hbWljIjp0cnVlLCJjb250ZW50IjoicG9zdF9saW5rX3VybF9wYWdlIiwic2V0dGluZ3MiOnsicG9zdF9pZCI6IjE4OTIwIn19@&#8221; global_colors_info=&#8221;{}&#8221;][et_pb_column type=&#8221;4_4&#8243; _builder_version=&#8221;4.16&#8243; _module_preset=&#8221;default&#8221; global_colors_info=&#8221;{}&#8221;][et_pb_image src=&#8221;https:\/\/www.rom1961.com\/wp-content\/uploads\/2021\/11\/Zur\u00fcck-zur-Uebersicht.png&#8221; title_text=&#8221;Zur\u00fcck-zur-Uebersicht&#8221; _builder_version=&#8221;4.16&#8243; _module_preset=&#8221;default&#8221; width=&#8221;15%&#8221; width_tablet=&#8221;20%&#8221; width_phone=&#8221;55%&#8221; width_last_edited=&#8221;on|phone&#8221; global_colors_info=&#8221;{}&#8221;][\/et_pb_image][\/et_pb_column][\/et_pb_row][\/et_pb_section]<\/p>\n","protected":false},"excerpt":{"rendered":"<p>Leiter Produkt &amp; Design*Der Leiter Produkt &amp; Design pr\u00e4gt die kreative Zukunft von ROM. Er verbindet Marktverst\u00e4ndnis, Designkompetenz und Wirtschaftlichkeit zu einem klaren, marken\u00fcbergreifenden Produktkonzept. Seine Mission wird es sein, aus Ideen marktf\u00e4hige Produkte zu machen, die die DNA von ROM widerspiegeln: ma\u00dfgefertigt, qualitativ hochwertig, digital erlebbar und emotional \u00fcberzeugend.Zu deinen Aufgaben z\u00e4hlen: 1. Die [&hellip;]<\/p>\n","protected":false},"author":20,"featured_media":0,"parent":18920,"menu_order":0,"comment_status":"closed","ping_status":"closed","template":"","meta":{"_acf_changed":false,"_et_pb_use_builder":"on","_et_pb_old_content":"","_et_gb_content_width":"","inline_featured_image":false,"footnotes":""},"class_list":["post-79122","page","type-page","status-publish","hentry"],"acf":[],"_links":{"self":[{"href":"https:\/\/www.rom1961.com\/en\/wp-json\/wp\/v2\/pages\/79122","targetHints":{"allow":["GET"]}}],"collection":[{"href":"https:\/\/www.rom1961.com\/en\/wp-json\/wp\/v2\/pages"}],"about":[{"href":"https:\/\/www.rom1961.com\/en\/wp-json\/wp\/v2\/types\/page"}],"author":[{"embeddable":true,"href":"https:\/\/www.rom1961.com\/en\/wp-json\/wp\/v2\/users\/20"}],"replies":[{"embeddable":true,"href":"https:\/\/www.rom1961.com\/en\/wp-json\/wp\/v2\/comments?post=79122"}],"version-history":[{"count":5,"href":"https:\/\/www.rom1961.com\/en\/wp-json\/wp\/v2\/pages\/79122\/revisions"}],"predecessor-version":[{"id":79179,"href":"https:\/\/www.rom1961.com\/en\/wp-json\/wp\/v2\/pages\/79122\/revisions\/79179"}],"up":[{"embeddable":true,"href":"https:\/\/www.rom1961.com\/en\/wp-json\/wp\/v2\/pages\/18920"}],"wp:attachment":[{"href":"https:\/\/www.rom1961.com\/en\/wp-json\/wp\/v2\/media?parent=79122"}],"curies":[{"name":"wp","href":"https:\/\/api.w.org\/{rel}","templated":true}]}}