{"id":26339,"date":"2020-09-16T08:20:33","date_gmt":"2020-09-16T08:20:33","guid":{"rendered":"https:\/\/www.rom1961.com\/impressum\/"},"modified":"2025-07-22T07:30:24","modified_gmt":"2025-07-22T07:30:24","slug":"impressum","status":"publish","type":"page","link":"https:\/\/www.rom1961.com\/ch_fr\/impressum\/","title":{"rendered":"Mentions l\u00e9gales"},"content":{"rendered":"<p>[et_pb_section fb_built=&#8221;1&#8243; _builder_version=&#8221;4.16&#8243; _module_preset=&#8221;default&#8221; global_colors_info=&#8221;{}&#8221;][et_pb_row _builder_version=&#8221;4.16&#8243; _module_preset=&#8221;default&#8221; global_colors_info=&#8221;{}&#8221;][et_pb_column type=&#8221;4_4&#8243; _builder_version=&#8221;4.16&#8243; _module_preset=&#8221;default&#8221; global_colors_info=&#8221;{}&#8221;][et_pb_text _builder_version=&#8221;4.16&#8243; _module_preset=&#8221;default&#8221; global_colors_info=&#8221;{}&#8221;]<\/p>\n<h1 style=\"color: #E76634\">Mentions l\u00e9gales<\/h1>\n<p>[\/et_pb_text][et_pb_text _builder_version=&#8221;4.27.4&#8243; _module_preset=&#8221;default&#8221; text_font=&#8221;Poppins|300|||||||&#8221; hover_enabled=&#8221;0&#8243; global_colors_info=&#8221;{}&#8221; sticky_enabled=&#8221;0&#8243;]<\/p>\n<p><b>ROM ag<\/b><\/p>\n<p>Rue de l&#8217;industrie 38<br \/>4700 Eupen<br \/>Belgique<br \/>T\u00e9l.: +32 87 59 59 59<br \/><a mailto:=\"\" info=\"\" rom1961=\"\" com=\"\">info@rom1961.com<\/a><a><br \/><b>G\u00e9rant<\/b><br \/>Paul Rom<\/a><\/p>\n<p><b>VAT-ID<\/b><br \/>BE 0441 826 783<\/p>\n<p><strong data-start=\"35\" data-end=\"59\">Hotline du service :<\/strong><br data-start=\"59\" data-end=\"62\" \/>Lun &#8211; Ven de 8h00 \u00e0 12h30 et de 13h00 \u00e0 16h30<br data-start=\"107\" data-end=\"110\" \/>(sauf jours f\u00e9ri\u00e9s)<\/p>\n<p>[\/et_pb_text][\/et_pb_column][\/et_pb_row][\/et_pb_section]<\/p>\n","protected":false},"excerpt":{"rendered":"<p>Mentions l\u00e9galesROM ag Rue de l&#8217;industrie 384700 EupenBelgiqueT\u00e9l.: +32 87 59 59 59info@rom1961.comG\u00e9rantPaul Rom VAT-IDBE 0441 826 783 Hotline du service :Lun &#8211; Ven de 8h00 \u00e0 12h30 et de 13h00 \u00e0 16h30(sauf jours f\u00e9ri\u00e9s)<\/p>\n","protected":false},"author":1,"featured_media":0,"parent":0,"menu_order":0,"comment_status":"closed","ping_status":"closed","template":"","meta":{"_acf_changed":false,"_et_pb_use_builder":"on","_et_pb_old_content":"[gzd_complaints]","_et_gb_content_width":"","inline_featured_image":false,"footnotes":""},"class_list":["post-26339","page","type-page","status-publish","hentry"],"acf":[],"_links":{"self":[{"href":"https:\/\/www.rom1961.com\/ch_fr\/wp-json\/wp\/v2\/pages\/26339","targetHints":{"allow":["GET"]}}],"collection":[{"href":"https:\/\/www.rom1961.com\/ch_fr\/wp-json\/wp\/v2\/pages"}],"about":[{"href":"https:\/\/www.rom1961.com\/ch_fr\/wp-json\/wp\/v2\/types\/page"}],"author":[{"embeddable":true,"href":"https:\/\/www.rom1961.com\/ch_fr\/wp-json\/wp\/v2\/users\/1"}],"replies":[{"embeddable":true,"href":"https:\/\/www.rom1961.com\/ch_fr\/wp-json\/wp\/v2\/comments?post=26339"}],"version-history":[{"count":1,"href":"https:\/\/www.rom1961.com\/ch_fr\/wp-json\/wp\/v2\/pages\/26339\/revisions"}],"predecessor-version":[{"id":78658,"href":"https:\/\/www.rom1961.com\/ch_fr\/wp-json\/wp\/v2\/pages\/26339\/revisions\/78658"}],"wp:attachment":[{"href":"https:\/\/www.rom1961.com\/ch_fr\/wp-json\/wp\/v2\/media?parent=26339"}],"curies":[{"name":"wp","href":"https:\/\/api.w.org\/{rel}","templated":true}]}}