{"id":23865,"date":"2020-10-05T08:22:29","date_gmt":"2020-10-05T08:22:29","guid":{"rendered":"https:\/\/www.rom1961.com\/fabricant-de-canapes\/"},"modified":"2023-07-13T12:36:07","modified_gmt":"2023-07-13T12:36:07","slug":"fabricant-de-canapes","status":"publish","type":"page","link":"https:\/\/www.rom1961.com\/ch_fr\/fabricant-de-canapes\/","title":{"rendered":"\u00c0 propos de nous"},"content":{"rendered":"<p>[et_pb_section fb_built=&#8221;1&#8243; fullwidth=&#8221;on&#8221; _builder_version=&#8221;4.5.3&#8243; _module_preset=&#8221;default&#8221; global_colors_info=&#8221;{}&#8221;][et_pb_fullwidth_header title=&#8221;Fabricant de canap\u00e9S depuis 1961&#8243; _builder_version=&#8221;4.7.7&#8243; title_level=&#8221;h3&#8243; title_font=&#8221;Montserrat|300||on|||||&#8221; title_font_size=&#8221;40px&#8221; background_image=&#8221;https:\/\/static.rom1961.com\/wp-content\/uploads\/2020\/10\/3D-Wall-Logo-MockUp-1.jpg&#8221; background_position=&#8221;center_left&#8221; min_height=&#8221;300px&#8221; custom_margin=&#8221;0px||||false|false&#8221; custom_padding=&#8221;150px||||false|false&#8221; global_colors_info=&#8221;{}&#8221;][\/et_pb_fullwidth_header][\/et_pb_section][et_pb_section fb_built=&#8221;1&#8243; _builder_version=&#8221;4.5.3&#8243; _module_preset=&#8221;default&#8221; background_color=&#8221;#f2f2f2&#8243; global_colors_info=&#8221;{}&#8221;][et_pb_row column_structure=&#8221;1_2,1_2&#8243; _builder_version=&#8221;4.5.3&#8243; _module_preset=&#8221;default&#8221; global_colors_info=&#8221;{}&#8221;][et_pb_column type=&#8221;1_2&#8243; _builder_version=&#8221;4.5.3&#8243; _module_preset=&#8221;default&#8221; global_colors_info=&#8221;{}&#8221;][et_pb_image src=&#8221;https:\/\/static.rom1961.com\/wp-content\/uploads\/2020\/10\/1Bild-u\u0308ber-uns.jpg&#8221; alt=&#8221;Leidenschaft Sofa&#8221; title_text=&#8221;Leidenschaft Sofa&#8221; _builder_version=&#8221;4.6.3&#8243; _module_preset=&#8221;default&#8221; global_colors_info=&#8221;{}&#8221;][\/et_pb_image][\/et_pb_column][et_pb_column type=&#8221;1_2&#8243; _builder_version=&#8221;4.5.3&#8243; _module_preset=&#8221;default&#8221; global_colors_info=&#8221;{}&#8221;][et_pb_text _builder_version=&#8221;4.6.3&#8243; _module_preset=&#8221;default&#8221; custom_margin=&#8221;-23px||||false|false&#8221; global_colors_info=&#8221;{}&#8221;]<\/p>\n<h1 style=\"color: #e76634;\">la passion du canap\u00e9<\/h1>\n<p>[\/et_pb_text][et_pb_text _builder_version=&#8221;4.6.3&#8243; _module_preset=&#8221;default&#8221; text_font=&#8221;Poppins|300|||||||&#8221; global_colors_info=&#8221;{}&#8221;]<\/p>\n<p>Lorsqu\u2019un canap\u00e9 offre en toute situation un espace convivial et le confort d\u00e9sir\u00e9, il devient alors le c\u0153ur m\u00eame du foyer. Un endroit o\u00f9 la famille et les amis se retrouvent pour partager leurs plus beaux moments.<br \/>Nous nous sommes vou\u00e9s \u00e0 la r\u00e9alisation de cette id\u00e9e et nous l\u2019appliquons avec passion chez chacun de nos clients.<\/p>\n<p>[\/et_pb_text][\/et_pb_column][\/et_pb_row][\/et_pb_section][et_pb_section fb_built=&#8221;1&#8243; _builder_version=&#8221;4.5.3&#8243; _module_preset=&#8221;default&#8221; custom_padding=&#8221;50px||2px|||&#8221; global_colors_info=&#8221;{}&#8221;][et_pb_row column_structure=&#8221;1_2,1_2&#8243; _builder_version=&#8221;4.5.3&#8243; _module_preset=&#8221;default&#8221; custom_padding=&#8221;||0px|||&#8221; global_colors_info=&#8221;{}&#8221;][et_pb_column type=&#8221;1_2&#8243; _builder_version=&#8221;4.5.3&#8243; _module_preset=&#8221;default&#8221; global_colors_info=&#8221;{}&#8221;][et_pb_text _builder_version=&#8221;4.6.3&#8243; text_text_color=&#8221;#e76634&#8243; header_6_text_color=&#8221;#e76634&#8243; custom_margin=&#8221;||0px||false|false&#8221; custom_padding=&#8221;10px||||false|false&#8221; custom_padding_tablet=&#8221;&#8221; custom_padding_phone=&#8221;&#8221; custom_padding_last_edited=&#8221;on|phone&#8221; global_colors_info=&#8221;{}&#8221;]<\/p>\n<h6>Tradition familiale<\/h6>\n<p>[\/et_pb_text][et_pb_text _builder_version=&#8221;4.6.3&#8243; _module_preset=&#8221;default&#8221; global_colors_info=&#8221;{}&#8221;]<\/p>\n<h2>Fabricant de canap\u00e9s belge depuis 1961<\/h2>\n<p>[\/et_pb_text][et_pb_text _builder_version=&#8221;4.6.3&#8243; _module_preset=&#8221;default&#8221; text_font=&#8221;Poppins|300|||||||&#8221; global_colors_info=&#8221;{}&#8221;]<\/p>\n<p>Depuis 60 ans, notre passion est la cr\u00e9ation de canap\u00e9s.<\/p>\n<p>Tr\u00e8s pointilleux dans notre travail, nous r\u00e9fl\u00e9chissons jour apr\u00e8s jour \u00e0 la valeur ajout\u00e9e de nos produits et am\u00e9liorons encore et toujours les solutions que nous proposons.<\/p>\n<p>Nous offrons ainsi des canap\u00e9s de la derni\u00e8re g\u00e9n\u00e9ration \u2013 le point de rencontre id\u00e9al dans votre salon.<\/p>\n<p>ROM1961 &#8211; Des canap\u00e9s pour des moments de pur bonheur.<\/p>\n<p>&nbsp;<\/p>\n<p>[\/et_pb_text][\/et_pb_column][et_pb_column type=&#8221;1_2&#8243; _builder_version=&#8221;4.5.3&#8243; _module_preset=&#8221;default&#8221; global_colors_info=&#8221;{}&#8221;][et_pb_image src=&#8221;https:\/\/static.rom1961.com\/wp-content\/uploads\/2020\/10\/2erGruppe.jpg&#8221; alt=&#8221;Erster Sessel \u2013 Firmenschild vor 60 Jahren&#8221; title_text=&#8221;Erster Sessel \u2013 Firmenschild vor 60 Jahren&#8221; _builder_version=&#8221;4.6.3&#8243; _module_preset=&#8221;default&#8221; custom_margin=&#8221;||20px||false|false&#8221; global_colors_info=&#8221;{}&#8221;][\/et_pb_image][\/et_pb_column][\/et_pb_row][et_pb_row use_custom_gutter=&#8221;on&#8221; gutter_width=&#8221;1&#8243; _builder_version=&#8221;4.6.3&#8243; _module_preset=&#8221;default&#8221; global_colors_info=&#8221;{}&#8221;][et_pb_column type=&#8221;4_4&#8243; _builder_version=&#8221;4.6.3&#8243; _module_preset=&#8221;default&#8221; global_colors_info=&#8221;{}&#8221;][et_pb_gallery gallery_ids=&#8221;8393,8389,8385,8381,8373,8369,8365,8361&#8243; gallery_orderby=&#8221;rand&#8221; posts_number=&#8221;12&#8243; show_title_and_caption=&#8221;off&#8221; show_pagination=&#8221;off&#8221; _builder_version=&#8221;4.6.3&#8243; _module_preset=&#8221;default&#8221; title_font=&#8221;Poppins|300|||||||&#8221; title_font_size=&#8221;9px&#8221; caption_font=&#8221;Poppins|300|||||||&#8221; caption_text_align=&#8221;left&#8221; caption_font_size=&#8221;7px&#8221; pagination_font=&#8221;Poppins|300|||||||&#8221; pagination_font_size=&#8221;9px&#8221; text_orientation=&#8221;center&#8221; background_layout=&#8221;dark&#8221; width=&#8221;100%&#8221; max_width=&#8221;100%&#8221; module_alignment=&#8221;center&#8221; custom_margin=&#8221;0px|0px|0px|0px|false|false&#8221; global_colors_info=&#8221;{}&#8221;][\/et_pb_gallery][\/et_pb_column][\/et_pb_row][\/et_pb_section][et_pb_section fb_built=&#8221;1&#8243; _builder_version=&#8221;4.6.3&#8243; _module_preset=&#8221;default&#8221; background_color=&#8221;rgba(0,0,0,0)&#8221; background_enable_image=&#8221;off&#8221; background_size=&#8221;contain&#8221; background_position=&#8221;top_left&#8221; global_colors_info=&#8221;{}&#8221;][et_pb_row column_structure=&#8221;3_5,2_5&#8243; _builder_version=&#8221;4.4.1&#8243; locked=&#8221;off&#8221; global_colors_info=&#8221;{}&#8221;][et_pb_column type=&#8221;3_5&#8243; _builder_version=&#8221;4.4.1&#8243; global_colors_info=&#8221;{}&#8221;][et_pb_text _builder_version=&#8221;4.6.3&#8243; text_font=&#8221;Montserrat|300||on|||||&#8221; text_text_color=&#8221;#9a8c80&#8243; text_font_size=&#8221;30px&#8221; text_line_height=&#8221;1.3em&#8221; text_orientation=&#8221;center&#8221; module_alignment=&#8221;center&#8221; custom_margin=&#8221;40px||0px||false|false&#8221; custom_margin_tablet=&#8221;0px||0px||false|false&#8221; custom_margin_phone=&#8221;40px||40px||true|false&#8221; custom_margin_last_edited=&#8221;on|tablet&#8221; global_colors_info=&#8221;{}&#8221;]<\/p>\n<p>&#8220;Vous m\u00e9ritez un canap\u00e9 qui ressemble \u00e0 vous et \u00e0 votre style de vie. A partir de votre r\u00e8ve nous construisons votre canap\u00e9 &#8211; sur mesure et sans compromis. C&#8217;est ainsi qu&#8217;\u00e9merge l\u2019\u00e9l\u00e9ment central de votre int\u00e9rieur pour des moments de convivialit\u00e9 garantis\u202f.&#8221;<\/p>\n<p>[\/et_pb_text][\/et_pb_column][et_pb_column type=&#8221;2_5&#8243; _builder_version=&#8221;4.4.1&#8243; global_colors_info=&#8221;{}&#8221;][dsm_image_reveal reveal_text=&#8221;Paul Rom&#8221; src=&#8221;https:\/\/www.rom1961.com\/wp-content\/uploads\/2020\/11\/Paul-Rom-CEO.jpg&#8221; alt=&#8221;Paul Rom CEO&#8221; title_text=&#8221;Paul-Rom-CEO&#8221; reveal_overlay_color=&#8221;#9a8c80&#8243; _builder_version=&#8221;4.6.3&#8243; _dynamic_attributes=&#8221;link_option_url&#8221; _module_preset=&#8221;default&#8221; link_option_url=&#8221;@ET-DC@eyJkeW5hbWljIjp0cnVlLCJjb250ZW50IjoicG9zdF9saW5rX3VybF9wYWdlIiwic2V0dGluZ3MiOnsicG9zdF9pZCI6IjkifX0=@&#8221; box_shadow_style=&#8221;preset2&#8243; box_shadow_blur=&#8221;52px&#8221; box_shadow_spread=&#8221;16px&#8221; box_shadow_color=&#8221;rgba(51,51,51,0.18)&#8221; global_colors_info=&#8221;{}&#8221;][\/dsm_image_reveal][\/et_pb_column][\/et_pb_row][\/et_pb_section]<\/p>\n","protected":false},"excerpt":{"rendered":"<p>la passion du canap\u00e9Lorsqu\u2019un canap\u00e9 offre en toute situation un espace convivial et le confort d\u00e9sir\u00e9, il devient alors le c\u0153ur m\u00eame du foyer. Un endroit o\u00f9 la famille et les amis se retrouvent pour partager leurs plus beaux moments.Nous nous sommes vou\u00e9s \u00e0 la r\u00e9alisation de cette id\u00e9e et nous l\u2019appliquons avec passion chez [&hellip;]<\/p>\n","protected":false},"author":20,"featured_media":0,"parent":0,"menu_order":0,"comment_status":"closed","ping_status":"closed","template":"","meta":{"_acf_changed":false,"_et_pb_use_builder":"on","_et_pb_old_content":"","_et_gb_content_width":"","inline_featured_image":false,"footnotes":""},"class_list":["post-23865","page","type-page","status-publish","hentry"],"acf":[],"_links":{"self":[{"href":"https:\/\/www.rom1961.com\/ch_fr\/wp-json\/wp\/v2\/pages\/23865","targetHints":{"allow":["GET"]}}],"collection":[{"href":"https:\/\/www.rom1961.com\/ch_fr\/wp-json\/wp\/v2\/pages"}],"about":[{"href":"https:\/\/www.rom1961.com\/ch_fr\/wp-json\/wp\/v2\/types\/page"}],"author":[{"embeddable":true,"href":"https:\/\/www.rom1961.com\/ch_fr\/wp-json\/wp\/v2\/users\/20"}],"replies":[{"embeddable":true,"href":"https:\/\/www.rom1961.com\/ch_fr\/wp-json\/wp\/v2\/comments?post=23865"}],"version-history":[{"count":1,"href":"https:\/\/www.rom1961.com\/ch_fr\/wp-json\/wp\/v2\/pages\/23865\/revisions"}],"predecessor-version":[{"id":59964,"href":"https:\/\/www.rom1961.com\/ch_fr\/wp-json\/wp\/v2\/pages\/23865\/revisions\/59964"}],"wp:attachment":[{"href":"https:\/\/www.rom1961.com\/ch_fr\/wp-json\/wp\/v2\/media?parent=23865"}],"curies":[{"name":"wp","href":"https:\/\/api.w.org\/{rel}","templated":true}]}}