{"id":23859,"date":"2020-07-27T08:49:16","date_gmt":"2020-07-27T08:49:16","guid":{"rendered":"https:\/\/www.rom1961.com\/revetements\/"},"modified":"2026-03-30T13:00:33","modified_gmt":"2026-03-30T13:00:33","slug":"revetements","status":"publish","type":"page","link":"https:\/\/www.rom1961.com\/ch_fr\/revetements\/","title":{"rendered":"Rev\u00eatements"},"content":{"rendered":"<p>[et_pb_section fb_built=&#8221;1&#8243; fullwidth=&#8221;on&#8221; _builder_version=&#8221;4.16&#8243; _module_preset=&#8221;default&#8221; global_colors_info=&#8221;{}&#8221;][et_pb_fullwidth_header title=&#8221;REV\u00caTEMENT&#8221; _builder_version=&#8221;4.16&#8243; title_level=&#8221;h3&#8243; title_font=&#8221;Montserrat|300|||||||&#8221; title_font_size=&#8221;40px&#8221; background_image=&#8221;https:\/\/static.rom1961.com\/wp-content\/uploads\/2020\/08\/Header_klein-Bezug.jpg&#8221; min_height=&#8221;300px&#8221; custom_margin=&#8221;0px||||false|false&#8221; custom_padding=&#8221;150px||||false|false&#8221; global_colors_info=&#8221;{}&#8221;][\/et_pb_fullwidth_header][\/et_pb_section][et_pb_section fb_built=&#8221;1&#8243; disabled_on=&#8221;off|off|off&#8221; _builder_version=&#8221;4.16&#8243; custom_padding=&#8221;29px||0px|||&#8221; global_colors_info=&#8221;{}&#8221;][et_pb_row _builder_version=&#8221;4.16&#8243; custom_margin=&#8221;30px||||false|false&#8221; locked=&#8221;off&#8221; global_colors_info=&#8221;{}&#8221;][et_pb_column type=&#8221;4_4&#8243; _builder_version=&#8221;4.16&#8243; global_colors_info=&#8221;{}&#8221;][et_pb_text _builder_version=&#8221;4.16&#8243; _module_preset=&#8221;default&#8221; custom_margin=&#8221;-22px||||false|false&#8221; locked=&#8221;off&#8221; global_colors_info=&#8221;{}&#8221;]<\/p>\n<h1 style=\"color: #e76634; text-align: left;\">Le rev\u00eatement id\u00e9al pour le canap\u00e9 de vos r\u00eaves<\/h1>\n<p>[\/et_pb_text][et_pb_text _builder_version=&#8221;4.16&#8243; _module_preset=&#8221;default&#8221; text_font=&#8221;Poppins|300|||||||&#8221; global_colors_info=&#8221;{}&#8221;]<\/p>\n<p>Vous avez beau savoir que nos canap\u00e9s renferment toutes sortes de prouesses technologiques, cela ne suffira pas \u00e0 vous s\u00e9duire. Et pour cause : l\u2019apparence, \u00e7a compte. La couleur, l\u2019architecture des formes, le toucher de nos canap\u00e9s doivent pouvoir continuer de vous plaire dans dix ans comme au premier jour. C\u2019est pourquoi le choix du rev\u00eatement est sans doute le plus corn\u00e9lien qui soit lorsque l\u2019on ach\u00e8te un nouveau canap\u00e9. Pour vous aider \u00e0 trouver le rev\u00eatement qui vous correspond, nous mettons \u00e0 votre disposition une gamme exceptionnellement diversifi\u00e9e de rev\u00eatements. Cuirs nobles et tissus haut de gamme : tout y est. Laissez-vous inspirer !   <\/p>\n<p>[\/et_pb_text][\/et_pb_column][\/et_pb_row][et_pb_row _builder_version=&#8221;4.16&#8243; _module_preset=&#8221;default&#8221; custom_margin=&#8221;20px||||false|false&#8221; global_colors_info=&#8221;{}&#8221;][et_pb_column type=&#8221;4_4&#8243; _builder_version=&#8221;4.16&#8243; _module_preset=&#8221;default&#8221; global_colors_info=&#8221;{}&#8221;][et_pb_text _builder_version=&#8221;4.16&#8243; _module_preset=&#8221;default&#8221; global_colors_info=&#8221;{}&#8221;]<\/p>\n<h2><b>Sofa<\/b>shion <\/h2>\n<p>[\/et_pb_text][\/et_pb_column][\/et_pb_row][et_pb_row column_structure=&#8221;1_2,1_2&#8243; _builder_version=&#8221;4.16&#8243; background_color=&#8221;rgba(0,0,0,0)&#8221; module_alignment=&#8221;center&#8221; custom_margin=&#8221;0px||||false|false&#8221; custom_padding=&#8221;1px||||false|false&#8221; global_colors_info=&#8221;{}&#8221;][et_pb_column type=&#8221;1_2&#8243; _builder_version=&#8221;4.16&#8243; global_colors_info=&#8221;{}&#8221;][et_pb_image src=&#8221;https:\/\/static.rom1961.com\/wp-content\/uploads\/2021\/02\/3erGruppe_Stoffe2.jpg&#8221; alt=&#8221;rom1961 Stoff Variationen&#8221; title_text=&#8221;rom1961 Stoffvielfalt&#8221; align=&#8221;center&#8221; force_fullwidth=&#8221;on&#8221; _builder_version=&#8221;4.16&#8243; background_color=&#8221;#f2f2f2&#8243; background_image=&#8221;https:\/\/www.rom1961.com\/wp-content\/uploads\/2020\/07\/trauriges-Sofa.jpg&#8221; mix_blend_mode=&#8221;darken&#8221; global_colors_info=&#8221;{}&#8221;][\/et_pb_image][\/et_pb_column][et_pb_column type=&#8221;1_2&#8243; _builder_version=&#8221;4.16&#8243; global_colors_info=&#8221;{}&#8221;][et_pb_text _builder_version=&#8221;4.16&#8243; text_text_color=&#8221;#e76634&#8243; header_6_text_color=&#8221;#e76634&#8243; custom_margin=&#8221;50px||0px||false|false&#8221; custom_padding=&#8221;10px||||false|false&#8221; custom_padding_tablet=&#8221;&#8221; custom_padding_phone=&#8221;&#8221; custom_padding_last_edited=&#8221;on|phone&#8221; global_colors_info=&#8221;{}&#8221;]<\/p>\n<h6>Trouvez le rev\u00eatement qui vous correspond<\/h6>\n<p>[\/et_pb_text][et_pb_text _builder_version=&#8221;4.16&#8243; text_text_color=&#8221;#333333&#8243; custom_margin=&#8221;0px||||false|false&#8221; global_colors_info=&#8221;{}&#8221;]<\/p>\n<h2>Des tissus haut de gamme<\/h2>\n<p>[\/et_pb_text][et_pb_text _builder_version=&#8221;4.16&#8243; text_font=&#8221;Poppins|300|||||||&#8221; global_colors_info=&#8221;{}&#8221;]<\/p>\n<p>Les tissus repr\u00e9sentent certainement la cat\u00e9gorie de rev\u00eatement la plus diversifi\u00e9e : texture, couleur, qualit\u00e9\u2026 Tant de param\u00e8tres peuvent varier \u2013 pour notre plus grand bonheur ! Car cette vari\u00e9t\u00e9 nous permet de proposer \u00e0 nos clients le rev\u00eatement idoine pour leur canap\u00e9 id\u00e9al, \u00e0 choisir parmi une gamme de plus de 300 \u00e9toffes. Et vous, vous \u00eates plut\u00f4t velours d\u00e9licat ou robuste toile tiss\u00e9e ? <\/p>\n<p>La qualit\u00e9 des rev\u00eatements est d\u00e9cisive pour une utilisation durable, agr\u00e9able et sans risque. C\u2019est pourquoi toutes nos \u00e9toffes font l\u2019objet de contr\u00f4les rigoureux quant \u00e0 leur r\u00e9sistance \u00e0 l\u2019abrasion et \u00e0 la lumi\u00e8re, ainsi qu&#8217;\u00e0 leur \u00e9ventuelle nocivit\u00e9. Nous sommes bien entendus certifi\u00e9s Q2, aquaclean et Easycare.<\/p>\n<p>[\/et_pb_text][\/et_pb_column][\/et_pb_row][et_pb_row column_structure=&#8221;1_2,1_2&#8243; _builder_version=&#8221;4.16&#8243; background_color=&#8221;rgba(0,0,0,0)&#8221; module_alignment=&#8221;center&#8221; custom_margin=&#8221;0px||||false|false&#8221; custom_padding=&#8221;2px||||false|false&#8221; global_colors_info=&#8221;{}&#8221;][et_pb_column type=&#8221;1_2&#8243; _builder_version=&#8221;4.16&#8243; global_colors_info=&#8221;{}&#8221;][et_pb_text _builder_version=&#8221;4.16&#8243; text_text_color=&#8221;#e76634&#8243; header_6_text_color=&#8221;#e76634&#8243; custom_margin=&#8221;50px||0px||false|false&#8221; custom_padding=&#8221;10px||||false|false&#8221; custom_padding_tablet=&#8221;&#8221; custom_padding_phone=&#8221;&#8221; custom_padding_last_edited=&#8221;on|phone&#8221; global_colors_info=&#8221;{}&#8221;]<\/p>\n<h6>La diversit\u00e9 dans toutes ses nuances<\/h6>\n<p>[\/et_pb_text][et_pb_text _builder_version=&#8221;4.16&#8243; text_text_color=&#8221;#333333&#8243; custom_margin=&#8221;0px||||false|false&#8221; global_colors_info=&#8221;{}&#8221;]<\/p>\n<h2>Des cuirs nobles<\/h2>\n<p>[\/et_pb_text][et_pb_text _builder_version=&#8221;4.16&#8243; text_font=&#8221;Poppins|300|||||||&#8221; global_colors_info=&#8221;{}&#8221;]<\/p>\n<p>Le cuir a de multiples facettes : noble et naturel \u00e0 la fois, il est parfaitement incontournable en mati\u00e8re de canap\u00e9s. Mais tous les cuirs ne se ressemblent pas ! Du robuste cuir de buffle au nubuck raffin\u00e9, retrouvez le style qui vous correspond parmi notre vaste de gamme de rev\u00eatements cuir.<\/p>\n<p> Nous appliquons des normes exigeantes en mati\u00e8re de qualit\u00e9 et d&#8217;entretien : nos cuirs sont issus de tanneries s\u00e9lectionn\u00e9es avec soin et soumises a des contr\u00f4les r\u00e9guliers. C&#8217;est ainsi que nous obtenons de v\u00e9ritables produits haut de gamme, que nous sommes fiers de proposer \u00e0 nos clients.<\/p>\n<p>[\/et_pb_text][\/et_pb_column][et_pb_column type=&#8221;1_2&#8243; _builder_version=&#8221;4.16&#8243; global_colors_info=&#8221;{}&#8221;][et_pb_image src=&#8221;https:\/\/static.rom1961.com\/wp-content\/uploads\/2021\/02\/3erGruppe_Leder-2.jpg&#8221; title_text=&#8221;3erGruppe_Leder&#8221; align=&#8221;center&#8221; force_fullwidth=&#8221;on&#8221; _builder_version=&#8221;4.16&#8243; background_color=&#8221;#f2f2f2&#8243; background_image=&#8221;https:\/\/www.rom1961.com\/wp-content\/uploads\/2020\/07\/trauriges-Sofa.jpg&#8221; mix_blend_mode=&#8221;darken&#8221; global_colors_info=&#8221;{}&#8221;][\/et_pb_image][\/et_pb_column][\/et_pb_row][et_pb_row column_structure=&#8221;1_2,1_2&#8243; admin_label=&#8221;Zeile&#8221; _builder_version=&#8221;4.16&#8243; background_color=&#8221;rgba(0,0,0,0)&#8221; module_alignment=&#8221;center&#8221; custom_margin=&#8221;0px||||false|false&#8221; custom_padding=&#8221;1px||||false|false&#8221; global_colors_info=&#8221;{}&#8221; locked=&#8221;off&#8221;][et_pb_column type=&#8221;1_2&#8243; _builder_version=&#8221;4.16&#8243; global_colors_info=&#8221;{}&#8221;][et_pb_image src=&#8221;https:\/\/www.rom1961.com\/wp-content\/uploads\/2026\/03\/LCK-Lederpflege-Logo.png&#8221; alt=&#8221;rom1961 Stoff Variationen&#8221; title_text=&#8221;LCK-Lederpflege-Logo&#8221; align=&#8221;center&#8221; force_fullwidth=&#8221;on&#8221; _builder_version=&#8221;4.27.4&#8243; background_color=&#8221;#f2f2f2&#8243; background_image=&#8221;https:\/\/www.rom1961.com\/wp-content\/uploads\/2020\/07\/trauriges-Sofa.jpg&#8221; custom_margin=&#8221;100px||||false|false&#8221; mix_blend_mode=&#8221;darken&#8221; hover_enabled=&#8221;0&#8243; global_colors_info=&#8221;{}&#8221; sticky_enabled=&#8221;0&#8243;][\/et_pb_image][\/et_pb_column][et_pb_column type=&#8221;1_2&#8243; _builder_version=&#8221;4.16&#8243; global_colors_info=&#8221;{}&#8221;][et_pb_text _builder_version=&#8221;4.27.4&#8243; text_text_color=&#8221;#e76634&#8243; header_6_text_color=&#8221;#e76634&#8243; custom_margin=&#8221;50px||0px||false|false&#8221; custom_padding=&#8221;10px||||false|false&#8221; custom_padding_tablet=&#8221;&#8221; custom_padding_phone=&#8221;&#8221; custom_padding_last_edited=&#8221;on|phone&#8221; hover_enabled=&#8221;0&#8243; global_colors_info=&#8221;{}&#8221; sticky_enabled=&#8221;0&#8243;]<\/p>\n<h6><span data-contrast=\"auto\" class=\"TextRun MacChromeBold  BCX9 SCXW231906634\" xml:lang=\"DE-DE\" lang=\"DE-DE\"><span class=\"NormalTextRun  BCX9 SCXW231906634\">Pour un plaisir durable<\/span><\/span><span class=\"TabRun IPSelectionBlob BlobObject DragDrop  BCX9 SCXW231906634\"><span class=\"TabChar  BCX9 SCXW231906634\"><\/span><span class=\"TabLeaderChars  BCX9 SCXW231906634\" aria-hidden=\"true\"><\/span><\/span><span data-contrast=\"auto\" class=\"TextRun EmptyTextRun  BCX9 SCXW231906634\"><\/span><\/h6>\n<p>[\/et_pb_text][et_pb_text _builder_version=&#8221;4.27.4&#8243; text_text_color=&#8221;#333333&#8243; custom_margin=&#8221;0px||||false|false&#8221; hover_enabled=&#8221;0&#8243; global_colors_info=&#8221;{}&#8221; sticky_enabled=&#8221;0&#8243;]<\/p>\n<h2>Le soin parfait<\/h2>\n<p>&nbsp;<\/p>\n<p>[\/et_pb_text][et_pb_text _builder_version=&#8221;4.27.4&#8243; text_font=&#8221;Poppins|300|||||||&#8221; custom_margin=&#8221;-20px||0px||false|false&#8221; custom_padding=&#8221;0px||70px||false|false&#8221; hover_enabled=&#8221;0&#8243; global_colors_info=&#8221;{}&#8221; sticky_enabled=&#8221;0&#8243;]<\/p>\n<p data-start=\"169\" data-end=\"465\">Un canap\u00e9 vous accompagne pendant de nombreuses ann\u00e9es &#8211; avec un entretien adapt\u00e9, il reste aussi beau qu\u2019au premier jour. Un nettoyage r\u00e9gulier et des produits d\u2019entretien adapt\u00e9s prot\u00e8gent durablement les mat\u00e9riaux tels que le cuir et le tissu, tout en pr\u00e9servant confort, couleur et structure.<\/p>\n<p data-start=\"467\" data-end=\"760\">M\u00eame pour les taches tenaces, il existe des solutions professionnelles qui nettoient vos meubles en douceur et efficacement. Nos tissus ont \u00e9t\u00e9 test\u00e9s en collaboration avec LCK afin de garantir des produits d\u2019entretien parfaitement adapt\u00e9s &#8211; pour une s\u00e9curit\u00e9 maximale et un entretien optimal.<\/p>\n<p>[\/et_pb_text][et_pb_button button_url=&#8221;https:\/\/www.moebelpflegeshop.de\/en&#8221; button_text=&#8221;Vers la boutique&#8221; _builder_version=&#8221;4.27.4&#8243; _module_preset=&#8221;default&#8221; hover_enabled=&#8221;0&#8243; global_colors_info=&#8221;{}&#8221; sticky_enabled=&#8221;0&#8243;][\/et_pb_button][\/et_pb_column][\/et_pb_row][\/et_pb_section][et_pb_section fb_built=&#8221;1&#8243; fullwidth=&#8221;on&#8221; _builder_version=&#8221;4.16&#8243; _module_preset=&#8221;default&#8221; custom_margin=&#8221;-1px||-1px||true|false&#8221; global_colors_info=&#8221;{}&#8221;][et_pb_fullwidth_slider show_arrows=&#8221;off&#8221; show_pagination=&#8221;off&#8221; _builder_version=&#8221;4.16&#8243; _module_preset=&#8221;default&#8221; background_image=&#8221;https:\/\/www.rom1961.com\/wp-content\/uploads\/2021\/02\/Parallax-1.jpg&#8221; parallax=&#8221;on&#8221; parallax_method=&#8221;on&#8221; max_height=&#8221;300px&#8221; global_colors_info=&#8221;{}&#8221;][et_pb_slide heading=&#8221;Des cuirs nobles et des tissus haut de gamme pour habiller votre canap\u00e9 id\u00e9al&#8221; use_bg_overlay=&#8221;on&#8221; bg_overlay_color=&#8221;rgba(255,255,255,0.7)&#8221; _builder_version=&#8221;4.16&#8243; _module_preset=&#8221;default&#8221; header_font=&#8221;Montserrat|300|||||||&#8221; header_text_color=&#8221;#e76634&#8243; header_font_size=&#8221;36px&#8221; header_letter_spacing=&#8221;1px&#8221; header_line_height=&#8221;1.2em&#8221; body_font=&#8221;Poppins|600|||||||&#8221; body_text_align=&#8221;center&#8221; body_text_color=&#8221;#e76634&#8243; body_line_height=&#8221;1.4em&#8221; background_enable_color=&#8221;off&#8221; background_layout=&#8221;light&#8221; width=&#8221;50%&#8221; width_tablet=&#8221;74%&#8221; width_phone=&#8221;100%&#8221; width_last_edited=&#8221;on|phone&#8221; max_width_tablet=&#8221;&#8221; max_width_phone=&#8221;100%&#8221; max_width_last_edited=&#8221;on|tablet&#8221; custom_padding=&#8221;92px||||false|false&#8221; custom_padding_tablet=&#8221;62px||||false|false&#8221; custom_padding_phone=&#8221;&#8221; custom_padding_last_edited=&#8221;on|phone&#8221; header_font_size_tablet=&#8221;&#8221; header_font_size_phone=&#8221;19px&#8221; header_font_size_last_edited=&#8221;on|phone&#8221; body_font_size_tablet=&#8221;&#8221; body_font_size_phone=&#8221;12px&#8221; body_font_size_last_edited=&#8221;on|phone&#8221; global_colors_info=&#8221;{}&#8221; sticky_transition=&#8221;on&#8221;][\/et_pb_slide][\/et_pb_fullwidth_slider][\/et_pb_section][et_pb_section fb_built=&#8221;1&#8243; _builder_version=&#8221;4.16&#8243; _module_preset=&#8221;default&#8221; global_colors_info=&#8221;{}&#8221;][et_pb_row _builder_version=&#8221;4.16&#8243; _module_preset=&#8221;default&#8221; global_colors_info=&#8221;{}&#8221;][et_pb_column type=&#8221;4_4&#8243; _builder_version=&#8221;4.16&#8243; _module_preset=&#8221;default&#8221; global_colors_info=&#8221;{}&#8221;][et_pb_text quote_border_weight=&#8221;4px&#8221; quote_border_color=&#8221;#e76634&#8243; _builder_version=&#8221;4.16&#8243; _module_preset=&#8221;default&#8221; text_font=&#8221;Poppins|300|on||||||&#8221; quote_font=&#8221;||on||||||&#8221; quote_text_color=&#8221;#e76634&#8243; text_orientation=&#8221;center&#8221; global_colors_info=&#8221;{}&#8221;]<\/p>\n<blockquote>\n<p>Il n&#8217;y a qu&#8217;en &#8220;vrai&#8221; qu&#8217;on peut se faire une id\u00e9e du rendu d&#8217;un rev\u00eatement en cuir. Ca tombe bien, nous avons une confiance absolue dans nos revendeurs ! V\u00e9ritables sp\u00e9cialistes, ils vous conseillent quant \u00e0 la couleur et \u00e0 l&#8217;entretien de nos cuirs, ainsi que sur leur r\u00e9sistance \u00e0 l&#8217;abrasion et \u00e0 la lumi\u00e8re.<\/p>\n<\/blockquote>\n<p>[\/et_pb_text][\/et_pb_column][\/et_pb_row][\/et_pb_section][et_pb_section fb_built=&#8221;1&#8243; _builder_version=&#8221;4.16&#8243; _module_preset=&#8221;default&#8221; background_color=&#8221;#8da5ad&#8221; global_colors_info=&#8221;{}&#8221;][et_pb_row column_structure=&#8221;1_2,1_2&#8243; _builder_version=&#8221;4.16&#8243; _module_preset=&#8221;default&#8221; global_colors_info=&#8221;{}&#8221;][et_pb_column type=&#8221;1_2&#8243; _builder_version=&#8221;4.16&#8243; _module_preset=&#8221;default&#8221; global_colors_info=&#8221;{}&#8221;][et_pb_text _builder_version=&#8221;4.16&#8243; _module_preset=&#8221;default&#8221; header_6_font=&#8221;Montserrat||||||||&#8221; header_6_text_color=&#8221;#ffffff&#8221; custom_margin=&#8221;||5px||false|false&#8221; global_colors_info=&#8221;{}&#8221;]<\/p>\n<h6>Le confort par excellence<\/h6>\n<p>[\/et_pb_text][et_pb_text _builder_version=&#8221;4.16&#8243; _module_preset=&#8221;default&#8221; global_colors_info=&#8221;{}&#8221;]<\/p>\n<h2 style=\"color: #ffffff\">Cr\u00e9ons ensemble le canap\u00e9 de vos r\u00eaves<\/h2>\n<p>[\/et_pb_text][et_pb_text quote_border_weight=&#8221;8px&#8221; quote_border_color=&#8221;#e76634&#8243; _builder_version=&#8221;4.16&#8243; _module_preset=&#8221;default&#8221; text_font=&#8221;Poppins|300|||||||&#8221; text_text_color=&#8221;#ffffff&#8221; quote_font=&#8221;Montserrat|300|||||||&#8221; quote_text_color=&#8221;#333333&#8243; quote_line_height=&#8221;1.4em&#8221; custom_margin=&#8221;-20px|||||&#8221; global_colors_info=&#8221;{}&#8221;]<\/p>\n<p>Le c\u0153ur du foyer, c\u2019est un canap\u00e9 o\u00f9 chacun aime venir se lover, la pi\u00e8ce qui offre le cadre et le confort id\u00e9al en toutes circonstances, o\u00f9 les liens familiaux s\u2019\u00e9panouissent et o\u00f9 l\u2019on aime accueillir ses amis. C\u2019est notre fil rouge, la promesse que nous tenons aupr\u00e8s de chacun de nos clients : cr\u00e9er le c\u0153ur adapt\u00e9 \u00e0 votre foyer.<\/p>\n<p>[\/et_pb_text][et_pb_button button_url=&#8221;@ET-DC@eyJkeW5hbWljIjp0cnVlLCJjb250ZW50IjoicG9zdF9saW5rX3VybF9wYWdlIiwic2V0dGluZ3MiOnsicG9zdF9pZCI6IjI0In19@&#8221; button_text=&#8221;Vers le magasin le plus proche&#8221; button_alignment=&#8221;left&#8221; admin_label=&#8221;Button&#8221; _builder_version=&#8221;4.16&#8243; _dynamic_attributes=&#8221;button_url&#8221; button_text_size=&#8221;12px&#8221; custom_margin=&#8221;0px||30px|0px|false|false&#8221; custom_margin_tablet=&#8221;&#8221; custom_margin_phone=&#8221;0px|||0px|false|false&#8221; custom_margin_last_edited=&#8221;on|desktop&#8221; custom_padding=&#8221;5px|20px|5px|20px|true|true&#8221; custom_padding_tablet=&#8221;15px||15px||true|true&#8221; custom_padding_phone=&#8221;10px|30px|10px|30px|true|true&#8221; custom_padding_last_edited=&#8221;on|tablet&#8221; button_text_size_tablet=&#8221;&#8221; button_text_size_phone=&#8221;10px&#8221; button_text_size_last_edited=&#8221;on|phone&#8221; button_border_color_last_edited=&#8221;off|desktop&#8221; global_colors_info=&#8221;{}&#8221; button_border_color__hover_enabled=&#8221;on|desktop&#8221; button_border_color__hover=&#8221;#b61b1c&#8221; button_bg_color__hover=&#8221;#b61b1c&#8221; button_bg_enable_color__hover=&#8221;on&#8221; button_bg_color__hover_enabled=&#8221;on|desktop&#8221;][\/et_pb_button][\/et_pb_column][et_pb_column type=&#8221;1_2&#8243; _builder_version=&#8221;4.16&#8243; _module_preset=&#8221;default&#8221; global_colors_info=&#8221;{}&#8221;][et_pb_image src=&#8221;https:\/\/www.rom1961.com\/wp-content\/uploads\/2020\/07\/Irom-flyer1264-new-scaled.jpg&#8221; alt=&#8221;Neues Sofa&#8221; title_text=&#8221;Neues Sofa Neues Sofa am Tablett konfigurieren&#8221; _builder_version=&#8221;4.16&#8243; _module_preset=&#8221;default&#8221; max_height=&#8221;591%&#8221; global_colors_info=&#8221;{}&#8221;][\/et_pb_image][\/et_pb_column][\/et_pb_row][\/et_pb_section]<\/p>\n","protected":false},"excerpt":{"rendered":"<p>Le rev\u00eatement id\u00e9al pour le canap\u00e9 de vos r\u00eavesVous avez beau savoir que nos canap\u00e9s renferment toutes sortes de prouesses technologiques, cela ne suffira pas \u00e0 vous s\u00e9duire. Et pour cause : l\u2019apparence, \u00e7a compte. La couleur, l\u2019architecture des formes, le toucher de nos canap\u00e9s doivent pouvoir continuer de vous plaire dans dix ans comme [&hellip;]<\/p>\n","protected":false},"author":20,"featured_media":0,"parent":0,"menu_order":4,"comment_status":"closed","ping_status":"closed","template":"","meta":{"_acf_changed":false,"_et_pb_use_builder":"on","_et_pb_old_content":"<!-- wp:divi\/placeholder \/-->","_et_gb_content_width":"","inline_featured_image":false,"footnotes":""},"class_list":["post-23859","page","type-page","status-publish","hentry"],"acf":[],"_links":{"self":[{"href":"https:\/\/www.rom1961.com\/ch_fr\/wp-json\/wp\/v2\/pages\/23859","targetHints":{"allow":["GET"]}}],"collection":[{"href":"https:\/\/www.rom1961.com\/ch_fr\/wp-json\/wp\/v2\/pages"}],"about":[{"href":"https:\/\/www.rom1961.com\/ch_fr\/wp-json\/wp\/v2\/types\/page"}],"author":[{"embeddable":true,"href":"https:\/\/www.rom1961.com\/ch_fr\/wp-json\/wp\/v2\/users\/20"}],"replies":[{"embeddable":true,"href":"https:\/\/www.rom1961.com\/ch_fr\/wp-json\/wp\/v2\/comments?post=23859"}],"version-history":[{"count":2,"href":"https:\/\/www.rom1961.com\/ch_fr\/wp-json\/wp\/v2\/pages\/23859\/revisions"}],"predecessor-version":[{"id":79664,"href":"https:\/\/www.rom1961.com\/ch_fr\/wp-json\/wp\/v2\/pages\/23859\/revisions\/79664"}],"wp:attachment":[{"href":"https:\/\/www.rom1961.com\/ch_fr\/wp-json\/wp\/v2\/media?parent=23859"}],"curies":[{"name":"wp","href":"https:\/\/api.w.org\/{rel}","templated":true}]}}