{"id":72335,"date":"2024-06-21T08:11:19","date_gmt":"2024-06-21T08:11:19","guid":{"rendered":"https:\/\/www.rom1961.com\/karriere\/stellenangebot-gebietsverkaufsleiter-suedwest-copy\/"},"modified":"2024-07-05T06:44:08","modified_gmt":"2024-07-05T06:44:08","slug":"stellenangebot-exportleitung","status":"publish","type":"page","link":"https:\/\/www.rom1961.com\/ch_de\/karriere\/stellenangebot-exportleitung\/","title":{"rendered":"Stellenangebot Exportleitung"},"content":{"rendered":"<p>[et_pb_section fb_built=&#187;1&#8243; fullwidth=&#187;on&#187; _builder_version=&#187;4.16&#8243; _module_preset=&#187;default&#187; global_colors_info=&#187;{}&#187;][et_pb_fullwidth_header title=&#187;KARRIERE BEI ROM&#187; _builder_version=&#187;4.21.0&#8243; title_font=&#187;Montserrat 500|700|||||||&#187; title_text_color=&#187;#333333&#8243; background_color=&#187;RGBA(0,0,0,0)&#187; background_image=&#187;https:\/\/www.rom1961.com\/wp-content\/uploads\/2024\/06\/rom-Lehrstellenboerse_Mai2023-1200-\u00d7-500-mm.png&#187; background_position=&#187;top_center&#187; min_height=&#187;300px&#187; custom_margin=&#187;0px||||false|false&#187; custom_padding=&#187;150px||||false|false&#187; hover_enabled=&#187;0&#8243; background_last_edited=&#187;on|phone&#187; background_position_phone=&#187;center_left&#187; global_colors_info=&#187;{}&#187; sticky_enabled=&#187;0&#8243;][\/et_pb_fullwidth_header][\/et_pb_section][et_pb_section fb_built=&#187;1&#8243; _builder_version=&#187;4.16&#8243; _module_preset=&#187;default&#187; global_colors_info=&#187;{}&#187;][et_pb_row _builder_version=&#187;4.21.0&#8243; _dynamic_attributes=&#187;link_option_url&#187; _module_preset=&#187;default&#187; custom_padding=&#187;||8px|||&#187; link_option_url=&#187;@ET-DC@eyJkeW5hbWljIjp0cnVlLCJjb250ZW50IjoicG9zdF9saW5rX3VybF9wYWdlIiwic2V0dGluZ3MiOnsicG9zdF9pZCI6IjE4OTIwIn19@&#187; global_colors_info=&#187;{}&#187;][et_pb_column type=&#187;4_4&#8243; _builder_version=&#187;4.16&#8243; _module_preset=&#187;default&#187; global_colors_info=&#187;{}&#187;][et_pb_text _builder_version=&#187;4.21.0&#8243; _dynamic_attributes=&#187;link_option_url&#187; _module_preset=&#187;default&#187; link_option_url=&#187;@ET-DC@eyJkeW5hbWljIjp0cnVlLCJjb250ZW50IjoicG9zdF9saW5rX3VybF9wYWdlIiwic2V0dGluZ3MiOnsicG9zdF9pZCI6IjE4OTIwIn19@&#187; global_colors_info=&#187;{}&#187;]<\/p>\n<p>&lt;&#8211; zur\u00fcck<\/p>\n<p>[\/et_pb_text][\/et_pb_column][\/et_pb_row][et_pb_row _builder_version=&#187;4.16&#8243; _module_preset=&#187;default&#187; global_colors_info=&#187;{}&#187;][et_pb_column type=&#187;4_4&#8243; _builder_version=&#187;4.16&#8243; _module_preset=&#187;default&#187; global_colors_info=&#187;{}&#187;][et_pb_text _builder_version=&#187;4.21.0&#8243; _module_preset=&#187;default&#187; text_font=&#187;Poppins|300|||||||&#187; global_colors_info=&#187;{}&#187;]<\/p>\n<p>Die Rom AG ist ein international aufgestelltes, inhabergef\u00fchrtes belgisches Unternehmen mit Sitz im deutschsprachigen Eupen.<\/p>\n<p>Mit ca. 800 Mitarbeiter\/-innen produzieren wir hochwertige Polsterm\u00f6bel nach Ma\u00df mit hohem Anspruch an Design und Qualit\u00e4t, mit den smartesten Funktionen fu\u0308r individuellen Top-Komfort und den neuesten digitalen Tools, vorwiegend f\u00fcr den klassischen Einrichtungsfachhandel.<\/p>\n<p>Zur Verst\u00e4rkung unseres internationalen Vertriebsteams suchen wir zum n\u00e4chstm\u00f6glichen Zeitpunkt unsere<\/p>\n<p>[\/et_pb_text][et_pb_text _builder_version=&#187;4.21.0&#8243; _module_preset=&#187;default&#187; global_colors_info=&#187;{}&#187;]<\/p>\n<h3><span data-contrast=\"auto\" class=\"TextRun  BCX0 SCXW8535799\"><span class=\"NormalTextRun  BCX0 SCXW8535799\">Exportleitung (M\/W\/D)<\/span><\/span><\/h3>\n<p>[\/et_pb_text][et_pb_text disabled_on=&#187;on|on|on&#187; _builder_version=&#187;4.16&#8243; _module_preset=&#187;default&#187; text_font=&#187;Poppins|300|||||||&#187; disabled=&#187;on&#187; global_colors_info=&#187;{}&#187;]<\/p>\n<h4>Zu deinen Aufgaben z\u00e4hlen:<\/h4>\n<p>1. Die Gr\u00fcndung der Ausbildungsakademie &#171;SofAcademy&#187;. Du legst den Rahmen und die Struktur fest und entwickelst die richtigen Tools und Schulungsunterlagen. Du arbeitest mit deinen Kollegen aus den verschiedenen Abteilungen zusammen und stehst den Vertriebspartnern und ROM-Vertriebskollegen nahe.<\/p>\n<p>2. Du entwickelst unseren iROM 3D-M\u00f6belkonfigurator gemeinsam mit unseren IT-Kollegen weiter &#8211; ein unverzichtbares Instrument im Verkaufsprozess und Standard in der M\u00f6belindustrie. Dein Ziel ist es, den Verkauf unserer komplexen Produkte so einfach und unterhaltsam wie m\u00f6glich zu machen.<\/p>\n<p>[\/et_pb_text][et_pb_text _builder_version=&#187;4.21.0&#8243; _module_preset=&#187;default&#187; text_font=&#187;Poppins|300|||||||&#187; global_colors_info=&#187;{}&#187;]Die Rom AG produziert Polsterm\u00f6bel nach Ma\u00df mit hohem Anspruch an Design, Funktion und Qualit\u00e4t.<\/p>\n<p>Wir suchen eine treibende Kraft f\u00fcr unsere erh\u00f6hten Ambitionen im Export.<\/p>\n<p>Du m\u00f6chtest von Grund auf den Export bei Rom mitgestalten und unser Wachstum au\u00dferhalb unserer Kernm\u00e4rkte treiben?<\/p>\n<p>Dann melde Dich umgehend bei uns![\/et_pb_text][et_pb_text ul_item_indent=&#187;40px&#187; ul_item_indent_tablet=&#187;&#187; ul_item_indent_phone=&#187;20px&#187; ul_item_indent_last_edited=&#187;on|phone&#187; _builder_version=&#187;4.21.0&#8243; _module_preset=&#187;default&#187; text_font=&#187;Poppins|300|||||||&#187; ul_font=&#187;Poppins|300|||||||&#187; ul_font_size=&#187;18px&#187; ul_line_height=&#187;1.8em&#187; text_font_size_tablet=&#187;&#187; text_font_size_phone=&#187;&#187; text_font_size_last_edited=&#187;on|phone&#187; ul_font_size_tablet=&#187;16px&#187; ul_font_size_phone=&#187;16px&#187; ul_font_size_last_edited=&#187;on|desktop&#187; global_colors_info=&#187;{}&#187;]<\/p>\n<h4>Deine Verantwortung:<\/h4>\n<ul>\n<li><span>Wachstum au\u00dferhalb unserer Kernm\u00e4rkte<\/span> <span>innerhalb und au\u00dferhalb Europas sicherstellen<\/span><\/li>\n<li><span>Erschlie\u00dfung neuer M\u00e4rkte<\/span><span><\/span><\/li>\n<\/ul>\n<h4>Deine Aufgaben:<\/h4>\n<ul>\n<li><span>Aufbau und Umsetzung einer starken Export-Strategie<\/span><\/li>\n<li><span>F\u00fchrung Deines Vertriebsteams<\/span><\/li>\n<li><span>Aufbau von Vertriebs- und Servicestrukturen in neuen M\u00e4rkten<\/span><\/li>\n<li><span>Akquise von wichtigen M\u00f6belh\u00e4ndlern und Aufbau von strategischen Vertriebspartnerschaften<\/span><\/li>\n<li><span>Interessenvertretung Deiner M\u00e4rkte innerhalb des Unternehmens<\/span><\/li>\n<\/ul>\n<h4>Was dich auszeichnet:<\/h4>\n<ul>\n<li><span>Du bist ein(e) Macher(in) und magst Ver\u00e4nderung<\/span><\/li>\n<li><span>Du bist ein leidenschaftlicher Mensch und kannst Dich f\u00fcr Produkte und Projekte begeistern<\/span><\/li>\n<li><span>Vertrieb ist Dein Leben, Reisen Deine Leidenschaft<\/span><\/li>\n<li><span>Du bist stark in der Analyse und erkennst Zusammenh\u00e4nge auch in komplizierten Situationen\u00a0<\/span><\/li>\n<li><span>Du bist kreativ und l\u00f6sungsorientiert<\/span><\/li>\n<li><span>Du tauschst Dich gerne aus mit Kunden, H\u00e4ndlern und Kollegen<\/span><\/li>\n<li><span>Du sprichst flie\u00dfend mindestens Deutsch und Englisch<\/span>\n<ul><\/ul>\n<\/li>\n<\/ul>\n<h4>Was erwartet dich bei ROM:<\/h4>\n<ul>\n<li>Ein Produktportfolio mit starken Argumenten<\/li>\n<li>Besonders engagierte und dynamische Kollegen, die gerne Ver\u00e4nderung treiben<\/li>\n<li>Ein attraktives Gehaltspaket inkl. betrieblicher Altersvorsorge<\/li>\n<li>Ein Dienstwagen auch zur privaten Nutzung\n<ul><\/ul>\n<\/li>\n<\/ul>\n<ul><\/ul>\n<p>[\/et_pb_text][et_pb_text ul_item_indent=&#187;40px&#187; ul_item_indent_tablet=&#187;&#187; ul_item_indent_phone=&#187;20px&#187; ul_item_indent_last_edited=&#187;on|phone&#187; _builder_version=&#187;4.21.0&#8243; _module_preset=&#187;default&#187; text_font=&#187;Poppins|300|||||||&#187; ul_font=&#187;Poppins|300|||||||&#187; ul_font_size=&#187;13px&#187; ul_line_height=&#187;2em&#187; custom_margin=&#187;-55px||||false|false&#187; ul_font_size_tablet=&#187;16px&#187; ul_font_size_phone=&#187;16px&#187; ul_font_size_last_edited=&#187;on|desktop&#187; global_colors_info=&#187;{}&#187;]<\/p>\n<p>&nbsp;<\/p>\n<h4>Wir haben Dein Interesse geweckt?<\/h4>\n<p>Dann freuen wir uns auf Deine aussagekr\u00e4ftige Bewerbung per E-Mail.<\/p>\n<p>Kontaktdaten:<\/p>\n<p>Rom AG<br \/>Industriestra\u00dfe 38<br \/>4700 EUPEN<br \/>BELGIEN<\/p>\n<p><a href=\"mailto:%20jobs@rom.be\">jobs@rom.be<\/a><\/p>\n<p>[\/et_pb_text][\/et_pb_column][\/et_pb_row][\/et_pb_section][et_pb_section fb_built=&#187;1&#8243; admin_label=&#187;Footer&#187; _builder_version=&#187;4.16&#8243; background_color=&#187;#9A8C80&#8243; custom_padding=&#187;60px||60px||true|false&#187; saved_tabs=&#187;all&#187; global_colors_info=&#187;{}&#187;][et_pb_row column_structure=&#187;1_4,1_4,1_2&#8243; _builder_version=&#187;4.16&#8243; global_colors_info=&#187;{}&#187;][et_pb_column type=&#187;1_4&#8243; _builder_version=&#187;4.16&#8243; custom_padding=&#187;|||&#187; global_colors_info=&#187;{}&#187; custom_padding__hover=&#187;|||&#187;][et_pb_text _builder_version=&#187;4.16&#8243; header_font=&#187;||||||||&#187; header_4_font=&#187;Raleway|700|||||||&#187; header_4_text_color=&#187;#FFFFFF&#187; header_4_font_size=&#187;22px&#187; header_4_line_height=&#187;1.4em&#187; custom_margin=&#187;||10px|&#187; global_colors_info=&#187;{}&#187;]<\/p>\n<h4>Postanschrift<\/h4>\n<p>[\/et_pb_text][et_pb_text _builder_version=&#187;4.16&#8243; text_font=&#187;Poppins||||||||&#187; text_text_color=&#187;#FFFFFF&#187; text_line_height=&#187;1.6em&#187; global_colors_info=&#187;{}&#187;]<\/p>\n<p>ROM ag<\/p>\n<p>Industriestra\u00dfe 38<\/p>\n<p>4700 Eupen<\/p>\n<p>Belgien<\/p>\n<p>[\/et_pb_text][\/et_pb_column][et_pb_column type=&#187;1_4&#8243; _builder_version=&#187;4.16&#8243; custom_padding=&#187;|||&#187; global_colors_info=&#187;{}&#187; custom_padding__hover=&#187;|||&#187;][et_pb_text _builder_version=&#187;4.16&#8243; header_font=&#187;||||||||&#187; header_4_font=&#187;Raleway|700|||||||&#187; header_4_text_color=&#187;#FFFFFF&#187; header_4_font_size=&#187;22px&#187; header_4_line_height=&#187;1.4em&#187; custom_margin=&#187;||10px|&#187; global_colors_info=&#187;{}&#187;]<\/p>\n<h4>Melde dich:<\/h4>\n<p>[\/et_pb_text][et_pb_text ul_type=&#187;none&#187; ul_item_indent=&#187;1px&#187; _builder_version=&#187;4.16&#8243; link_text_color=&#187;#FFFFFF&#187; ul_font=&#187;Poppins||||||||&#187; ul_font_size=&#187;16px&#187; ul_line_height=&#187;2em&#187; global_colors_info=&#187;{}&#187;]<\/p>\n<ul>\n<li><a href=\"mailto:%20jobs@rom.be\">jobs@rom.be<\/a><br \/><a href=\"tel:+3287595965\">+32 87 59 59 65<\/a><\/li>\n<\/ul>\n<p>[\/et_pb_text][\/et_pb_column][et_pb_column type=&#187;1_2&#8243; _builder_version=&#187;4.16&#8243; custom_padding=&#187;|||&#187; global_colors_info=&#187;{}&#187; custom_padding__hover=&#187;|||&#187;][et_pb_image src=&#187;https:\/\/www.rom1961.com\/wp-content\/uploads\/2021\/12\/ROM-Website-19.05.20160442-1.jpg&#187; alt=&#187;rom1961 Kontakt&#187; title_text=&#187;rom1961 Kontakt&#187; _builder_version=&#187;4.21.0&#8243; _module_preset=&#187;default&#187; global_colors_info=&#187;{}&#187;][\/et_pb_image][\/et_pb_column][\/et_pb_row][et_pb_row _builder_version=&#187;4.16&#8243; _dynamic_attributes=&#187;link_option_url&#187; _module_preset=&#187;default&#187; custom_padding=&#187;||8px|||&#187; link_option_url=&#187;@ET-DC@eyJkeW5hbWljIjp0cnVlLCJjb250ZW50IjoicG9zdF9saW5rX3VybF9wYWdlIiwic2V0dGluZ3MiOnsicG9zdF9pZCI6IjE4OTIwIn19@&#187; global_colors_info=&#187;{}&#187;][et_pb_column type=&#187;4_4&#8243; _builder_version=&#187;4.16&#8243; _module_preset=&#187;default&#187; global_colors_info=&#187;{}&#187;][et_pb_text _builder_version=&#187;4.21.0&#8243; _dynamic_attributes=&#187;link_option_url&#187; _module_preset=&#187;default&#187; text_text_color=&#187;#FFFFFF&#187; link_option_url=&#187;@ET-DC@eyJkeW5hbWljIjp0cnVlLCJjb250ZW50IjoicG9zdF9saW5rX3VybF9wYWdlIiwic2V0dGluZ3MiOnsicG9zdF9pZCI6IjE4OTIwIn19@&#187; locked=&#187;off&#187; global_colors_info=&#187;{}&#187;]<\/p>\n<p>&lt;&#8211; zur\u00fcck<\/p>\n<p>[\/et_pb_text][\/et_pb_column][\/et_pb_row][\/et_pb_section]<\/p>\n","protected":false},"excerpt":{"rendered":"<p>&lt;&#8211; zur\u00fcckDie Rom AG ist ein international aufgestelltes, inhabergef\u00fchrtes belgisches Unternehmen mit Sitz im deutschsprachigen Eupen. Mit ca. 800 Mitarbeiter\/-innen produzieren wir hochwertige Polsterm\u00f6bel nach Ma\u00df mit hohem Anspruch an Design und Qualit\u00e4t, mit den smartesten Funktionen fu\u0308r individuellen Top-Komfort und den neuesten digitalen Tools, vorwiegend f\u00fcr den klassischen Einrichtungsfachhandel. Zur Verst\u00e4rkung unseres internationalen Vertriebsteams [&hellip;]<\/p>\n","protected":false},"author":20,"featured_media":0,"parent":18920,"menu_order":0,"comment_status":"closed","ping_status":"closed","template":"","meta":{"_acf_changed":false,"_et_pb_use_builder":"on","_et_pb_old_content":"","_et_gb_content_width":"","inline_featured_image":false,"footnotes":""},"class_list":["post-72335","page","type-page","status-publish","hentry"],"acf":[],"_links":{"self":[{"href":"https:\/\/www.rom1961.com\/ch_de\/wp-json\/wp\/v2\/pages\/72335","targetHints":{"allow":["GET"]}}],"collection":[{"href":"https:\/\/www.rom1961.com\/ch_de\/wp-json\/wp\/v2\/pages"}],"about":[{"href":"https:\/\/www.rom1961.com\/ch_de\/wp-json\/wp\/v2\/types\/page"}],"author":[{"embeddable":true,"href":"https:\/\/www.rom1961.com\/ch_de\/wp-json\/wp\/v2\/users\/20"}],"replies":[{"embeddable":true,"href":"https:\/\/www.rom1961.com\/ch_de\/wp-json\/wp\/v2\/comments?post=72335"}],"version-history":[{"count":1,"href":"https:\/\/www.rom1961.com\/ch_de\/wp-json\/wp\/v2\/pages\/72335\/revisions"}],"predecessor-version":[{"id":72384,"href":"https:\/\/www.rom1961.com\/ch_de\/wp-json\/wp\/v2\/pages\/72335\/revisions\/72384"}],"up":[{"embeddable":true,"href":"https:\/\/www.rom1961.com\/ch_de\/wp-json\/wp\/v2\/pages\/18920"}],"wp:attachment":[{"href":"https:\/\/www.rom1961.com\/ch_de\/wp-json\/wp\/v2\/media?parent=72335"}],"curies":[{"name":"wp","href":"https:\/\/api.w.org\/{rel}","templated":true}]}}