{"id":23833,"date":"2021-01-05T15:13:00","date_gmt":"2021-01-05T15:13:00","guid":{"rendered":"https:\/\/www.rom1961.com\/warum-wir\/"},"modified":"2023-10-30T09:38:14","modified_gmt":"2023-10-30T09:38:14","slug":"warum-wir","status":"publish","type":"page","link":"https:\/\/www.rom1961.com\/ch_de\/warum-wir\/","title":{"rendered":"Warum wir?"},"content":{"rendered":"<p>[et_pb_section fb_built=&#187;1&#8243; fullwidth=&#187;on&#187; _builder_version=&#187;4.16&#8243; global_colors_info=&#187;{}&#187;][et_pb_fullwidth_header title=&#187;WARUM WIR?&#187; _builder_version=&#187;4.21.0&#8243; title_level=&#187;h3&#8243; title_font=&#187;Montserrat|300|||||||&#187; title_font_size=&#187;40px&#187; background_image=&#187;https:\/\/www.rom1961.com\/wp-content\/uploads\/2023\/10\/rom1961_HEADER_small_1680x300px.png&#187; min_height=&#187;300px&#187; custom_margin=&#187;0px||||false|false&#187; custom_padding=&#187;150px||||false|false&#187; hover_enabled=&#187;0&#8243; global_colors_info=&#187;{}&#187; title_text=&#187;rom1961_HEADER_small_1680x300px&#187; sticky_enabled=&#187;0&#8243;][\/et_pb_fullwidth_header][\/et_pb_section][et_pb_section fb_built=&#187;1&#8243; _builder_version=&#187;4.21.0&#8243; _module_preset=&#187;default&#187; background_color=&#187;#ffffff&#187; custom_padding=&#187;29px||0px|||&#187; hover_enabled=&#187;0&#8243; global_colors_info=&#187;{}&#187; custom_margin=&#187;30px||||false|false&#187; sticky_enabled=&#187;0&#8243;][et_pb_row _builder_version=&#187;4.16&#8243; _module_preset=&#187;default&#187; global_colors_info=&#187;{}&#187;][et_pb_column type=&#187;4_4&#8243; _builder_version=&#187;4.16&#8243; _module_preset=&#187;default&#187; global_colors_info=&#187;{}&#187;][et_pb_text _builder_version=&#187;4.16&#8243; _module_preset=&#187;default&#187; custom_margin=&#187;-22px||||false|false&#187; locked=&#187;off&#187; global_colors_info=&#187;{}&#187;]<\/p>\n<h1 style=\"color: #E87722; text-align: left;\">Aus Leidenschaft f\u00fcr passgenaue Sofas<\/h1>\n<p>[\/et_pb_text][et_pb_text _builder_version=&#187;4.16&#8243; text_font=&#187;Poppins|300|||||||&#187; custom_margin=&#187;-30px||50px||false|false&#187; global_colors_info=&#187;{}&#187;]<\/p>\n<p>Der perfekte Wohnmittelpunkt entsteht, wenn sich auf dem Sofa jeder auf seine Art wohlf\u00fchlt und es jedem Anlass den richtigen Rahmen und Komfort bietet. Dann w\u00e4chst die Familie zusammen und kann Freunde willkommen hei\u00dfen.<br \/>\n&#171;F\u00fcr mehr gl\u00fcckliche Sofamomente&#187; ist unser Leitgedanke. Den setzen wir mit Leidenschaft f\u00fcr jeden Kunden neu um.<\/p>\n<p>[\/et_pb_text][\/et_pb_column][\/et_pb_row][\/et_pb_section][et_pb_section fb_built=&#187;1&#8243; _builder_version=&#187;4.16&#8243; background_color=&#187;#f2f2f2&#8243; custom_padding=&#187;2px||4px|||&#187; global_colors_info=&#187;{}&#187;][et_pb_row column_structure=&#187;1_2,1_2&#8243; _builder_version=&#187;4.16&#8243; custom_margin=&#187;80px||||false|false&#187; custom_margin_tablet=&#187;&#187; custom_margin_phone=&#187;50px||||false|false&#187; custom_margin_last_edited=&#187;on|phone&#187; global_colors_info=&#187;{}&#187;][et_pb_column type=&#187;1_2&#8243; _builder_version=&#187;4.16&#8243; global_colors_info=&#187;{}&#187;][et_pb_image src=&#187;https:\/\/www.rom1961.com\/wp-content\/uploads\/2021\/03\/100alltagstauglich.jpg&#187; alt=&#187;100 % Alltagstauglich&#187; title_text=&#187;100 % Alltagstauglich&#187; url=&#187;@ET-DC@eyJkeW5hbWljIjp0cnVlLCJjb250ZW50IjoicG9zdF9saW5rX3VybF9wYWdlIiwic2V0dGluZ3MiOnsicG9zdF9pZCI6IjQ1MyJ9fQ==@&#187; _builder_version=&#187;4.16&#8243; _dynamic_attributes=&#187;url&#187; global_colors_info=&#187;{}&#187;][\/et_pb_image][\/et_pb_column][et_pb_column type=&#187;1_2&#8243; _builder_version=&#187;4.16&#8243; global_colors_info=&#187;{}&#187;][et_pb_text _builder_version=&#187;4.16&#8243; _module_preset=&#187;default&#187; header_6_line_height=&#187;1.6em&#187; custom_margin=&#187;||5px||false|false&#187; custom_padding=&#187;50px||||false|false&#187; global_colors_info=&#187;{}&#187;]<\/p>\n<h6><b>SOFA<\/b>szinierend<\/h6>\n<p>[\/et_pb_text][et_pb_text _builder_version=&#187;4.16&#8243; global_colors_info=&#187;{}&#187;]<\/p>\n<h2>F\u00fcr Sie als Einzelst\u00fcck gefertigt<\/h2>\n<p>[\/et_pb_text][et_pb_text _builder_version=&#187;4.16&#8243; text_font=&#187;Poppins|300|||||||&#187; custom_margin=&#187;-30px||50px||false|false&#187; global_colors_info=&#187;{}&#187;]<\/p>\n<p>Die rom1961 Spezialisten gestalten mit Ihnen ihr eigenes, individuelles Sofa und wir bauen es genau nach Ihren W\u00fcnschen. Ein Sofa, dass nur Sie haben und mit dem Ihre Familie auf ihre ganz eigene Art ihr Zuhause geniesst.<\/p>\n<p>[\/et_pb_text][\/et_pb_column][\/et_pb_row][et_pb_row _builder_version=&#187;4.16&#8243; _module_preset=&#187;default&#187; global_colors_info=&#187;{}&#187;][et_pb_column type=&#187;4_4&#8243; _builder_version=&#187;4.16&#8243; _module_preset=&#187;default&#187; global_colors_info=&#187;{}&#187;][et_pb_text ul_position=&#187;inside&#187; ul_item_indent=&#187;1px&#187; ol_type=&#187;hiragana-iroha&#187; _builder_version=&#187;4.16&#8243; text_font=&#187;Poppins|300|||||||&#187; ul_font=&#187;||||||||&#187; ul_text_align=&#187;left&#187; ul_text_color=&#187;#333333&#8243; ul_line_height=&#187;2em&#187; ol_text_align=&#187;left&#187; custom_margin=&#187;-30px||50px||false|false&#187; global_colors_info=&#187;{}&#187;]<\/p>\n<p>Wir tun das f\u00fcr Sie und weil wir verstehen:<\/p>\n<ul>\n<li>wie unterschiedlich Geschm\u00e4cker, Anspr\u00fcche und Bed\u00fcrfnisse sind,<\/li>\n<li>wie verschieden die Menschen und ihre Tr\u00e4ume sind,<\/li>\n<li>wie wichtig es ist, da\u00df sich zuhause alle an einem gemeinsamen Lieblingsplatz wirklich wohlf\u00fchlen.<\/li>\n<\/ul>\n<p>[\/et_pb_text][\/et_pb_column][\/et_pb_row][\/et_pb_section][et_pb_section fb_built=&#187;1&#8243; _builder_version=&#187;4.16&#8243; background_color=&#187;#ffffff&#187; custom_margin=&#187;80px||80px||true|false&#187; custom_margin_tablet=&#187;&#187; custom_margin_phone=&#187;0px||0px||true|false&#187; custom_margin_last_edited=&#187;on|phone&#187; custom_padding=&#187;2px||4px|||&#187; global_colors_info=&#187;{}&#187;][et_pb_row column_structure=&#187;1_2,1_2&#8243; _builder_version=&#187;4.16&#8243; global_colors_info=&#187;{}&#187;][et_pb_column type=&#187;1_2&#8243; _builder_version=&#187;4.16&#8243; global_colors_info=&#187;{}&#187;][et_pb_text _builder_version=&#187;4.16&#8243; _module_preset=&#187;default&#187; header_6_line_height=&#187;1.6em&#187; custom_margin=&#187;||5px||false|false&#187; custom_padding=&#187;50px||||false|false&#187; global_colors_info=&#187;{}&#187;]<\/p>\n<h6>Langlebig<\/h6>\n<p>[\/et_pb_text][et_pb_text _builder_version=&#187;4.16&#8243; global_colors_info=&#187;{}&#187;]<\/p>\n<h2>5 Jahre Garantie<\/h2>\n<p>[\/et_pb_text][et_pb_text _builder_version=&#187;4.16&#8243; text_font=&#187;Poppins|300|||||||&#187; custom_margin=&#187;-30px||50px||false|false&#187; global_colors_info=&#187;{}&#187;]<\/p>\n<p>Alle unsere Produkte werden in strengen Qualit\u00e4tstests auf Herz und Nieren gepr\u00fcft. Zudem ist unser gesamtes Sortiment mit dem G\u00fctesiegel &#171;Das Goldene M&#187; versehen.<br \/>5 Jahre Garantie &#8211; unser Qulit\u00e4tsversprechen an Sie.<\/br><\/p>\n<p>[\/et_pb_text][\/et_pb_column][et_pb_column type=&#187;1_2&#8243; _builder_version=&#187;4.16&#8243; global_colors_info=&#187;{}&#187;][et_pb_image src=&#187;https:\/\/www.rom1961.com\/wp-content\/uploads\/2021\/02\/Lables.png&#187; alt=&#187;rom1961 Qualit\u00e4tslabel&#187; title_text=&#187;rom1961 Qualit\u00e4tslabel&#187; url=&#187;@ET-DC@eyJkeW5hbWljIjp0cnVlLCJjb250ZW50IjoicG9zdF9saW5rX3VybF9wYWdlIiwic2V0dGluZ3MiOnsicG9zdF9pZCI6IjQ1MyJ9fQ==@&#187; _builder_version=&#187;4.16&#8243; _dynamic_attributes=&#187;url&#187; global_colors_info=&#187;{}&#187;][\/et_pb_image][\/et_pb_column][\/et_pb_row][\/et_pb_section][et_pb_section fb_built=&#187;1&#8243; _builder_version=&#187;4.16&#8243; background_color=&#187;#f2f2f2&#8243; custom_padding=&#187;2px||4px|||&#187; global_colors_info=&#187;{}&#187;][et_pb_row column_structure=&#187;1_2,1_2&#8243; _builder_version=&#187;4.16&#8243; custom_margin=&#187;80px|auto|80px|auto|true|false&#187; global_colors_info=&#187;{}&#187;][et_pb_column type=&#187;1_2&#8243; _builder_version=&#187;4.16&#8243; global_colors_info=&#187;{}&#187;][et_pb_image src=&#187;https:\/\/www.rom1961.com\/wp-content\/uploads\/2021\/07\/Guetesiegel-1.jpg&#187; alt=&#187;rom1961-Guetesiegel&#187; title_text=&#187;Guetesiegel&#187; url=&#187;@ET-DC@eyJkeW5hbWljIjp0cnVlLCJjb250ZW50IjoicG9zdF9saW5rX3VybF9wYWdlIiwic2V0dGluZ3MiOnsicG9zdF9pZCI6IjQ1MyJ9fQ==@&#187; _builder_version=&#187;4.16&#8243; _dynamic_attributes=&#187;url&#187; global_colors_info=&#187;{}&#187;][\/et_pb_image][\/et_pb_column][et_pb_column type=&#187;1_2&#8243; _builder_version=&#187;4.16&#8243; global_colors_info=&#187;{}&#187;][et_pb_text _builder_version=&#187;4.16&#8243; _module_preset=&#187;default&#187; header_6_line_height=&#187;1.6em&#187; custom_margin=&#187;||5px||false|false&#187; custom_padding=&#187;50px||||false|false&#187; global_colors_info=&#187;{}&#187;]<\/p>\n<h6>Pflegeleicht<\/h6>\n<p>[\/et_pb_text][et_pb_text _builder_version=&#187;4.16&#8243; global_colors_info=&#187;{}&#187;]<\/p>\n<h2>100% alltagstaugliche Sofas<\/h2>\n<p>[\/et_pb_text][et_pb_text _builder_version=&#187;4.16&#8243; text_font=&#187;Poppins|300|||||||&#187; custom_margin=&#187;-30px||50px||false|false&#187; global_colors_info=&#187;{}&#187;]<\/p>\n<p>Die Bez\u00fcge f\u00fcr unsere Sofas sind sorgf\u00e4ltig ausgew\u00e4hlt und dank ihrer hohen Qualit\u00e4t ausnahmslos pflegeleicht.<br \/>Bei den Stoffen arbeiten eng mit den Herstellern von Q2 und aquaclean zusammen und freuen uns daher,\u00a0 unseren Kunden erstklassige Bezugsstoffe anbieten zu k\u00f6nnen.<br \/>Genauso verarbeiten wir ausschliesslich chlorfrei gebleichtes Leder aus ausgew\u00e4hlten Gerbereien.<\/p>\n<p>[\/et_pb_text][\/et_pb_column][\/et_pb_row][\/et_pb_section][et_pb_section fb_built=&#187;1&#8243; _builder_version=&#187;4.16&#8243; background_color=&#187;#ffffff&#187; custom_margin=&#187;0px||||false|false&#187; global_colors_info=&#187;{}&#187;][et_pb_row _builder_version=&#187;4.16&#8243; _module_preset=&#187;default&#187; custom_margin=&#187;60px||||false|false&#187; custom_margin_tablet=&#187;&#187; custom_margin_phone=&#187;10px||||false|false&#187; custom_margin_last_edited=&#187;on|phone&#187; global_colors_info=&#187;{}&#187;][et_pb_column type=&#187;4_4&#8243; _builder_version=&#187;4.16&#8243; _module_preset=&#187;default&#187; global_colors_info=&#187;{}&#187;][et_pb_text _builder_version=&#187;4.16&#8243; _module_preset=&#187;default&#187; custom_margin=&#187;-22px||||false|false&#187; locked=&#187;off&#187; global_colors_info=&#187;{}&#187;]<H2>Ihr Weg zum passgenauen Wohlf\u00fchlsofa:<\/h2>\n<p>[\/et_pb_text][\/et_pb_column][\/et_pb_row][et_pb_row _builder_version=&#187;4.16&#8243; _module_preset=&#187;default&#187; custom_padding=&#187;38px||||false|false&#187; custom_css_main_element=&#187;display: flex;&#187; global_colors_info=&#187;{}&#187;][et_pb_column type=&#187;4_4&#8243; _builder_version=&#187;4.16&#8243; _module_preset=&#187;default&#187; custom_css_main_element=&#187;display: flex;&#187; global_colors_info=&#187;{}&#187;][et_pb_image src=&#187;https:\/\/www.rom1961.com\/wp-content\/uploads\/2021\/01\/Rom1961-Plan1B.svg&#187; title_text=&#187;Rom1961-Plan1B&#187; _builder_version=&#187;4.16&#8243; _module_preset=&#187;default&#187; width=&#187;21%&#187; width_tablet=&#187;40%&#187; width_phone=&#187;170%&#187; width_last_edited=&#187;on|desktop&#187; module_alignment=&#187;left&#187; custom_margin=&#187;-34px||||false|false&#187; custom_margin_tablet=&#187;&#187; custom_margin_phone=&#187;&#187; custom_margin_last_edited=&#187;on|phone&#187; custom_padding=&#187;|40px|||false|false&#187; custom_padding_tablet=&#187;&#187; custom_padding_phone=&#187;|20px|||false|false&#187; custom_padding_last_edited=&#187;on|phone&#187; global_colors_info=&#187;{}&#187;][\/et_pb_image][et_pb_text _builder_version=&#187;4.16&#8243; text_font=&#187;Poppins|300|||||||&#187; custom_margin=&#187;-30px||50px||false|false&#187; global_colors_info=&#187;{}&#187;]<\/p>\n<h6>H\u00c4NDLER IN DER N\u00c4HE FINDEN<\/h6>\n<h4>Auf geht&#8217;s zum zertifizierten <br \/>rom1961-Spezialisten<\/h4>\n<p>Alles, was Sie tun m\u00fcssen ist sich auf den Weg zu machen!  Wenn vorhanden, nehmen Sie Ideen, Skizzen und W\u00fcnsche mit und los geht\u2019s zum rom1961-Spezialisten gleich in der N\u00e4he. Das wars, um alles Weitere k\u00fcmmern wir uns. Versprochen.<\/p>\n<p>[\/et_pb_text][\/et_pb_column][\/et_pb_row][et_pb_row _builder_version=&#187;4.16&#8243; _module_preset=&#187;default&#187; custom_css_main_element=&#187;display: flex;&#187; global_colors_info=&#187;{}&#187;][et_pb_column type=&#187;4_4&#8243; _builder_version=&#187;4.16&#8243; _module_preset=&#187;default&#187; custom_css_main_element=&#187;display: flex;&#187; global_colors_info=&#187;{}&#187;][et_pb_image src=&#187;https:\/\/www.rom1961.com\/wp-content\/uploads\/2021\/01\/Rom1961-Plan2B.svg&#187; title_text=&#187;Rom1961-Plan2B&#187; _builder_version=&#187;4.16&#8243; _module_preset=&#187;default&#187; width=&#187;18%&#187; width_tablet=&#187;40%&#187; width_phone=&#187;170%&#187; width_last_edited=&#187;on|desktop&#187; module_alignment=&#187;left&#187; custom_margin=&#187;-34px||||false|false&#187; custom_margin_tablet=&#187;&#187; custom_margin_phone=&#187;&#187; custom_margin_last_edited=&#187;on|desktop&#187; custom_padding=&#187;|40px|||false|false&#187; custom_padding_tablet=&#187;&#187; custom_padding_phone=&#187;|20px|||false|false&#187; custom_padding_last_edited=&#187;on|desktop&#187; global_colors_info=&#187;{}&#187;][\/et_pb_image][et_pb_text _builder_version=&#187;4.16&#8243; text_font=&#187;Poppins|300|||||||&#187; custom_margin=&#187;-30px||50px||false|false&#187; global_colors_info=&#187;{}&#187;]<\/p>\n<h6>SOFA INDIVIDUELL GESTALTEN<\/h6>\n<h4>Sofatraum an unserem 3D-Planer<br \/>lebendig werden lassen<\/h4>\n<p>Beim Spezialisten angekommen nehmen Sie auf einem der rom1961 Sofas Platz. Ein geschulter Berater haucht Ihren Vorstellungen Leben ein und gestaltet Ihr Traum Sofa mit Hilfe unseres 3D-Planers.<\/p>\n<p>[\/et_pb_text][\/et_pb_column][\/et_pb_row][et_pb_row _builder_version=&#187;4.16&#8243; _module_preset=&#187;default&#187; custom_css_main_element=&#187;display: flex;&#187; global_colors_info=&#187;{}&#187;][et_pb_column type=&#187;4_4&#8243; _builder_version=&#187;4.16&#8243; _module_preset=&#187;default&#187; custom_css_main_element=&#187;display: flex;&#187; global_colors_info=&#187;{}&#187;][et_pb_image src=&#187;https:\/\/www.rom1961.com\/wp-content\/uploads\/2021\/01\/Rom1961-Plan3B.svg&#187; title_text=&#187;Rom1961-Plan3B&#187; _builder_version=&#187;4.16&#8243; _module_preset=&#187;default&#187; width=&#187;18%&#187; width_tablet=&#187;40%&#187; width_phone=&#187;170%&#187; width_last_edited=&#187;on|desktop&#187; module_alignment=&#187;left&#187; custom_margin=&#187;-34px||||false|false&#187; custom_margin_tablet=&#187;&#187; custom_margin_phone=&#187;&#187; custom_margin_last_edited=&#187;on|desktop&#187; custom_padding=&#187;|40px|||false|false&#187; custom_padding_tablet=&#187;&#187; custom_padding_phone=&#187;|20px|||false|false&#187; custom_padding_last_edited=&#187;on|phone&#187; global_colors_info=&#187;{}&#187;][\/et_pb_image][et_pb_text _builder_version=&#187;4.16&#8243; text_font=&#187;Poppins|300|||||||&#187; custom_margin=&#187;-30px||50px||false|false&#187; global_colors_info=&#187;{}&#187;]<\/p>\n<h6>WOHNEN NEU ERLEBEN<\/h6>\n<h4>Den perfekten Wohnmittelpunkt<br \/> f\u00fcr alle schaffen<\/h4>\n<p>(Er)Leben und einfach Wohlf\u00fchlen! Denn mit Ihrem Traumsofa von rom1961 hat Ihr Heim endlich den perfekten Wohnmittelpunkt. F\u00fcr Familie und Freunde, f\u00fcr laute und stille Stunden und vor allem: F\u00fcr Sie! <\/p>\n<p>[\/et_pb_text][\/et_pb_column][\/et_pb_row][\/et_pb_section][et_pb_section fb_built=&#187;1&#8243; _builder_version=&#187;4.16&#8243; background_color=&#187;#f2f2f2&#8243; custom_padding=&#187;||1px|||&#187; global_colors_info=&#187;{}&#187;][et_pb_row _builder_version=&#187;4.16&#8243; global_colors_info=&#187;{}&#187;][et_pb_column type=&#187;4_4&#8243; _builder_version=&#187;4.16&#8243; global_colors_info=&#187;{}&#187;][et_pb_text _builder_version=&#187;4.16&#8243; _module_preset=&#187;default&#187; custom_margin=&#187;||5px||false|false&#187; custom_margin_tablet=&#187;&#187; custom_margin_phone=&#187;&#187; custom_margin_last_edited=&#187;on|phone&#187; custom_padding=&#187;10px||||false|false&#187; global_colors_info=&#187;{}&#187;]<\/p>\n<h6><b>SOFA<\/b>kompetenz<\/h6>\n<p>[\/et_pb_text][et_pb_text _builder_version=&#187;4.16&#8243; global_colors_info=&#187;{}&#187;]<\/p>\n<h2>Individuelle Beratung vom Spezialisten<\/h2>\n<p>[\/et_pb_text][et_pb_text _builder_version=&#187;4.16&#8243; text_font=&#187;Poppins|300|||||||&#187; custom_margin=&#187;-30px||50px||false|false&#187; global_colors_info=&#187;{}&#187;]<\/p>\n<p>Unsere Einrichtungsspezialisten beraten Sie kompetent und begleiten Sie auf Ihrem Weg vom Sofa-Traum zum Traum-Sofa.<br \/>Unsere H\u00e4ndlersuche weist Ihnen den Weg zum n\u00e4chsten rom1961 Spezialisten. Machen Sie den ersten Schritt, wir k\u00fcmmern uns um den Rest.<\/br><\/p>\n<p>[\/et_pb_text][et_pb_button button_url=&#187;@ET-DC@eyJkeW5hbWljIjp0cnVlLCJjb250ZW50IjoicG9zdF9saW5rX3VybF9wYWdlIiwic2V0dGluZ3MiOnsicG9zdF9pZCI6IjE1NTgifX0=@&#187; button_text=&#187;Zum H\u00e4ndler in Ihrer N\u00e4he&#187; button_alignment=&#187;left&#187; disabled_on=&#187;off|off|off&#187; admin_label=&#187;Button&#187; _builder_version=&#187;4.21.0&#8243; _dynamic_attributes=&#187;button_url&#187; button_text_size=&#187;12px&#187; custom_margin=&#187;0px||30px|0px|false|false&#187; custom_margin_tablet=&#187;&#187; custom_margin_phone=&#187;0px|||0px|false|false&#187; custom_margin_last_edited=&#187;on|desktop&#187; custom_padding=&#187;5px|30px|5px|30px|true|false&#187; custom_padding_tablet=&#187;15px||15px||true|true&#187; custom_padding_phone=&#187;10px|30px|10px|30px|true|true&#187; custom_padding_last_edited=&#187;on|tablet&#187; button_text_size_tablet=&#187;&#187; button_text_size_phone=&#187;12px&#187; button_text_size_last_edited=&#187;on|phone&#187; button_border_color_last_edited=&#187;off|desktop&#187; global_module=&#187;142&#8243; saved_tabs=&#187;all&#187; locked=&#187;off&#187; global_colors_info=&#187;{}&#187; button_border_color__hover=&#187;#b61b1c&#187; button_bg_color__hover=&#187;#b61b1c&#187; button_bg_enable_color__hover=&#187;on&#187;][\/et_pb_button][\/et_pb_column][\/et_pb_row][et_pb_row use_custom_gutter=&#187;on&#187; gutter_width=&#187;1&#8243; _builder_version=&#187;4.16&#8243; _module_preset=&#187;default&#187; global_colors_info=&#187;{}&#187;][et_pb_column type=&#187;4_4&#8243; _builder_version=&#187;4.16&#8243; _module_preset=&#187;default&#187; global_colors_info=&#187;{}&#187;][dsm_card_carousel centered_slides=&#187;on&#187; slide_to_show=&#187;2&#8243; speed=&#187;872&#8243; pause_on_hover=&#187;on&#187; arrow_color=&#187;#9a8c80&#8243; dots_active_color=&#187;#9a8c80&#8243; badge_background_color=&#187;rgba(0,0,0,0)&#187; _builder_version=&#187;4.21.0&#8243; _module_preset=&#187;default&#187; badge_text_color=&#187;#ffffff&#187; hover_enabled=&#187;0&#8243; global_colors_info=&#187;{}&#187; sticky_enabled=&#187;0&#8243;][dsm_card_carousel_child image=&#187;https:\/\/www.rom1961.com\/wp-content\/uploads\/2020\/09\/Rom-Familie.jpg&#187; badge_text=&#187;Tamour Sofa&#187; badge_background_color=&#187;#9a8c80&#8243; badge_url=&#187;@ET-DC@eyJkeW5hbWljIjp0cnVlLCJjb250ZW50IjoicG9zdF9saW5rX3VybF9wcm9kdWN0Iiwic2V0dGluZ3MiOnsicG9zdF9pZCI6IjE0MDUifX0=@&#187; alt=&#187;Rom Familie&#187; button_url_new_window=&#187;1&#8243; _builder_version=&#187;4.21.0&#8243; _dynamic_attributes=&#187;badge_url&#187; _module_preset=&#187;default&#187; hover_enabled=&#187;0&#8243; border_radii_badge=&#187;on|0px|0px|0px|0px&#187; global_colors_info=&#187;{}&#187; parent_button=&#187;off&#187; sticky_enabled=&#187;0&#8243;][\/dsm_card_carousel_child][dsm_card_carousel_child image=&#187;https:\/\/www.rom1961.com\/wp-content\/uploads\/2020\/09\/Rom-Playstation-Zone.jpg&#187; badge_text=&#187;Adora Ecksofa&#187; badge_background_color=&#187;#9a8c80&#8243; badge_url=&#187;@ET-DC@eyJkeW5hbWljIjp0cnVlLCJjb250ZW50IjoicG9zdF9saW5rX3VybF9wcm9kdWN0Iiwic2V0dGluZ3MiOnsicG9zdF9pZCI6IjEyNTYifX0=@&#187; alt=&#187;Rom Playstation Zone&#187; button_url_new_window=&#187;1&#8243; _builder_version=&#187;4.21.0&#8243; _dynamic_attributes=&#187;badge_url&#187; _module_preset=&#187;default&#187; hover_enabled=&#187;0&#8243; border_radii_badge=&#187;on|0px|0px|0px|0px&#187; global_colors_info=&#187;{}&#187; parent_button=&#187;off&#187; sticky_enabled=&#187;0&#8243;][\/dsm_card_carousel_child][dsm_card_carousel_child image=&#187;https:\/\/www.rom1961.com\/wp-content\/uploads\/2023\/05\/rom1961_MATHEO_2-Sitzer_mit_Kissen.png&#187; badge_text=&#187;Matheo &#187; badge_background_color=&#187;#9a8c80&#8243; badge_url=&#187;@ET-DC@eyJkeW5hbWljIjp0cnVlLCJjb250ZW50IjoicG9zdF9saW5rX3VybF9wcm9kdWN0Iiwic2V0dGluZ3MiOnsicG9zdF9pZCI6IjE2NDcifX0=@&#187; alt=&#187;Rom Radius Sessel M\u00e4rchenstunde&#187; button_url_new_window=&#187;1&#8243; _builder_version=&#187;4.21.0&#8243; _dynamic_attributes=&#187;badge_url&#187; _module_preset=&#187;default&#187; hover_enabled=&#187;0&#8243; border_radii_badge=&#187;on|0px|0px|0px|0px&#187; global_colors_info=&#187;{}&#187; parent_button=&#187;off&#187; title_text=&#187;rom1961_MATHEO_2-Sitzer_mit_Kissen&#187; sticky_enabled=&#187;0&#8243;][\/dsm_card_carousel_child][\/dsm_card_carousel][\/et_pb_column][\/et_pb_row][\/et_pb_section]<\/p>\n","protected":false},"excerpt":{"rendered":"<p>Aus Leidenschaft f\u00fcr passgenaue SofasDer perfekte Wohnmittelpunkt entsteht, wenn sich auf dem Sofa jeder auf seine Art wohlf\u00fchlt und es jedem Anlass den richtigen Rahmen und Komfort bietet. Dann w\u00e4chst die Familie zusammen und kann Freunde willkommen hei\u00dfen. &#171;F\u00fcr mehr gl\u00fcckliche Sofamomente&#187; ist unser Leitgedanke. Den setzen wir mit Leidenschaft f\u00fcr jeden Kunden neu um.SOFAszinierendF\u00fcr [&hellip;]<\/p>\n","protected":false},"author":20,"featured_media":0,"parent":0,"menu_order":0,"comment_status":"closed","ping_status":"closed","template":"","meta":{"_acf_changed":false,"_et_pb_use_builder":"on","_et_pb_old_content":"","_et_gb_content_width":"","inline_featured_image":false,"footnotes":""},"class_list":["post-23833","page","type-page","status-publish","hentry"],"acf":[],"_links":{"self":[{"href":"https:\/\/www.rom1961.com\/ch_de\/wp-json\/wp\/v2\/pages\/23833","targetHints":{"allow":["GET"]}}],"collection":[{"href":"https:\/\/www.rom1961.com\/ch_de\/wp-json\/wp\/v2\/pages"}],"about":[{"href":"https:\/\/www.rom1961.com\/ch_de\/wp-json\/wp\/v2\/types\/page"}],"author":[{"embeddable":true,"href":"https:\/\/www.rom1961.com\/ch_de\/wp-json\/wp\/v2\/users\/20"}],"replies":[{"embeddable":true,"href":"https:\/\/www.rom1961.com\/ch_de\/wp-json\/wp\/v2\/comments?post=23833"}],"version-history":[{"count":1,"href":"https:\/\/www.rom1961.com\/ch_de\/wp-json\/wp\/v2\/pages\/23833\/revisions"}],"predecessor-version":[{"id":65182,"href":"https:\/\/www.rom1961.com\/ch_de\/wp-json\/wp\/v2\/pages\/23833\/revisions\/65182"}],"wp:attachment":[{"href":"https:\/\/www.rom1961.com\/ch_de\/wp-json\/wp\/v2\/media?parent=23833"}],"curies":[{"name":"wp","href":"https:\/\/api.w.org\/{rel}","templated":true}]}}