{"id":47793,"date":"2022-08-25T13:23:03","date_gmt":"2022-08-25T13:23:03","guid":{"rendered":"https:\/\/www.rom1961.com\/?page_id=47793"},"modified":"2025-12-15T09:22:33","modified_gmt":"2025-12-15T09:22:33","slug":"stellenangebot-ausbildung-public-business-administration","status":"publish","type":"page","link":"https:\/\/www.rom1961.com\/be_nl\/karriere\/stellenangebot-ausbildung-public-business-administration\/","title":{"rendered":"Stellenangebot Ausbildung"},"content":{"rendered":"<p>[et_pb_section fb_built=&#8221;1&#8243; fullwidth=&#8221;on&#8221; _builder_version=&#8221;4.16&#8243; _module_preset=&#8221;default&#8221; global_colors_info=&#8221;{}&#8221;][et_pb_fullwidth_header title=&#8221;Karriere bei ROM&#8221; _builder_version=&#8221;4.16&#8243; title_level=&#8221;h3&#8243; title_font=&#8221;Montserrat|300|||||||&#8221; title_text_color=&#8221;#E76634&#8243; title_font_size=&#8221;40px&#8221; background_color=&#8221;RGBA(0,0,0,0)&#8221; background_image=&#8221;https:\/\/www.rom1961.com\/wp-content\/uploads\/2021\/12\/HEADER-Jobs.jpg&#8221; min_height=&#8221;300px&#8221; custom_margin=&#8221;0px||||false|false&#8221; custom_padding=&#8221;150px||||false|false&#8221; title_text_color_phone=&#8221;#ffffff&#8221; title_text_color_last_edited=&#8221;off|desktop&#8221; background_last_edited=&#8221;on|phone&#8221; background_position_phone=&#8221;center_left&#8221; global_colors_info=&#8221;{}&#8221;][\/et_pb_fullwidth_header][\/et_pb_section][et_pb_section fb_built=&#8221;1&#8243; _builder_version=&#8221;4.16&#8243; _module_preset=&#8221;default&#8221; global_colors_info=&#8221;{}&#8221;][et_pb_row _builder_version=&#8221;4.21.0&#8243; _dynamic_attributes=&#8221;link_option_url&#8221; _module_preset=&#8221;default&#8221; custom_padding=&#8221;||8px|||&#8221; link_option_url=&#8221;@ET-DC@eyJkeW5hbWljIjp0cnVlLCJjb250ZW50IjoicG9zdF9saW5rX3VybF9wYWdlIiwic2V0dGluZ3MiOnsicG9zdF9pZCI6IjE4OTIwIn19@&#8221; locked=&#8221;off&#8221; global_colors_info=&#8221;{}&#8221;][et_pb_column type=&#8221;4_4&#8243; _builder_version=&#8221;4.21.0&#8243; _module_preset=&#8221;default&#8221; global_colors_info=&#8221;{}&#8221;][et_pb_image src=&#8221;https:\/\/www.rom1961.com\/wp-content\/uploads\/2021\/11\/Zuru\u0308ck-zur-Uebersicht.png&#8221; title_text=&#8221;Zuru\u0308ck-zur-Uebersicht&#8221; _builder_version=&#8221;4.21.0&#8243; _module_preset=&#8221;default&#8221; width=&#8221;15%&#8221; width_tablet=&#8221;20%&#8221; width_phone=&#8221;55%&#8221; width_last_edited=&#8221;on|phone&#8221; global_colors_info=&#8221;{}&#8221;][\/et_pb_image][\/et_pb_column][\/et_pb_row][et_pb_row _builder_version=&#8221;4.16&#8243; _module_preset=&#8221;default&#8221; global_colors_info=&#8221;{}&#8221;][et_pb_column type=&#8221;4_4&#8243; _builder_version=&#8221;4.16&#8243; _module_preset=&#8221;default&#8221; global_colors_info=&#8221;{}&#8221;][et_pb_text _builder_version=&#8221;4.21.0&#8243; _module_preset=&#8221;default&#8221; text_text_color=&#8221;#E76634&#8243; custom_margin=&#8221;20px||||false|false&#8221; global_colors_info=&#8221;{}&#8221;]Wir suchen Dich und bieten 2 Ausbildungspl\u00e4tze:[\/et_pb_text][et_pb_text _builder_version=&#8221;4.21.0&#8243; _module_preset=&#8221;default&#8221; global_colors_info=&#8221;{}&#8221;]<\/p>\n<h1><span data-contrast=\"auto\" class=\"TextRun  BCX0 SCXW8535799\"><span class=\"NormalTextRun  BCX0 SCXW8535799\">Duale Bachelor-Ausbildung in Public &amp; Business Administration (m\/w\/d)<\/span><\/span><br \/>\n<\/h1>\n<p>[\/et_pb_text][et_pb_text _builder_version=&#8221;4.27.4&#8243; _module_preset=&#8221;default&#8221; text_font=&#8221;Poppins|300|||||||&#8221; hover_enabled=&#8221;0&#8243; global_colors_info=&#8221;{}&#8221; sticky_enabled=&#8221;0&#8243;]<\/p>\n<p>Wir \u2013 das sind 700 Kollegen an 3 Standorten \u2013 entwickeln, bauen und vertreiben die weltweit flexibelsten Polsterm\u00f6bel-Kollektionen in industrieller Einzelanfertigung.<br \/>In unseren Produkten steckt die smarteste Technologie unserer Branche \u00fcberhaupt.<br \/>M\u00f6chtest Du eine duale Ausbildung im Bereich Public and Business Administration absolvieren und dabei in einem famili\u00e4ren, agilen, mit flachen Hierarchien und wertbest\u00e4ndigem Unternehmen lernen und Dich selber verwirklichen, dann werde Teil unseres Teams!<br \/>Die Firma Rom AG, mit Sitz in Eupen, ist ein international t\u00e4tiges Unternehmen.<br \/>Entdecke auf www.rom1961.com, was uns als Hersteller und Arbeitgeber einzigartig macht.<\/p>\n<p>[\/et_pb_text][et_pb_text disabled_on=&#8221;on|on|on&#8221; _builder_version=&#8221;4.16&#8243; _module_preset=&#8221;default&#8221; text_font=&#8221;Poppins|300|||||||&#8221; disabled=&#8221;on&#8221; global_colors_info=&#8221;{}&#8221;]<\/p>\n<h4>Zu deinen Aufgaben z\u00e4hlen:<\/h4>\n<p>1. Die Gr\u00fcndung der Ausbildungsakademie &#8220;SofAcademy&#8221;. Du legst den Rahmen und die Struktur fest und entwickelst die richtigen Tools und Schulungsunterlagen. Du arbeitest mit deinen Kollegen aus den verschiedenen Abteilungen zusammen und stehst den Vertriebspartnern und ROM-Vertriebskollegen nahe.<\/p>\n<p>2. Du entwickelst unseren iROM 3D-M\u00f6belkonfigurator gemeinsam mit unseren IT-Kollegen weiter &#8211; ein unverzichtbares Instrument im Verkaufsprozess und Standard in der M\u00f6belindustrie. Dein Ziel ist es, den Verkauf unserer komplexen Produkte so einfach und unterhaltsam wie m\u00f6glich zu machen.<\/p>\n<p>[\/et_pb_text][et_pb_text ul_item_indent=&#8221;40px&#8221; ul_item_indent_tablet=&#8221;&#8221; ul_item_indent_phone=&#8221;20px&#8221; ul_item_indent_last_edited=&#8221;on|phone&#8221; _builder_version=&#8221;4.27.4&#8243; _module_preset=&#8221;default&#8221; text_font=&#8221;Poppins|300|||||||&#8221; ul_font=&#8221;Poppins|300|||||||&#8221; ul_font_size=&#8221;13px&#8221; ul_line_height=&#8221;2em&#8221; hover_enabled=&#8221;0&#8243; ul_font_size_tablet=&#8221;16px&#8221; ul_font_size_phone=&#8221;16px&#8221; ul_font_size_last_edited=&#8221;on|desktop&#8221; global_colors_info=&#8221;{}&#8221; sticky_enabled=&#8221;0&#8243;]<\/p>\n<h4>Wesentliche Aufgaben der Ausbildung :<\/h4>\n<ul>\n<li>Schwerpunkt und Unterst\u00fctzung in der Fakturation, Kundenbuchhaltung und im Vertriebsinnendienst<\/li>\n<li>Mitarbeit im Prozess Supply-Chain (Planung &amp; Logistik)<\/li>\n<li>Einsicht und projektorientiertes Arbeiten im Marketing<\/li>\n<\/ul>\n<h4>Was Dich auszeichnet :<\/h4>\n<ul>\n<li>Erfolgreich abgeschlossenes Abitur<\/li>\n<li>Du bist deutschsprachig, Franz\u00f6sischkenntnisse sind von Vorteil<\/li>\n<li>zus\u00e4tzliche Sprachkenntnisse in Englisch und Niederl\u00e4ndisch sind von<br \/>Vorteil.<\/li>\n<li>Du besitzt Kenntnisse der MS Office Programme<\/li>\n<li>Dich reizt die Arbeit in einem internationalen Umfeld<\/li>\n<\/ul>\n<h4>Deine St\u00e4rken:<\/h4>\n<ul>\n<li>Du bist authentisch, ehrlich, motiviert und teamf\u00e4hig.<\/li>\n<li>Du bist zuverl\u00e4ssig, kontaktfreudig und ein guter Zuh\u00f6rer.<\/li>\n<li>Du besitzt die F\u00e4higkeit, Dich selbst und andere zu organisieren.<\/li>\n<\/ul>\n<h4>Was bietet ROM mir?<\/h4>\n<ul>\n<li>Ein cooles und internationales Arbeitsumfeld &#8220;vor der Haust\u00fcre&#8221;.<\/li>\n<li>Einen modernen Arbeitsplatz in einer kreativen Umgebung.<\/li>\n<li>Ein erfahrenes, dynamisches Team, das Dich w\u00e4hrend Deiner Ausbildungszeit coacht und begleitet und Dir die Chance gibt, durch Eigeninitiative zu wachsen.<\/li>\n<\/ul>\n<h4>&#8220;Genau das was ich suche !&#8221; sagst du Dir jetzt ?<\/h4>\n<p>Dann melde Dich noch heute bei <a href=\"mailto:%20sylvie.luchte@rom.be\">jobs@rom.be<\/a>.<\/p>\n<p>Wir freuen uns auf Deine Bewerbung!<\/p>\n<p>[\/et_pb_text][et_pb_text ul_item_indent=&#8221;40px&#8221; ul_item_indent_tablet=&#8221;&#8221; ul_item_indent_phone=&#8221;20px&#8221; ul_item_indent_last_edited=&#8221;on|phone&#8221; disabled_on=&#8221;on|on|on&#8221; _builder_version=&#8221;4.16&#8243; _module_preset=&#8221;default&#8221; text_font=&#8221;Poppins|300|||||||&#8221; ul_font=&#8221;Poppins|300|||||||&#8221; ul_font_size=&#8221;13px&#8221; ul_line_height=&#8221;2em&#8221; custom_margin=&#8221;-55px||||false|false&#8221; ul_font_size_tablet=&#8221;16px&#8221; ul_font_size_phone=&#8221;16px&#8221; ul_font_size_last_edited=&#8221;on|desktop&#8221; disabled=&#8221;on&#8221; global_colors_info=&#8221;{}&#8221;]<\/p>\n<p>&nbsp;<\/p>\n<h4>Wer ist ROM?<\/h4>\n<ul>\n<li>ROM ist ein international ausgerichteter Familenbetrieb in der 3. Generation.<\/li>\n<li>ROM ist der innovativste Hersteller von Polsterm\u00f6beln in Europa und produziert an eigenen Standorten in 4 L\u00e4ndern.<\/li>\n<li>ROM verkauft seine Sofas (fast) auf der gesamten Nordhalbkugel.<\/li>\n<li>Bei ROM entwickeln, bauen und vertreiben 900 sofabegeisterte Kollegen die weltweit flexibelsten Polsterm\u00f6bel-Kollektionen.<\/li>\n<\/ul>\n<h4><\/h4>\n<h4>Was ist unsere Vision?<\/h4>\n<p>Wir wollen das kundenorientierteste Unternehmen unserer Branche sein.<br \/>Das erreichen wir, indem wir:<\/p>\n<ul>\n<li>die innovativsten Produkte entwickeln,<\/li>\n<li>das beeindruckendste Marken- und Produkterlebnis bieten,<\/li>\n<li>mit den besten und motiviertesten Talenten zusammenarbeiten.<\/li>\n<\/ul>\n<h4>Du hast die Kompetenzen, die wir suchen?<\/h4>\n<p>Dann melde dich unter <a href=\"mailto:%20jobs@rom.be\">jobs@rom.be<\/a><\/p>\n<p>Wir freuen uns auf deine Bewerbung!<\/p>\n<p>[\/et_pb_text][\/et_pb_column][\/et_pb_row][\/et_pb_section][et_pb_section fb_built=&#8221;1&#8243; admin_label=&#8221;Footer&#8221; _builder_version=&#8221;4.21.0&#8243; background_color=&#8221;#9A8C80&#8243; custom_padding=&#8221;60px||60px||true|false&#8221; saved_tabs=&#8221;all&#8221; global_colors_info=&#8221;{}&#8221;][et_pb_row column_structure=&#8221;1_4,1_4,1_2&#8243; _builder_version=&#8221;4.16&#8243; global_colors_info=&#8221;{}&#8221;][et_pb_column type=&#8221;1_4&#8243; _builder_version=&#8221;4.16&#8243; custom_padding=&#8221;|||&#8221; global_colors_info=&#8221;{}&#8221; custom_padding__hover=&#8221;|||&#8221;][et_pb_text _builder_version=&#8221;4.16&#8243; header_font=&#8221;||||||||&#8221; header_4_font=&#8221;Raleway|700|||||||&#8221; header_4_text_color=&#8221;#FFFFFF&#8221; header_4_font_size=&#8221;22px&#8221; header_4_line_height=&#8221;1.4em&#8221; custom_margin=&#8221;||10px|&#8221; global_colors_info=&#8221;{}&#8221;]<\/p>\n<h4>Postanschrift<\/h4>\n<p>[\/et_pb_text][et_pb_text _builder_version=&#8221;4.16&#8243; text_font=&#8221;Poppins||||||||&#8221; text_text_color=&#8221;#FFFFFF&#8221; text_line_height=&#8221;1.6em&#8221; global_colors_info=&#8221;{}&#8221;]<\/p>\n<p>ROM ag<\/p>\n<p>Industriestra\u00dfe 38<\/p>\n<p>4700 Eupen<\/p>\n<p>Belgien<\/p>\n<p>[\/et_pb_text][\/et_pb_column][et_pb_column type=&#8221;1_4&#8243; _builder_version=&#8221;4.16&#8243; custom_padding=&#8221;|||&#8221; global_colors_info=&#8221;{}&#8221; custom_padding__hover=&#8221;|||&#8221;][et_pb_text _builder_version=&#8221;4.16&#8243; header_font=&#8221;||||||||&#8221; header_4_font=&#8221;Raleway|700|||||||&#8221; header_4_text_color=&#8221;#FFFFFF&#8221; header_4_font_size=&#8221;22px&#8221; header_4_line_height=&#8221;1.4em&#8221; custom_margin=&#8221;||10px|&#8221; global_colors_info=&#8221;{}&#8221;]<\/p>\n<h4>Melde dich:<\/h4>\n<p>[\/et_pb_text][et_pb_text ul_type=&#8221;none&#8221; ul_item_indent=&#8221;1px&#8221; _builder_version=&#8221;4.21.0&#8243; link_text_color=&#8221;#FFFFFF&#8221; ul_font=&#8221;Poppins||||||||&#8221; ul_font_size=&#8221;16px&#8221; ul_line_height=&#8221;2em&#8221; global_colors_info=&#8221;{}&#8221;]<\/p>\n<ul>\n<li><a href=\"mailto:%20sylvie.luchte@rom.be\">sylvie.luchte@rom.be<\/a><br \/><a href=\"tel:+3287595967\">+32 87 59 59 67<\/a><\/li>\n<\/ul>\n<p>[\/et_pb_text][\/et_pb_column][et_pb_column type=&#8221;1_2&#8243; _builder_version=&#8221;4.16&#8243; custom_padding=&#8221;|||&#8221; global_colors_info=&#8221;{}&#8221; custom_padding__hover=&#8221;|||&#8221;][et_pb_image src=&#8221;https:\/\/www.rom1961.com\/wp-content\/uploads\/2021\/12\/ROM-Website-19.05.20160442-1.jpg&#8221; alt=&#8221;rom1961 Kontakt&#8221; title_text=&#8221;rom1961 Kontakt&#8221; _builder_version=&#8221;4.16&#8243; _module_preset=&#8221;default&#8221; global_colors_info=&#8221;{}&#8221;][\/et_pb_image][\/et_pb_column][\/et_pb_row][et_pb_row _builder_version=&#8221;4.16&#8243; _dynamic_attributes=&#8221;link_option_url&#8221; _module_preset=&#8221;default&#8221; custom_padding=&#8221;||8px|||&#8221; link_option_url=&#8221;@ET-DC@eyJkeW5hbWljIjp0cnVlLCJjb250ZW50IjoicG9zdF9saW5rX3VybF9wYWdlIiwic2V0dGluZ3MiOnsicG9zdF9pZCI6IjE4OTIwIn19@&#8221; locked=&#8221;off&#8221; global_colors_info=&#8221;{}&#8221;][et_pb_column type=&#8221;4_4&#8243; _builder_version=&#8221;4.21.0&#8243; _module_preset=&#8221;default&#8221; global_colors_info=&#8221;{}&#8221;][et_pb_image src=&#8221;https:\/\/www.rom1961.com\/wp-content\/uploads\/2021\/11\/Zuru\u0308ck-zur-Uebersicht.png&#8221; title_text=&#8221;Zuru\u0308ck-zur-Uebersicht&#8221; _builder_version=&#8221;4.21.0&#8243; _module_preset=&#8221;default&#8221; width=&#8221;15%&#8221; width_tablet=&#8221;20%&#8221; width_phone=&#8221;55%&#8221; width_last_edited=&#8221;on|phone&#8221; locked=&#8221;off&#8221; global_colors_info=&#8221;{}&#8221;][\/et_pb_image][\/et_pb_column][\/et_pb_row][\/et_pb_section]<\/p>\n","protected":false},"excerpt":{"rendered":"<p>Wir suchen Dich und bieten 2 Ausbildungspl\u00e4tze:Duale Bachelor-Ausbildung in Public &amp; Business Administration (m\/w\/d) Wir \u2013 das sind 700 Kollegen an 3 Standorten \u2013 entwickeln, bauen und vertreiben die weltweit flexibelsten Polsterm\u00f6bel-Kollektionen in industrieller Einzelanfertigung.In unseren Produkten steckt die smarteste Technologie unserer Branche \u00fcberhaupt.M\u00f6chtest Du eine duale Ausbildung im Bereich Public and Business Administration absolvieren [&hellip;]<\/p>\n","protected":false},"author":20,"featured_media":0,"parent":18920,"menu_order":0,"comment_status":"closed","ping_status":"closed","template":"","meta":{"_acf_changed":false,"_et_pb_use_builder":"on","_et_pb_old_content":"","_et_gb_content_width":"","inline_featured_image":false,"footnotes":""},"class_list":["post-47793","page","type-page","status-publish","hentry"],"acf":[],"_links":{"self":[{"href":"https:\/\/www.rom1961.com\/be_nl\/wp-json\/wp\/v2\/pages\/47793","targetHints":{"allow":["GET"]}}],"collection":[{"href":"https:\/\/www.rom1961.com\/be_nl\/wp-json\/wp\/v2\/pages"}],"about":[{"href":"https:\/\/www.rom1961.com\/be_nl\/wp-json\/wp\/v2\/types\/page"}],"author":[{"embeddable":true,"href":"https:\/\/www.rom1961.com\/be_nl\/wp-json\/wp\/v2\/users\/20"}],"replies":[{"embeddable":true,"href":"https:\/\/www.rom1961.com\/be_nl\/wp-json\/wp\/v2\/comments?post=47793"}],"version-history":[{"count":2,"href":"https:\/\/www.rom1961.com\/be_nl\/wp-json\/wp\/v2\/pages\/47793\/revisions"}],"predecessor-version":[{"id":79118,"href":"https:\/\/www.rom1961.com\/be_nl\/wp-json\/wp\/v2\/pages\/47793\/revisions\/79118"}],"up":[{"embeddable":true,"href":"https:\/\/www.rom1961.com\/be_nl\/wp-json\/wp\/v2\/pages\/18920"}],"wp:attachment":[{"href":"https:\/\/www.rom1961.com\/be_nl\/wp-json\/wp\/v2\/media?parent=47793"}],"curies":[{"name":"wp","href":"https:\/\/api.w.org\/{rel}","templated":true}]}}