{"id":47793,"date":"2022-08-25T13:23:03","date_gmt":"2022-08-25T13:23:03","guid":{"rendered":"https:\/\/www.rom1961.com\/?page_id=47793"},"modified":"2025-12-15T09:22:33","modified_gmt":"2025-12-15T09:22:33","slug":"stellenangebot-ausbildung-public-business-administration","status":"publish","type":"page","link":"https:\/\/www.rom1961.com\/be_fr\/karriere\/stellenangebot-ausbildung-public-business-administration\/","title":{"rendered":"Stellenangebot Ausbildung"},"content":{"rendered":"<p>[et_pb_section fb_built=\u00a0\u00bb1&Prime; fullwidth=\u00a0\u00bbon\u00a0\u00bb _builder_version=\u00a0\u00bb4.16&Prime; _module_preset=\u00a0\u00bbdefault\u00a0\u00bb global_colors_info=\u00a0\u00bb{}\u00a0\u00bb][et_pb_fullwidth_header title=\u00a0\u00bbKarriere bei ROM\u00a0\u00bb _builder_version=\u00a0\u00bb4.16&Prime; title_level=\u00a0\u00bbh3&Prime; title_font=\u00a0\u00bbMontserrat|300|||||||\u00a0\u00bb title_text_color=\u00a0\u00bb#E76634&Prime; title_font_size=\u00a0\u00bb40px\u00a0\u00bb background_color=\u00a0\u00bbRGBA(0,0,0,0)\u00a0\u00bb background_image=\u00a0\u00bbhttps:\/\/www.rom1961.com\/wp-content\/uploads\/2021\/12\/HEADER-Jobs.jpg\u00a0\u00bb min_height=\u00a0\u00bb300px\u00a0\u00bb custom_margin=\u00a0\u00bb0px||||false|false\u00a0\u00bb custom_padding=\u00a0\u00bb150px||||false|false\u00a0\u00bb title_text_color_phone=\u00a0\u00bb#ffffff\u00a0\u00bb title_text_color_last_edited=\u00a0\u00bboff|desktop\u00a0\u00bb background_last_edited=\u00a0\u00bbon|phone\u00a0\u00bb background_position_phone=\u00a0\u00bbcenter_left\u00a0\u00bb global_colors_info=\u00a0\u00bb{}\u00a0\u00bb][\/et_pb_fullwidth_header][\/et_pb_section][et_pb_section fb_built=\u00a0\u00bb1&Prime; _builder_version=\u00a0\u00bb4.16&Prime; _module_preset=\u00a0\u00bbdefault\u00a0\u00bb global_colors_info=\u00a0\u00bb{}\u00a0\u00bb][et_pb_row _builder_version=\u00a0\u00bb4.21.0&Prime; _dynamic_attributes=\u00a0\u00bblink_option_url\u00a0\u00bb _module_preset=\u00a0\u00bbdefault\u00a0\u00bb custom_padding=\u00a0\u00bb||8px|||\u00a0\u00bb link_option_url=\u00a0\u00bb@ET-DC@eyJkeW5hbWljIjp0cnVlLCJjb250ZW50IjoicG9zdF9saW5rX3VybF9wYWdlIiwic2V0dGluZ3MiOnsicG9zdF9pZCI6IjE4OTIwIn19@\u00a0\u00bb locked=\u00a0\u00bboff\u00a0\u00bb global_colors_info=\u00a0\u00bb{}\u00a0\u00bb][et_pb_column type=\u00a0\u00bb4_4&Prime; _builder_version=\u00a0\u00bb4.21.0&Prime; _module_preset=\u00a0\u00bbdefault\u00a0\u00bb global_colors_info=\u00a0\u00bb{}\u00a0\u00bb][et_pb_image src=\u00a0\u00bbhttps:\/\/www.rom1961.com\/wp-content\/uploads\/2021\/11\/Zuru\u0308ck-zur-Uebersicht.png\u00a0\u00bb title_text=\u00a0\u00bbZuru\u0308ck-zur-Uebersicht\u00a0\u00bb _builder_version=\u00a0\u00bb4.21.0&Prime; _module_preset=\u00a0\u00bbdefault\u00a0\u00bb width=\u00a0\u00bb15%\u00a0\u00bb width_tablet=\u00a0\u00bb20%\u00a0\u00bb width_phone=\u00a0\u00bb55%\u00a0\u00bb width_last_edited=\u00a0\u00bbon|phone\u00a0\u00bb global_colors_info=\u00a0\u00bb{}\u00a0\u00bb][\/et_pb_image][\/et_pb_column][\/et_pb_row][et_pb_row _builder_version=\u00a0\u00bb4.16&Prime; _module_preset=\u00a0\u00bbdefault\u00a0\u00bb global_colors_info=\u00a0\u00bb{}\u00a0\u00bb][et_pb_column type=\u00a0\u00bb4_4&Prime; _builder_version=\u00a0\u00bb4.16&Prime; _module_preset=\u00a0\u00bbdefault\u00a0\u00bb global_colors_info=\u00a0\u00bb{}\u00a0\u00bb][et_pb_text _builder_version=\u00a0\u00bb4.21.0&Prime; _module_preset=\u00a0\u00bbdefault\u00a0\u00bb text_text_color=\u00a0\u00bb#E76634&Prime; custom_margin=\u00a0\u00bb20px||||false|false\u00a0\u00bb global_colors_info=\u00a0\u00bb{}\u00a0\u00bb]Wir suchen Dich und bieten 2 Ausbildungspl\u00e4tze:[\/et_pb_text][et_pb_text _builder_version=\u00a0\u00bb4.21.0&Prime; _module_preset=\u00a0\u00bbdefault\u00a0\u00bb global_colors_info=\u00a0\u00bb{}\u00a0\u00bb]<\/p>\n<h1><span data-contrast=\"auto\" class=\"TextRun  BCX0 SCXW8535799\"><span class=\"NormalTextRun  BCX0 SCXW8535799\">Duale Bachelor-Ausbildung in Public &amp; Business Administration (m\/w\/d)<\/span><\/span><br \/>\n<\/h1>\n<p>[\/et_pb_text][et_pb_text _builder_version=\u00a0\u00bb4.27.4&Prime; _module_preset=\u00a0\u00bbdefault\u00a0\u00bb text_font=\u00a0\u00bbPoppins|300|||||||\u00a0\u00bb hover_enabled=\u00a0\u00bb0&Prime; global_colors_info=\u00a0\u00bb{}\u00a0\u00bb sticky_enabled=\u00a0\u00bb0&Prime;]<\/p>\n<p>Wir \u2013 das sind 700 Kollegen an 3 Standorten \u2013 entwickeln, bauen und vertreiben die weltweit flexibelsten Polsterm\u00f6bel-Kollektionen in industrieller Einzelanfertigung.<br \/>In unseren Produkten steckt die smarteste Technologie unserer Branche \u00fcberhaupt.<br \/>M\u00f6chtest Du eine duale Ausbildung im Bereich Public and Business Administration absolvieren und dabei in einem famili\u00e4ren, agilen, mit flachen Hierarchien und wertbest\u00e4ndigem Unternehmen lernen und Dich selber verwirklichen, dann werde Teil unseres Teams!<br \/>Die Firma Rom AG, mit Sitz in Eupen, ist ein international t\u00e4tiges Unternehmen.<br \/>Entdecke auf www.rom1961.com, was uns als Hersteller und Arbeitgeber einzigartig macht.<\/p>\n<p>[\/et_pb_text][et_pb_text disabled_on=\u00a0\u00bbon|on|on\u00a0\u00bb _builder_version=\u00a0\u00bb4.16&Prime; _module_preset=\u00a0\u00bbdefault\u00a0\u00bb text_font=\u00a0\u00bbPoppins|300|||||||\u00a0\u00bb disabled=\u00a0\u00bbon\u00a0\u00bb global_colors_info=\u00a0\u00bb{}\u00a0\u00bb]<\/p>\n<h4>Zu deinen Aufgaben z\u00e4hlen:<\/h4>\n<p>1. Die Gr\u00fcndung der Ausbildungsakademie \u00ab\u00a0SofAcademy\u00a0\u00bb. Du legst den Rahmen und die Struktur fest und entwickelst die richtigen Tools und Schulungsunterlagen. Du arbeitest mit deinen Kollegen aus den verschiedenen Abteilungen zusammen und stehst den Vertriebspartnern und ROM-Vertriebskollegen nahe.<\/p>\n<p>2. Du entwickelst unseren iROM 3D-M\u00f6belkonfigurator gemeinsam mit unseren IT-Kollegen weiter &#8211; ein unverzichtbares Instrument im Verkaufsprozess und Standard in der M\u00f6belindustrie. Dein Ziel ist es, den Verkauf unserer komplexen Produkte so einfach und unterhaltsam wie m\u00f6glich zu machen.<\/p>\n<p>[\/et_pb_text][et_pb_text ul_item_indent=\u00a0\u00bb40px\u00a0\u00bb ul_item_indent_tablet=\u00a0\u00bb\u00a0\u00bb ul_item_indent_phone=\u00a0\u00bb20px\u00a0\u00bb ul_item_indent_last_edited=\u00a0\u00bbon|phone\u00a0\u00bb _builder_version=\u00a0\u00bb4.27.4&Prime; _module_preset=\u00a0\u00bbdefault\u00a0\u00bb text_font=\u00a0\u00bbPoppins|300|||||||\u00a0\u00bb ul_font=\u00a0\u00bbPoppins|300|||||||\u00a0\u00bb ul_font_size=\u00a0\u00bb13px\u00a0\u00bb ul_line_height=\u00a0\u00bb2em\u00a0\u00bb hover_enabled=\u00a0\u00bb0&Prime; ul_font_size_tablet=\u00a0\u00bb16px\u00a0\u00bb ul_font_size_phone=\u00a0\u00bb16px\u00a0\u00bb ul_font_size_last_edited=\u00a0\u00bbon|desktop\u00a0\u00bb global_colors_info=\u00a0\u00bb{}\u00a0\u00bb sticky_enabled=\u00a0\u00bb0&Prime;]<\/p>\n<h4>Wesentliche Aufgaben der Ausbildung :<\/h4>\n<ul>\n<li>Schwerpunkt und Unterst\u00fctzung in der Fakturation, Kundenbuchhaltung und im Vertriebsinnendienst<\/li>\n<li>Mitarbeit im Prozess Supply-Chain (Planung &amp; Logistik)<\/li>\n<li>Einsicht und projektorientiertes Arbeiten im Marketing<\/li>\n<\/ul>\n<h4>Was Dich auszeichnet :<\/h4>\n<ul>\n<li>Erfolgreich abgeschlossenes Abitur<\/li>\n<li>Du bist deutschsprachig, Franz\u00f6sischkenntnisse sind von Vorteil<\/li>\n<li>zus\u00e4tzliche Sprachkenntnisse in Englisch und Niederl\u00e4ndisch sind von<br \/>Vorteil.<\/li>\n<li>Du besitzt Kenntnisse der MS Office Programme<\/li>\n<li>Dich reizt die Arbeit in einem internationalen Umfeld<\/li>\n<\/ul>\n<h4>Deine St\u00e4rken:<\/h4>\n<ul>\n<li>Du bist authentisch, ehrlich, motiviert und teamf\u00e4hig.<\/li>\n<li>Du bist zuverl\u00e4ssig, kontaktfreudig und ein guter Zuh\u00f6rer.<\/li>\n<li>Du besitzt die F\u00e4higkeit, Dich selbst und andere zu organisieren.<\/li>\n<\/ul>\n<h4>Was bietet ROM mir?<\/h4>\n<ul>\n<li>Ein cooles und internationales Arbeitsumfeld \u00ab\u00a0vor der Haust\u00fcre\u00a0\u00bb.<\/li>\n<li>Einen modernen Arbeitsplatz in einer kreativen Umgebung.<\/li>\n<li>Ein erfahrenes, dynamisches Team, das Dich w\u00e4hrend Deiner Ausbildungszeit coacht und begleitet und Dir die Chance gibt, durch Eigeninitiative zu wachsen.<\/li>\n<\/ul>\n<h4>\u00ab\u00a0Genau das was ich suche !\u00a0\u00bb sagst du Dir jetzt ?<\/h4>\n<p>Dann melde Dich noch heute bei <a href=\"mailto:%20sylvie.luchte@rom.be\">jobs@rom.be<\/a>.<\/p>\n<p>Wir freuen uns auf Deine Bewerbung!<\/p>\n<p>[\/et_pb_text][et_pb_text ul_item_indent=\u00a0\u00bb40px\u00a0\u00bb ul_item_indent_tablet=\u00a0\u00bb\u00a0\u00bb ul_item_indent_phone=\u00a0\u00bb20px\u00a0\u00bb ul_item_indent_last_edited=\u00a0\u00bbon|phone\u00a0\u00bb disabled_on=\u00a0\u00bbon|on|on\u00a0\u00bb _builder_version=\u00a0\u00bb4.16&Prime; _module_preset=\u00a0\u00bbdefault\u00a0\u00bb text_font=\u00a0\u00bbPoppins|300|||||||\u00a0\u00bb ul_font=\u00a0\u00bbPoppins|300|||||||\u00a0\u00bb ul_font_size=\u00a0\u00bb13px\u00a0\u00bb ul_line_height=\u00a0\u00bb2em\u00a0\u00bb custom_margin=\u00a0\u00bb-55px||||false|false\u00a0\u00bb ul_font_size_tablet=\u00a0\u00bb16px\u00a0\u00bb ul_font_size_phone=\u00a0\u00bb16px\u00a0\u00bb ul_font_size_last_edited=\u00a0\u00bbon|desktop\u00a0\u00bb disabled=\u00a0\u00bbon\u00a0\u00bb global_colors_info=\u00a0\u00bb{}\u00a0\u00bb]<\/p>\n<p>&nbsp;<\/p>\n<h4>Wer ist ROM?<\/h4>\n<ul>\n<li>ROM ist ein international ausgerichteter Familenbetrieb in der 3. Generation.<\/li>\n<li>ROM ist der innovativste Hersteller von Polsterm\u00f6beln in Europa und produziert an eigenen Standorten in 4 L\u00e4ndern.<\/li>\n<li>ROM verkauft seine Sofas (fast) auf der gesamten Nordhalbkugel.<\/li>\n<li>Bei ROM entwickeln, bauen und vertreiben 900 sofabegeisterte Kollegen die weltweit flexibelsten Polsterm\u00f6bel-Kollektionen.<\/li>\n<\/ul>\n<h4><\/h4>\n<h4>Was ist unsere Vision?<\/h4>\n<p>Wir wollen das kundenorientierteste Unternehmen unserer Branche sein.<br \/>Das erreichen wir, indem wir:<\/p>\n<ul>\n<li>die innovativsten Produkte entwickeln,<\/li>\n<li>das beeindruckendste Marken- und Produkterlebnis bieten,<\/li>\n<li>mit den besten und motiviertesten Talenten zusammenarbeiten.<\/li>\n<\/ul>\n<h4>Du hast die Kompetenzen, die wir suchen?<\/h4>\n<p>Dann melde dich unter <a href=\"mailto:%20jobs@rom.be\">jobs@rom.be<\/a><\/p>\n<p>Wir freuen uns auf deine Bewerbung!<\/p>\n<p>[\/et_pb_text][\/et_pb_column][\/et_pb_row][\/et_pb_section][et_pb_section fb_built=\u00a0\u00bb1&Prime; admin_label=\u00a0\u00bbFooter\u00a0\u00bb _builder_version=\u00a0\u00bb4.21.0&Prime; background_color=\u00a0\u00bb#9A8C80&Prime; custom_padding=\u00a0\u00bb60px||60px||true|false\u00a0\u00bb saved_tabs=\u00a0\u00bball\u00a0\u00bb global_colors_info=\u00a0\u00bb{}\u00a0\u00bb][et_pb_row column_structure=\u00a0\u00bb1_4,1_4,1_2&Prime; _builder_version=\u00a0\u00bb4.16&Prime; global_colors_info=\u00a0\u00bb{}\u00a0\u00bb][et_pb_column type=\u00a0\u00bb1_4&Prime; _builder_version=\u00a0\u00bb4.16&Prime; custom_padding=\u00a0\u00bb|||\u00a0\u00bb global_colors_info=\u00a0\u00bb{}\u00a0\u00bb custom_padding__hover=\u00a0\u00bb|||\u00a0\u00bb][et_pb_text _builder_version=\u00a0\u00bb4.16&Prime; header_font=\u00a0\u00bb||||||||\u00a0\u00bb header_4_font=\u00a0\u00bbRaleway|700|||||||\u00a0\u00bb header_4_text_color=\u00a0\u00bb#FFFFFF\u00a0\u00bb header_4_font_size=\u00a0\u00bb22px\u00a0\u00bb header_4_line_height=\u00a0\u00bb1.4em\u00a0\u00bb custom_margin=\u00a0\u00bb||10px|\u00a0\u00bb global_colors_info=\u00a0\u00bb{}\u00a0\u00bb]<\/p>\n<h4>Postanschrift<\/h4>\n<p>[\/et_pb_text][et_pb_text _builder_version=\u00a0\u00bb4.16&Prime; text_font=\u00a0\u00bbPoppins||||||||\u00a0\u00bb text_text_color=\u00a0\u00bb#FFFFFF\u00a0\u00bb text_line_height=\u00a0\u00bb1.6em\u00a0\u00bb global_colors_info=\u00a0\u00bb{}\u00a0\u00bb]<\/p>\n<p>ROM ag<\/p>\n<p>Industriestra\u00dfe 38<\/p>\n<p>4700 Eupen<\/p>\n<p>Belgien<\/p>\n<p>[\/et_pb_text][\/et_pb_column][et_pb_column type=\u00a0\u00bb1_4&Prime; _builder_version=\u00a0\u00bb4.16&Prime; custom_padding=\u00a0\u00bb|||\u00a0\u00bb global_colors_info=\u00a0\u00bb{}\u00a0\u00bb custom_padding__hover=\u00a0\u00bb|||\u00a0\u00bb][et_pb_text _builder_version=\u00a0\u00bb4.16&Prime; header_font=\u00a0\u00bb||||||||\u00a0\u00bb header_4_font=\u00a0\u00bbRaleway|700|||||||\u00a0\u00bb header_4_text_color=\u00a0\u00bb#FFFFFF\u00a0\u00bb header_4_font_size=\u00a0\u00bb22px\u00a0\u00bb header_4_line_height=\u00a0\u00bb1.4em\u00a0\u00bb custom_margin=\u00a0\u00bb||10px|\u00a0\u00bb global_colors_info=\u00a0\u00bb{}\u00a0\u00bb]<\/p>\n<h4>Melde dich:<\/h4>\n<p>[\/et_pb_text][et_pb_text ul_type=\u00a0\u00bbnone\u00a0\u00bb ul_item_indent=\u00a0\u00bb1px\u00a0\u00bb _builder_version=\u00a0\u00bb4.21.0&Prime; link_text_color=\u00a0\u00bb#FFFFFF\u00a0\u00bb ul_font=\u00a0\u00bbPoppins||||||||\u00a0\u00bb ul_font_size=\u00a0\u00bb16px\u00a0\u00bb ul_line_height=\u00a0\u00bb2em\u00a0\u00bb global_colors_info=\u00a0\u00bb{}\u00a0\u00bb]<\/p>\n<ul>\n<li><a href=\"mailto:%20sylvie.luchte@rom.be\">sylvie.luchte@rom.be<\/a><br \/><a href=\"tel:+3287595967\">+32 87 59 59 67<\/a><\/li>\n<\/ul>\n<p>[\/et_pb_text][\/et_pb_column][et_pb_column type=\u00a0\u00bb1_2&Prime; _builder_version=\u00a0\u00bb4.16&Prime; custom_padding=\u00a0\u00bb|||\u00a0\u00bb global_colors_info=\u00a0\u00bb{}\u00a0\u00bb custom_padding__hover=\u00a0\u00bb|||\u00a0\u00bb][et_pb_image src=\u00a0\u00bbhttps:\/\/www.rom1961.com\/wp-content\/uploads\/2021\/12\/ROM-Website-19.05.20160442-1.jpg\u00a0\u00bb alt=\u00a0\u00bbrom1961 Kontakt\u00a0\u00bb title_text=\u00a0\u00bbrom1961 Kontakt\u00a0\u00bb _builder_version=\u00a0\u00bb4.16&Prime; _module_preset=\u00a0\u00bbdefault\u00a0\u00bb global_colors_info=\u00a0\u00bb{}\u00a0\u00bb][\/et_pb_image][\/et_pb_column][\/et_pb_row][et_pb_row _builder_version=\u00a0\u00bb4.16&Prime; _dynamic_attributes=\u00a0\u00bblink_option_url\u00a0\u00bb _module_preset=\u00a0\u00bbdefault\u00a0\u00bb custom_padding=\u00a0\u00bb||8px|||\u00a0\u00bb link_option_url=\u00a0\u00bb@ET-DC@eyJkeW5hbWljIjp0cnVlLCJjb250ZW50IjoicG9zdF9saW5rX3VybF9wYWdlIiwic2V0dGluZ3MiOnsicG9zdF9pZCI6IjE4OTIwIn19@\u00a0\u00bb locked=\u00a0\u00bboff\u00a0\u00bb global_colors_info=\u00a0\u00bb{}\u00a0\u00bb][et_pb_column type=\u00a0\u00bb4_4&Prime; _builder_version=\u00a0\u00bb4.21.0&Prime; _module_preset=\u00a0\u00bbdefault\u00a0\u00bb global_colors_info=\u00a0\u00bb{}\u00a0\u00bb][et_pb_image src=\u00a0\u00bbhttps:\/\/www.rom1961.com\/wp-content\/uploads\/2021\/11\/Zuru\u0308ck-zur-Uebersicht.png\u00a0\u00bb title_text=\u00a0\u00bbZuru\u0308ck-zur-Uebersicht\u00a0\u00bb _builder_version=\u00a0\u00bb4.21.0&Prime; _module_preset=\u00a0\u00bbdefault\u00a0\u00bb width=\u00a0\u00bb15%\u00a0\u00bb width_tablet=\u00a0\u00bb20%\u00a0\u00bb width_phone=\u00a0\u00bb55%\u00a0\u00bb width_last_edited=\u00a0\u00bbon|phone\u00a0\u00bb locked=\u00a0\u00bboff\u00a0\u00bb global_colors_info=\u00a0\u00bb{}\u00a0\u00bb][\/et_pb_image][\/et_pb_column][\/et_pb_row][\/et_pb_section]<\/p>\n","protected":false},"excerpt":{"rendered":"<p>Wir suchen Dich und bieten 2 Ausbildungspl\u00e4tze:Duale Bachelor-Ausbildung in Public &amp; Business Administration (m\/w\/d) Wir \u2013 das sind 700 Kollegen an 3 Standorten \u2013 entwickeln, bauen und vertreiben die weltweit flexibelsten Polsterm\u00f6bel-Kollektionen in industrieller Einzelanfertigung.In unseren Produkten steckt die smarteste Technologie unserer Branche \u00fcberhaupt.M\u00f6chtest Du eine duale Ausbildung im Bereich Public and Business Administration absolvieren [&hellip;]<\/p>\n","protected":false},"author":20,"featured_media":0,"parent":18920,"menu_order":0,"comment_status":"closed","ping_status":"closed","template":"","meta":{"_acf_changed":false,"_et_pb_use_builder":"on","_et_pb_old_content":"","_et_gb_content_width":"","inline_featured_image":false,"footnotes":""},"class_list":["post-47793","page","type-page","status-publish","hentry"],"acf":[],"_links":{"self":[{"href":"https:\/\/www.rom1961.com\/be_fr\/wp-json\/wp\/v2\/pages\/47793","targetHints":{"allow":["GET"]}}],"collection":[{"href":"https:\/\/www.rom1961.com\/be_fr\/wp-json\/wp\/v2\/pages"}],"about":[{"href":"https:\/\/www.rom1961.com\/be_fr\/wp-json\/wp\/v2\/types\/page"}],"author":[{"embeddable":true,"href":"https:\/\/www.rom1961.com\/be_fr\/wp-json\/wp\/v2\/users\/20"}],"replies":[{"embeddable":true,"href":"https:\/\/www.rom1961.com\/be_fr\/wp-json\/wp\/v2\/comments?post=47793"}],"version-history":[{"count":2,"href":"https:\/\/www.rom1961.com\/be_fr\/wp-json\/wp\/v2\/pages\/47793\/revisions"}],"predecessor-version":[{"id":79118,"href":"https:\/\/www.rom1961.com\/be_fr\/wp-json\/wp\/v2\/pages\/47793\/revisions\/79118"}],"up":[{"embeddable":true,"href":"https:\/\/www.rom1961.com\/be_fr\/wp-json\/wp\/v2\/pages\/18920"}],"wp:attachment":[{"href":"https:\/\/www.rom1961.com\/be_fr\/wp-json\/wp\/v2\/media?parent=47793"}],"curies":[{"name":"wp","href":"https:\/\/api.w.org\/{rel}","templated":true}]}}