{"id":18728,"date":"2020-07-27T08:49:16","date_gmt":"2020-07-27T08:49:16","guid":{"rendered":"https:\/\/www.rom1961.com\/revetements\/"},"modified":"2026-03-30T13:32:05","modified_gmt":"2026-03-30T13:32:05","slug":"revetements-canapes","status":"publish","type":"page","link":"https:\/\/www.rom1961.com\/be_fr\/revetements-canapes\/","title":{"rendered":"Rev\u00eatements"},"content":{"rendered":"<p>[et_pb_section fb_built=\u00a0\u00bb1&Prime; fullwidth=\u00a0\u00bbon\u00a0\u00bb _builder_version=\u00a0\u00bb4.16&Prime; _module_preset=\u00a0\u00bbdefault\u00a0\u00bb global_colors_info=\u00a0\u00bb{}\u00a0\u00bb][et_pb_fullwidth_header title=\u00a0\u00bbREV\u00caTEMENT\u00a0\u00bb _builder_version=\u00a0\u00bb4.16&Prime; title_level=\u00a0\u00bbh3&Prime; title_font=\u00a0\u00bbMontserrat|300|||||||\u00a0\u00bb title_font_size=\u00a0\u00bb40px\u00a0\u00bb background_image=\u00a0\u00bbhttps:\/\/static.rom1961.com\/wp-content\/uploads\/2020\/08\/Header_klein-Bezug.jpg\u00a0\u00bb min_height=\u00a0\u00bb300px\u00a0\u00bb custom_margin=\u00a0\u00bb0px||||false|false\u00a0\u00bb custom_padding=\u00a0\u00bb150px||||false|false\u00a0\u00bb global_colors_info=\u00a0\u00bb{}\u00a0\u00bb][\/et_pb_fullwidth_header][\/et_pb_section][et_pb_section fb_built=\u00a0\u00bb1&Prime; disabled_on=\u00a0\u00bboff|off|off\u00a0\u00bb _builder_version=\u00a0\u00bb4.16&Prime; custom_padding=\u00a0\u00bb29px||0px|||\u00a0\u00bb global_colors_info=\u00a0\u00bb{}\u00a0\u00bb][et_pb_row _builder_version=\u00a0\u00bb4.16&Prime; custom_margin=\u00a0\u00bb30px||||false|false\u00a0\u00bb locked=\u00a0\u00bboff\u00a0\u00bb global_colors_info=\u00a0\u00bb{}\u00a0\u00bb][et_pb_column type=\u00a0\u00bb4_4&Prime; _builder_version=\u00a0\u00bb4.16&Prime; global_colors_info=\u00a0\u00bb{}\u00a0\u00bb][et_pb_text _builder_version=\u00a0\u00bb4.16&Prime; _module_preset=\u00a0\u00bbdefault\u00a0\u00bb custom_margin=\u00a0\u00bb-22px||||false|false\u00a0\u00bb locked=\u00a0\u00bboff\u00a0\u00bb global_colors_info=\u00a0\u00bb{}\u00a0\u00bb]<\/p>\n<h1 style=\"color: #e76634; text-align: left;\">Le rev\u00eatement id\u00e9al pour le canap\u00e9 de vos r\u00eaves<\/h1>\n<p>[\/et_pb_text][et_pb_text _builder_version=\u00a0\u00bb4.16&Prime; _module_preset=\u00a0\u00bbdefault\u00a0\u00bb text_font=\u00a0\u00bbPoppins|300|||||||\u00a0\u00bb global_colors_info=\u00a0\u00bb{}\u00a0\u00bb]<\/p>\n<p>Vous avez beau savoir que nos canap\u00e9s renferment toutes sortes de prouesses technologiques, cela ne suffira pas \u00e0 vous s\u00e9duire. Et pour cause : l\u2019apparence, \u00e7a compte. La couleur, l\u2019architecture des formes, le toucher de nos canap\u00e9s doivent pouvoir continuer de vous plaire dans dix ans comme au premier jour. C\u2019est pourquoi le choix du rev\u00eatement est sans doute le plus corn\u00e9lien qui soit lorsque l\u2019on ach\u00e8te un nouveau canap\u00e9. Pour vous aider \u00e0 trouver le rev\u00eatement qui vous correspond, nous mettons \u00e0 votre disposition une gamme exceptionnellement diversifi\u00e9e de rev\u00eatements. Cuirs nobles et tissus haut de gamme : tout y est. Laissez-vous inspirer !   <\/p>\n<p>[\/et_pb_text][\/et_pb_column][\/et_pb_row][et_pb_row _builder_version=\u00a0\u00bb4.16&Prime; _module_preset=\u00a0\u00bbdefault\u00a0\u00bb custom_margin=\u00a0\u00bb20px||||false|false\u00a0\u00bb global_colors_info=\u00a0\u00bb{}\u00a0\u00bb][et_pb_column type=\u00a0\u00bb4_4&Prime; _builder_version=\u00a0\u00bb4.16&Prime; _module_preset=\u00a0\u00bbdefault\u00a0\u00bb global_colors_info=\u00a0\u00bb{}\u00a0\u00bb][et_pb_text _builder_version=\u00a0\u00bb4.16&Prime; _module_preset=\u00a0\u00bbdefault\u00a0\u00bb global_colors_info=\u00a0\u00bb{}\u00a0\u00bb]<\/p>\n<h2><b>Sofa<\/b>shion <\/h2>\n<p>[\/et_pb_text][\/et_pb_column][\/et_pb_row][et_pb_row column_structure=\u00a0\u00bb1_2,1_2&Prime; _builder_version=\u00a0\u00bb4.16&Prime; background_color=\u00a0\u00bbrgba(0,0,0,0)\u00a0\u00bb module_alignment=\u00a0\u00bbcenter\u00a0\u00bb custom_margin=\u00a0\u00bb0px||||false|false\u00a0\u00bb custom_padding=\u00a0\u00bb1px||||false|false\u00a0\u00bb global_colors_info=\u00a0\u00bb{}\u00a0\u00bb][et_pb_column type=\u00a0\u00bb1_2&Prime; _builder_version=\u00a0\u00bb4.16&Prime; global_colors_info=\u00a0\u00bb{}\u00a0\u00bb][et_pb_image src=\u00a0\u00bbhttps:\/\/static.rom1961.com\/wp-content\/uploads\/2021\/02\/3erGruppe_Stoffe2.jpg\u00a0\u00bb alt=\u00a0\u00bbrom1961 Stoff Variationen\u00a0\u00bb title_text=\u00a0\u00bbrom1961 Stoffvielfalt\u00a0\u00bb align=\u00a0\u00bbcenter\u00a0\u00bb force_fullwidth=\u00a0\u00bbon\u00a0\u00bb _builder_version=\u00a0\u00bb4.16&Prime; background_color=\u00a0\u00bb#f2f2f2&Prime; background_image=\u00a0\u00bbhttps:\/\/www.rom1961.com\/wp-content\/uploads\/2020\/07\/trauriges-Sofa.jpg\u00a0\u00bb mix_blend_mode=\u00a0\u00bbdarken\u00a0\u00bb global_colors_info=\u00a0\u00bb{}\u00a0\u00bb][\/et_pb_image][\/et_pb_column][et_pb_column type=\u00a0\u00bb1_2&Prime; _builder_version=\u00a0\u00bb4.16&Prime; global_colors_info=\u00a0\u00bb{}\u00a0\u00bb][et_pb_text _builder_version=\u00a0\u00bb4.16&Prime; text_text_color=\u00a0\u00bb#e76634&Prime; header_6_text_color=\u00a0\u00bb#e76634&Prime; custom_margin=\u00a0\u00bb50px||0px||false|false\u00a0\u00bb custom_padding=\u00a0\u00bb10px||||false|false\u00a0\u00bb custom_padding_tablet=\u00a0\u00bb\u00a0\u00bb custom_padding_phone=\u00a0\u00bb\u00a0\u00bb custom_padding_last_edited=\u00a0\u00bbon|phone\u00a0\u00bb global_colors_info=\u00a0\u00bb{}\u00a0\u00bb]<\/p>\n<h6>Trouvez le rev\u00eatement qui vous correspond<\/h6>\n<p>[\/et_pb_text][et_pb_text _builder_version=\u00a0\u00bb4.16&Prime; text_text_color=\u00a0\u00bb#333333&Prime; custom_margin=\u00a0\u00bb0px||||false|false\u00a0\u00bb global_colors_info=\u00a0\u00bb{}\u00a0\u00bb]<\/p>\n<h2>Des tissus haut de gamme<\/h2>\n<p>[\/et_pb_text][et_pb_text _builder_version=\u00a0\u00bb4.16&Prime; text_font=\u00a0\u00bbPoppins|300|||||||\u00a0\u00bb global_colors_info=\u00a0\u00bb{}\u00a0\u00bb]<\/p>\n<p>Les tissus repr\u00e9sentent certainement la cat\u00e9gorie de rev\u00eatement la plus diversifi\u00e9e : texture, couleur, qualit\u00e9\u2026 Tant de param\u00e8tres peuvent varier \u2013 pour notre plus grand bonheur ! Car cette vari\u00e9t\u00e9 nous permet de proposer \u00e0 nos clients le rev\u00eatement idoine pour leur canap\u00e9 id\u00e9al, \u00e0 choisir parmi une gamme de plus de 300 \u00e9toffes. Et vous, vous \u00eates plut\u00f4t velours d\u00e9licat ou robuste toile tiss\u00e9e ? <\/p>\n<p>La qualit\u00e9 des rev\u00eatements est d\u00e9cisive pour une utilisation durable, agr\u00e9able et sans risque. C\u2019est pourquoi toutes nos \u00e9toffes font l\u2019objet de contr\u00f4les rigoureux quant \u00e0 leur r\u00e9sistance \u00e0 l\u2019abrasion et \u00e0 la lumi\u00e8re, ainsi qu&rsquo;\u00e0 leur \u00e9ventuelle nocivit\u00e9. Nous sommes bien entendus certifi\u00e9s Q2, aquaclean et Easycare.<\/p>\n<p>[\/et_pb_text][\/et_pb_column][\/et_pb_row][et_pb_row column_structure=\u00a0\u00bb1_2,1_2&Prime; _builder_version=\u00a0\u00bb4.16&Prime; background_color=\u00a0\u00bbrgba(0,0,0,0)\u00a0\u00bb module_alignment=\u00a0\u00bbcenter\u00a0\u00bb custom_margin=\u00a0\u00bb0px||||false|false\u00a0\u00bb custom_padding=\u00a0\u00bb2px||||false|false\u00a0\u00bb global_colors_info=\u00a0\u00bb{}\u00a0\u00bb][et_pb_column type=\u00a0\u00bb1_2&Prime; _builder_version=\u00a0\u00bb4.16&Prime; global_colors_info=\u00a0\u00bb{}\u00a0\u00bb][et_pb_text _builder_version=\u00a0\u00bb4.16&Prime; text_text_color=\u00a0\u00bb#e76634&Prime; header_6_text_color=\u00a0\u00bb#e76634&Prime; custom_margin=\u00a0\u00bb50px||0px||false|false\u00a0\u00bb custom_padding=\u00a0\u00bb10px||||false|false\u00a0\u00bb custom_padding_tablet=\u00a0\u00bb\u00a0\u00bb custom_padding_phone=\u00a0\u00bb\u00a0\u00bb custom_padding_last_edited=\u00a0\u00bbon|phone\u00a0\u00bb global_colors_info=\u00a0\u00bb{}\u00a0\u00bb]<\/p>\n<h6>La diversit\u00e9 dans toutes ses nuances<\/h6>\n<p>[\/et_pb_text][et_pb_text _builder_version=\u00a0\u00bb4.16&Prime; text_text_color=\u00a0\u00bb#333333&Prime; custom_margin=\u00a0\u00bb0px||||false|false\u00a0\u00bb global_colors_info=\u00a0\u00bb{}\u00a0\u00bb]<\/p>\n<h2>Des cuirs nobles<\/h2>\n<p>[\/et_pb_text][et_pb_text _builder_version=\u00a0\u00bb4.16&Prime; text_font=\u00a0\u00bbPoppins|300|||||||\u00a0\u00bb global_colors_info=\u00a0\u00bb{}\u00a0\u00bb]<\/p>\n<p>Le cuir a de multiples facettes : noble et naturel \u00e0 la fois, il est parfaitement incontournable en mati\u00e8re de canap\u00e9s. Mais tous les cuirs ne se ressemblent pas ! Du robuste cuir de buffle au nubuck raffin\u00e9, retrouvez le style qui vous correspond parmi notre vaste de gamme de rev\u00eatements cuir.<\/p>\n<p> Nous appliquons des normes exigeantes en mati\u00e8re de qualit\u00e9 et d&rsquo;entretien : nos cuirs sont issus de tanneries s\u00e9lectionn\u00e9es avec soin et soumises a des contr\u00f4les r\u00e9guliers. C&rsquo;est ainsi que nous obtenons de v\u00e9ritables produits haut de gamme, que nous sommes fiers de proposer \u00e0 nos clients.<\/p>\n<p>[\/et_pb_text][\/et_pb_column][et_pb_column type=\u00a0\u00bb1_2&Prime; _builder_version=\u00a0\u00bb4.16&Prime; global_colors_info=\u00a0\u00bb{}\u00a0\u00bb][et_pb_image src=\u00a0\u00bbhttps:\/\/static.rom1961.com\/wp-content\/uploads\/2021\/02\/3erGruppe_Leder-2.jpg\u00a0\u00bb title_text=\u00a0\u00bb3erGruppe_Leder\u00a0\u00bb align=\u00a0\u00bbcenter\u00a0\u00bb force_fullwidth=\u00a0\u00bbon\u00a0\u00bb _builder_version=\u00a0\u00bb4.16&Prime; background_color=\u00a0\u00bb#f2f2f2&Prime; background_image=\u00a0\u00bbhttps:\/\/www.rom1961.com\/wp-content\/uploads\/2020\/07\/trauriges-Sofa.jpg\u00a0\u00bb mix_blend_mode=\u00a0\u00bbdarken\u00a0\u00bb global_colors_info=\u00a0\u00bb{}\u00a0\u00bb][\/et_pb_image][\/et_pb_column][\/et_pb_row][et_pb_row column_structure=\u00a0\u00bb1_2,1_2&Prime; admin_label=\u00a0\u00bbZeile\u00a0\u00bb _builder_version=\u00a0\u00bb4.16&Prime; background_color=\u00a0\u00bbrgba(0,0,0,0)\u00a0\u00bb module_alignment=\u00a0\u00bbcenter\u00a0\u00bb custom_margin=\u00a0\u00bb0px||||false|false\u00a0\u00bb custom_padding=\u00a0\u00bb1px||||false|false\u00a0\u00bb locked=\u00a0\u00bboff\u00a0\u00bb global_colors_info=\u00a0\u00bb{}\u00a0\u00bb][et_pb_column type=\u00a0\u00bb1_2&Prime; _builder_version=\u00a0\u00bb4.16&Prime; global_colors_info=\u00a0\u00bb{}\u00a0\u00bb][et_pb_image src=\u00a0\u00bbhttps:\/\/www.rom1961.com\/wp-content\/uploads\/2026\/03\/LCK-Lederpflege-Logo.png\u00a0\u00bb alt=\u00a0\u00bbrom1961 Stoff Variationen\u00a0\u00bb title_text=\u00a0\u00bbLCK-Lederpflege-Logo\u00a0\u00bb align=\u00a0\u00bbcenter\u00a0\u00bb force_fullwidth=\u00a0\u00bbon\u00a0\u00bb _builder_version=\u00a0\u00bb4.27.4&Prime; background_color=\u00a0\u00bb#f2f2f2&Prime; background_image=\u00a0\u00bbhttps:\/\/www.rom1961.com\/wp-content\/uploads\/2020\/07\/trauriges-Sofa.jpg\u00a0\u00bb custom_margin=\u00a0\u00bb100px||||false|false\u00a0\u00bb mix_blend_mode=\u00a0\u00bbdarken\u00a0\u00bb global_colors_info=\u00a0\u00bb{}\u00a0\u00bb][\/et_pb_image][\/et_pb_column][et_pb_column type=\u00a0\u00bb1_2&Prime; _builder_version=\u00a0\u00bb4.16&Prime; global_colors_info=\u00a0\u00bb{}\u00a0\u00bb][et_pb_text _builder_version=\u00a0\u00bb4.27.4&Prime; text_text_color=\u00a0\u00bb#e76634&Prime; header_6_text_color=\u00a0\u00bb#e76634&Prime; custom_margin=\u00a0\u00bb50px||0px||false|false\u00a0\u00bb custom_padding=\u00a0\u00bb10px||||false|false\u00a0\u00bb custom_padding_tablet=\u00a0\u00bb\u00a0\u00bb custom_padding_phone=\u00a0\u00bb\u00a0\u00bb custom_padding_last_edited=\u00a0\u00bbon|phone\u00a0\u00bb global_colors_info=\u00a0\u00bb{}\u00a0\u00bb]<\/p>\n<h6><span data-contrast=\"auto\" class=\"TextRun MacChromeBold  BCX9 SCXW231906634\" xml:lang=\"DE-DE\" lang=\"DE-DE\"><span class=\"NormalTextRun  BCX9 SCXW231906634\">Pour un plaisir durable<\/span><\/span><span class=\"TabRun IPSelectionBlob BlobObject DragDrop  BCX9 SCXW231906634\"><span class=\"TabChar  BCX9 SCXW231906634\"><\/span><span class=\"TabLeaderChars  BCX9 SCXW231906634\" aria-hidden=\"true\"><\/span><\/span><span data-contrast=\"auto\" class=\"TextRun EmptyTextRun  BCX9 SCXW231906634\"><\/span><\/h6>\n<p>[\/et_pb_text][et_pb_text _builder_version=\u00a0\u00bb4.27.4&Prime; text_text_color=\u00a0\u00bb#333333&Prime; custom_margin=\u00a0\u00bb0px||||false|false\u00a0\u00bb global_colors_info=\u00a0\u00bb{}\u00a0\u00bb]<\/p>\n<h2>Le soin parfait<\/h2>\n<p>&nbsp;<\/p>\n<p>[\/et_pb_text][et_pb_text _builder_version=\u00a0\u00bb4.27.4&Prime; text_font=\u00a0\u00bbPoppins|300|||||||\u00a0\u00bb custom_margin=\u00a0\u00bb-20px||0px||false|false\u00a0\u00bb custom_padding=\u00a0\u00bb0px||70px||false|false\u00a0\u00bb global_colors_info=\u00a0\u00bb{}\u00a0\u00bb]<\/p>\n<p data-start=\"169\" data-end=\"465\">Un canap\u00e9 vous accompagne pendant de nombreuses ann\u00e9es &#8211; avec un entretien adapt\u00e9, il reste aussi beau qu\u2019au premier jour. Un nettoyage r\u00e9gulier et des produits d\u2019entretien adapt\u00e9s prot\u00e8gent durablement les mat\u00e9riaux tels que le cuir et le tissu, tout en pr\u00e9servant confort, couleur et structure.<\/p>\n<p data-start=\"467\" data-end=\"760\">M\u00eame pour les taches tenaces, il existe des solutions professionnelles qui nettoient vos meubles en douceur et efficacement. Nos tissus ont \u00e9t\u00e9 test\u00e9s en collaboration avec LCK afin de garantir des produits d\u2019entretien parfaitement adapt\u00e9s &#8211; pour une s\u00e9curit\u00e9 maximale et un entretien optimal.<\/p>\n<p>[\/et_pb_text][et_pb_button button_url=\u00a0\u00bbhttps:\/\/www.moebelpflegeshop.de\/en\u00a0\u00bb button_text=\u00a0\u00bbVers la boutique\u00a0\u00bb _builder_version=\u00a0\u00bb4.27.4&Prime; _module_preset=\u00a0\u00bbdefault\u00a0\u00bb global_colors_info=\u00a0\u00bb{}\u00a0\u00bb][\/et_pb_button][\/et_pb_column][\/et_pb_row][\/et_pb_section][et_pb_section fb_built=\u00a0\u00bb1&Prime; fullwidth=\u00a0\u00bbon\u00a0\u00bb _builder_version=\u00a0\u00bb4.16&Prime; _module_preset=\u00a0\u00bbdefault\u00a0\u00bb custom_margin=\u00a0\u00bb-1px||-1px||true|false\u00a0\u00bb global_colors_info=\u00a0\u00bb{}\u00a0\u00bb][et_pb_fullwidth_slider show_arrows=\u00a0\u00bboff\u00a0\u00bb show_pagination=\u00a0\u00bboff\u00a0\u00bb _builder_version=\u00a0\u00bb4.16&Prime; _module_preset=\u00a0\u00bbdefault\u00a0\u00bb background_image=\u00a0\u00bbhttps:\/\/www.rom1961.com\/wp-content\/uploads\/2021\/02\/Parallax-1.jpg\u00a0\u00bb parallax=\u00a0\u00bbon\u00a0\u00bb parallax_method=\u00a0\u00bbon\u00a0\u00bb max_height=\u00a0\u00bb300px\u00a0\u00bb global_colors_info=\u00a0\u00bb{}\u00a0\u00bb][et_pb_slide heading=\u00a0\u00bbDes cuirs nobles et des tissus haut de gamme pour habiller votre canap\u00e9 id\u00e9al\u00a0\u00bb use_bg_overlay=\u00a0\u00bbon\u00a0\u00bb bg_overlay_color=\u00a0\u00bbrgba(255,255,255,0.7)\u00a0\u00bb _builder_version=\u00a0\u00bb4.16&Prime; _module_preset=\u00a0\u00bbdefault\u00a0\u00bb header_font=\u00a0\u00bbMontserrat|300|||||||\u00a0\u00bb header_text_color=\u00a0\u00bb#e76634&Prime; header_font_size=\u00a0\u00bb36px\u00a0\u00bb header_letter_spacing=\u00a0\u00bb1px\u00a0\u00bb header_line_height=\u00a0\u00bb1.2em\u00a0\u00bb body_font=\u00a0\u00bbPoppins|600|||||||\u00a0\u00bb body_text_align=\u00a0\u00bbcenter\u00a0\u00bb body_text_color=\u00a0\u00bb#e76634&Prime; body_line_height=\u00a0\u00bb1.4em\u00a0\u00bb background_enable_color=\u00a0\u00bboff\u00a0\u00bb background_layout=\u00a0\u00bblight\u00a0\u00bb width=\u00a0\u00bb50%\u00a0\u00bb width_tablet=\u00a0\u00bb74%\u00a0\u00bb width_phone=\u00a0\u00bb100%\u00a0\u00bb width_last_edited=\u00a0\u00bbon|phone\u00a0\u00bb max_width_tablet=\u00a0\u00bb\u00a0\u00bb max_width_phone=\u00a0\u00bb100%\u00a0\u00bb max_width_last_edited=\u00a0\u00bbon|tablet\u00a0\u00bb custom_padding=\u00a0\u00bb92px||||false|false\u00a0\u00bb custom_padding_tablet=\u00a0\u00bb62px||||false|false\u00a0\u00bb custom_padding_phone=\u00a0\u00bb\u00a0\u00bb custom_padding_last_edited=\u00a0\u00bbon|phone\u00a0\u00bb header_font_size_tablet=\u00a0\u00bb\u00a0\u00bb header_font_size_phone=\u00a0\u00bb19px\u00a0\u00bb header_font_size_last_edited=\u00a0\u00bbon|phone\u00a0\u00bb body_font_size_tablet=\u00a0\u00bb\u00a0\u00bb body_font_size_phone=\u00a0\u00bb12px\u00a0\u00bb body_font_size_last_edited=\u00a0\u00bbon|phone\u00a0\u00bb global_colors_info=\u00a0\u00bb{}\u00a0\u00bb sticky_transition=\u00a0\u00bbon\u00a0\u00bb][\/et_pb_slide][\/et_pb_fullwidth_slider][\/et_pb_section][et_pb_section fb_built=\u00a0\u00bb1&Prime; _builder_version=\u00a0\u00bb4.16&Prime; _module_preset=\u00a0\u00bbdefault\u00a0\u00bb global_colors_info=\u00a0\u00bb{}\u00a0\u00bb][et_pb_row _builder_version=\u00a0\u00bb4.16&Prime; _module_preset=\u00a0\u00bbdefault\u00a0\u00bb global_colors_info=\u00a0\u00bb{}\u00a0\u00bb][et_pb_column type=\u00a0\u00bb4_4&Prime; _builder_version=\u00a0\u00bb4.16&Prime; _module_preset=\u00a0\u00bbdefault\u00a0\u00bb global_colors_info=\u00a0\u00bb{}\u00a0\u00bb][et_pb_text quote_border_weight=\u00a0\u00bb4px\u00a0\u00bb quote_border_color=\u00a0\u00bb#e76634&Prime; _builder_version=\u00a0\u00bb4.16&Prime; _module_preset=\u00a0\u00bbdefault\u00a0\u00bb text_font=\u00a0\u00bbPoppins|300|on||||||\u00a0\u00bb quote_font=\u00a0\u00bb||on||||||\u00a0\u00bb quote_text_color=\u00a0\u00bb#e76634&Prime; text_orientation=\u00a0\u00bbcenter\u00a0\u00bb global_colors_info=\u00a0\u00bb{}\u00a0\u00bb]<\/p>\n<blockquote>\n<p>Il n&rsquo;y a qu&rsquo;en \u00ab\u00a0vrai\u00a0\u00bb qu&rsquo;on peut se faire une id\u00e9e du rendu d&rsquo;un rev\u00eatement en cuir. Ca tombe bien, nous avons une confiance absolue dans nos revendeurs ! V\u00e9ritables sp\u00e9cialistes, ils vous conseillent quant \u00e0 la couleur et \u00e0 l&rsquo;entretien de nos cuirs, ainsi que sur leur r\u00e9sistance \u00e0 l&rsquo;abrasion et \u00e0 la lumi\u00e8re.<\/p>\n<\/blockquote>\n<p>[\/et_pb_text][\/et_pb_column][\/et_pb_row][\/et_pb_section][et_pb_section fb_built=\u00a0\u00bb1&Prime; _builder_version=\u00a0\u00bb4.16&Prime; _module_preset=\u00a0\u00bbdefault\u00a0\u00bb background_color=\u00a0\u00bb#8da5ad\u00a0\u00bb global_colors_info=\u00a0\u00bb{}\u00a0\u00bb][et_pb_row column_structure=\u00a0\u00bb1_2,1_2&Prime; _builder_version=\u00a0\u00bb4.16&Prime; _module_preset=\u00a0\u00bbdefault\u00a0\u00bb global_colors_info=\u00a0\u00bb{}\u00a0\u00bb][et_pb_column type=\u00a0\u00bb1_2&Prime; _builder_version=\u00a0\u00bb4.16&Prime; _module_preset=\u00a0\u00bbdefault\u00a0\u00bb global_colors_info=\u00a0\u00bb{}\u00a0\u00bb][et_pb_text _builder_version=\u00a0\u00bb4.16&Prime; _module_preset=\u00a0\u00bbdefault\u00a0\u00bb header_6_font=\u00a0\u00bbMontserrat||||||||\u00a0\u00bb header_6_text_color=\u00a0\u00bb#ffffff\u00a0\u00bb custom_margin=\u00a0\u00bb||5px||false|false\u00a0\u00bb global_colors_info=\u00a0\u00bb{}\u00a0\u00bb]<\/p>\n<h6>Le confort par excellence<\/h6>\n<p>[\/et_pb_text][et_pb_text _builder_version=\u00a0\u00bb4.16&Prime; _module_preset=\u00a0\u00bbdefault\u00a0\u00bb global_colors_info=\u00a0\u00bb{}\u00a0\u00bb]<\/p>\n<h2 style=\"color: #ffffff\">Cr\u00e9ons ensemble le canap\u00e9 de vos r\u00eaves<\/h2>\n<p>[\/et_pb_text][et_pb_text quote_border_weight=\u00a0\u00bb8px\u00a0\u00bb quote_border_color=\u00a0\u00bb#e76634&Prime; _builder_version=\u00a0\u00bb4.16&Prime; _module_preset=\u00a0\u00bbdefault\u00a0\u00bb text_font=\u00a0\u00bbPoppins|300|||||||\u00a0\u00bb text_text_color=\u00a0\u00bb#ffffff\u00a0\u00bb quote_font=\u00a0\u00bbMontserrat|300|||||||\u00a0\u00bb quote_text_color=\u00a0\u00bb#333333&Prime; quote_line_height=\u00a0\u00bb1.4em\u00a0\u00bb custom_margin=\u00a0\u00bb-20px|||||\u00a0\u00bb global_colors_info=\u00a0\u00bb{}\u00a0\u00bb]<\/p>\n<p>Le c\u0153ur du foyer, c\u2019est un canap\u00e9 o\u00f9 chacun aime venir se lover, la pi\u00e8ce qui offre le cadre et le confort id\u00e9al en toutes circonstances, o\u00f9 les liens familiaux s\u2019\u00e9panouissent et o\u00f9 l\u2019on aime accueillir ses amis. C\u2019est notre fil rouge, la promesse que nous tenons aupr\u00e8s de chacun de nos clients : cr\u00e9er le c\u0153ur adapt\u00e9 \u00e0 votre foyer.<\/p>\n<p>[\/et_pb_text][et_pb_button button_url=\u00a0\u00bb@ET-DC@eyJkeW5hbWljIjp0cnVlLCJjb250ZW50IjoicG9zdF9saW5rX3VybF9wYWdlIiwic2V0dGluZ3MiOnsicG9zdF9pZCI6IjI0In19@\u00a0\u00bb button_text=\u00a0\u00bbVers le magasin le plus proche\u00a0\u00bb button_alignment=\u00a0\u00bbleft\u00a0\u00bb admin_label=\u00a0\u00bbButton\u00a0\u00bb _builder_version=\u00a0\u00bb4.16&Prime; _dynamic_attributes=\u00a0\u00bbbutton_url\u00a0\u00bb button_text_size=\u00a0\u00bb12px\u00a0\u00bb custom_margin=\u00a0\u00bb0px||30px|0px|false|false\u00a0\u00bb custom_margin_tablet=\u00a0\u00bb\u00a0\u00bb custom_margin_phone=\u00a0\u00bb0px|||0px|false|false\u00a0\u00bb custom_margin_last_edited=\u00a0\u00bbon|desktop\u00a0\u00bb custom_padding=\u00a0\u00bb5px|20px|5px|20px|true|true\u00a0\u00bb custom_padding_tablet=\u00a0\u00bb15px||15px||true|true\u00a0\u00bb custom_padding_phone=\u00a0\u00bb10px|30px|10px|30px|true|true\u00a0\u00bb custom_padding_last_edited=\u00a0\u00bbon|tablet\u00a0\u00bb button_text_size_tablet=\u00a0\u00bb\u00a0\u00bb button_text_size_phone=\u00a0\u00bb10px\u00a0\u00bb button_text_size_last_edited=\u00a0\u00bbon|phone\u00a0\u00bb button_border_color_last_edited=\u00a0\u00bboff|desktop\u00a0\u00bb global_colors_info=\u00a0\u00bb{}\u00a0\u00bb button_border_color__hover_enabled=\u00a0\u00bbon|desktop\u00a0\u00bb button_border_color__hover=\u00a0\u00bb#b61b1c\u00a0\u00bb button_bg_color__hover=\u00a0\u00bb#b61b1c\u00a0\u00bb button_bg_enable_color__hover=\u00a0\u00bbon\u00a0\u00bb button_bg_color__hover_enabled=\u00a0\u00bbon|desktop\u00a0\u00bb][\/et_pb_button][\/et_pb_column][et_pb_column type=\u00a0\u00bb1_2&Prime; _builder_version=\u00a0\u00bb4.16&Prime; _module_preset=\u00a0\u00bbdefault\u00a0\u00bb global_colors_info=\u00a0\u00bb{}\u00a0\u00bb][et_pb_image src=\u00a0\u00bbhttps:\/\/www.rom1961.com\/wp-content\/uploads\/2020\/07\/Irom-flyer1264-new-scaled.jpg\u00a0\u00bb alt=\u00a0\u00bbNeues Sofa\u00a0\u00bb title_text=\u00a0\u00bbNeues Sofa Neues Sofa am Tablett konfigurieren\u00a0\u00bb _builder_version=\u00a0\u00bb4.16&Prime; _module_preset=\u00a0\u00bbdefault\u00a0\u00bb max_height=\u00a0\u00bb591%\u00a0\u00bb global_colors_info=\u00a0\u00bb{}\u00a0\u00bb][\/et_pb_image][\/et_pb_column][\/et_pb_row][\/et_pb_section]<\/p>\n","protected":false},"excerpt":{"rendered":"<p>Le rev\u00eatement id\u00e9al pour le canap\u00e9 de vos r\u00eavesVous avez beau savoir que nos canap\u00e9s renferment toutes sortes de prouesses technologiques, cela ne suffira pas \u00e0 vous s\u00e9duire. Et pour cause : l\u2019apparence, \u00e7a compte. La couleur, l\u2019architecture des formes, le toucher de nos canap\u00e9s doivent pouvoir continuer de vous plaire dans dix ans comme [&hellip;]<\/p>\n","protected":false},"author":20,"featured_media":0,"parent":0,"menu_order":4,"comment_status":"closed","ping_status":"closed","template":"","meta":{"_acf_changed":false,"_et_pb_use_builder":"on","_et_pb_old_content":"<!-- wp:divi\/placeholder \/-->","_et_gb_content_width":"","inline_featured_image":false,"footnotes":""},"class_list":["post-18728","page","type-page","status-publish","hentry"],"acf":[],"_links":{"self":[{"href":"https:\/\/www.rom1961.com\/be_fr\/wp-json\/wp\/v2\/pages\/18728","targetHints":{"allow":["GET"]}}],"collection":[{"href":"https:\/\/www.rom1961.com\/be_fr\/wp-json\/wp\/v2\/pages"}],"about":[{"href":"https:\/\/www.rom1961.com\/be_fr\/wp-json\/wp\/v2\/types\/page"}],"author":[{"embeddable":true,"href":"https:\/\/www.rom1961.com\/be_fr\/wp-json\/wp\/v2\/users\/20"}],"replies":[{"embeddable":true,"href":"https:\/\/www.rom1961.com\/be_fr\/wp-json\/wp\/v2\/comments?post=18728"}],"version-history":[{"count":2,"href":"https:\/\/www.rom1961.com\/be_fr\/wp-json\/wp\/v2\/pages\/18728\/revisions"}],"predecessor-version":[{"id":79672,"href":"https:\/\/www.rom1961.com\/be_fr\/wp-json\/wp\/v2\/pages\/18728\/revisions\/79672"}],"wp:attachment":[{"href":"https:\/\/www.rom1961.com\/be_fr\/wp-json\/wp\/v2\/media?parent=18728"}],"curies":[{"name":"wp","href":"https:\/\/api.w.org\/{rel}","templated":true}]}}