{"id":79127,"date":"2025-12-18T16:34:20","date_gmt":"2025-12-18T16:34:20","guid":{"rendered":"https:\/\/www.rom1961.com\/karriere\/stellenangebot-productdesign-copy\/"},"modified":"2025-12-19T08:25:11","modified_gmt":"2025-12-19T08:25:11","slug":"stellenangebot-cad-konstrukteur","status":"publish","type":"page","link":"https:\/\/www.rom1961.com\/be_de\/karriere\/stellenangebot-cad-konstrukteur\/","title":{"rendered":"Stellenangebot CAD-Konstrukteur SolidWorks"},"content":{"rendered":"<p>[et_pb_section fb_built=&#8221;1&#8243; fullwidth=&#8221;on&#8221; _builder_version=&#8221;4.16&#8243; _module_preset=&#8221;default&#8221; global_colors_info=&#8221;{}&#8221;][et_pb_fullwidth_header title=&#8221;Karriere bei ROM&#8221; _builder_version=&#8221;4.16&#8243; title_level=&#8221;h3&#8243; title_font=&#8221;Montserrat|300|||||||&#8221; title_text_color=&#8221;#E76634&#8243; title_font_size=&#8221;40px&#8221; background_image=&#8221;https:\/\/www.rom1961.com\/wp-content\/uploads\/2021\/12\/HEADER-Jobs.jpg&#8221; min_height=&#8221;300px&#8221; custom_margin=&#8221;0px||||false|false&#8221; custom_padding=&#8221;150px||||false|false&#8221; title_text_color_phone=&#8221;#ffffff&#8221; title_text_color_last_edited=&#8221;off|phone&#8221; background_last_edited=&#8221;on|phone&#8221; background_position_phone=&#8221;center_left&#8221; global_colors_info=&#8221;{}&#8221;][\/et_pb_fullwidth_header][\/et_pb_section][et_pb_section fb_built=&#8221;1&#8243; _builder_version=&#8221;4.16&#8243; _module_preset=&#8221;default&#8221; global_colors_info=&#8221;{}&#8221;][et_pb_row _builder_version=&#8221;4.16&#8243; _dynamic_attributes=&#8221;link_option_url&#8221; _module_preset=&#8221;default&#8221; custom_padding=&#8221;||8px|||&#8221; link_option_url=&#8221;@ET-DC@eyJkeW5hbWljIjp0cnVlLCJjb250ZW50IjoicG9zdF9saW5rX3VybF9wYWdlIiwic2V0dGluZ3MiOnsicG9zdF9pZCI6IjE4OTIwIn19@&#8221; global_colors_info=&#8221;{}&#8221;][et_pb_column type=&#8221;4_4&#8243; _builder_version=&#8221;4.16&#8243; _module_preset=&#8221;default&#8221; global_colors_info=&#8221;{}&#8221;][et_pb_image src=&#8221;https:\/\/www.rom1961.com\/wp-content\/uploads\/2021\/11\/Zuru\u0308ck-zur-Uebersicht.png&#8221; title_text=&#8221;Zuru\u0308ck-zur-Uebersicht&#8221; _builder_version=&#8221;4.21.0&#8243; _module_preset=&#8221;default&#8221; width=&#8221;15%&#8221; width_tablet=&#8221;20%&#8221; width_phone=&#8221;55%&#8221; width_last_edited=&#8221;on|phone&#8221; hover_enabled=&#8221;0&#8243; global_colors_info=&#8221;{}&#8221; sticky_enabled=&#8221;0&#8243; locked=&#8221;off&#8221;][\/et_pb_image][\/et_pb_column][\/et_pb_row][et_pb_row _builder_version=&#8221;4.16&#8243; _module_preset=&#8221;default&#8221; global_colors_info=&#8221;{}&#8221;][et_pb_column type=&#8221;4_4&#8243; _builder_version=&#8221;4.16&#8243; _module_preset=&#8221;default&#8221; global_colors_info=&#8221;{}&#8221;][et_pb_text _builder_version=&#8221;4.27.4&#8243; _module_preset=&#8221;default&#8221; global_colors_info=&#8221;{}&#8221;]<\/p>\n<div>\n<h1><span lang=\"DE\">CAD-Konstrukteur SolidWorks*<\/span><\/h1>\n<\/div>\n<p>[\/et_pb_text][et_pb_text _builder_version=&#8221;4.27.4&#8243; _module_preset=&#8221;default&#8221; text_font=&#8221;Poppins|300|||||||&#8221; global_colors_info=&#8221;{}&#8221;]<\/p>\n<p>Seit Jahren machen wir einen Teil unserer Produktentwicklungsarbeit mit SolidWorks. Einige Prozessschritte laufen digital, aber die meiste Arbeit steckt noch im klassischen Modellbau von Prototypen, mit vielen Korrekturschleifen. \u00a0 \u00a0Mit unserem zuk\u00fcnftigen Kollegen wollen wir ein in unserer Branche f\u00fchrendes Niveau von digitaler Entwicklungsarbeit aufbauen, von den Holzbauteilen \u00fcber Schaumstoffteile bis zu den Stoffzuschnitt-Teilen unserer digitalen Twins.<\/p>\n<p>[\/et_pb_text][et_pb_text disabled_on=&#8221;on|on|on&#8221; _builder_version=&#8221;4.16&#8243; _module_preset=&#8221;default&#8221; text_font=&#8221;Poppins|300|||||||&#8221; disabled=&#8221;on&#8221; global_colors_info=&#8221;{}&#8221;]<\/p>\n<h4>Zu deinen Aufgaben z\u00e4hlen:<\/h4>\n<p>1. Die Gr\u00fcndung der Ausbildungsakademie &#8220;SofAcademy&#8221;. Du legst den Rahmen und die Struktur fest und entwickelst die richtigen Tools und Schulungsunterlagen. Du arbeitest mit deinen Kollegen aus den verschiedenen Abteilungen zusammen und stehst den Vertriebspartnern und ROM-Vertriebskollegen nahe.<\/p>\n<p>2. Du entwickelst unseren iROM 3D-M\u00f6belkonfigurator gemeinsam mit unseren IT-Kollegen weiter &#8211; ein unverzichtbares Instrument im Verkaufsprozess und Standard in der M\u00f6belindustrie. Dein Ziel ist es, den Verkauf unserer komplexen Produkte so einfach und unterhaltsam wie m\u00f6glich zu machen.<\/p>\n<p>[\/et_pb_text][et_pb_text ul_item_indent=&#8221;40px&#8221; ul_item_indent_tablet=&#8221;&#8221; ul_item_indent_phone=&#8221;20px&#8221; ul_item_indent_last_edited=&#8221;on|phone&#8221; _builder_version=&#8221;4.27.4&#8243; _module_preset=&#8221;default&#8221; text_font=&#8221;Poppins|300|||||||&#8221; ul_font=&#8221;Poppins|300|||||||&#8221; ul_font_size=&#8221;13px&#8221; ul_line_height=&#8221;2em&#8221; ul_font_size_tablet=&#8221;16px&#8221; ul_font_size_phone=&#8221;16px&#8221; ul_font_size_last_edited=&#8221;on|desktop&#8221; global_colors_info=&#8221;{}&#8221;]<\/p>\n<h4>Fachliche Kompetenzen<\/h4>\n<ul><\/ul>\n<ul>\n<li><strong>Sehr gute Kenntnisse in SolidWorks<\/strong>\n<ul>\n<li>Konstruktion von Bauteilen und Baugruppen<\/li>\n<li>Erstellung von technischen Zeichnungen<\/li>\n<li>Konfigurationen &amp; Variantenkonstruktion<\/li>\n<li>Verwaltung von St\u00fccklisten (BOM)<\/li>\n<\/ul>\n<\/li>\n<li><strong>Erfahrung in der <\/strong><strong>M\u00f6bel<\/strong><strong>konstruktion<\/strong><\/li>\n<\/ul>\n<ul style=\"font-weight: 400;\"><\/ul>\n<p style=\"font-weight: 400;\">\n<h4>Aufgaben<\/h4>\n<ul style=\"font-weight: 400;\">\n<li>3D-Modellierung des Innenlebens unserer Polsterm\u00f6bel<\/li>\n<li>\u00dcberarbeitung und Optimierung bestehender Konstruktionen<\/li>\n<li>Erstellung von technischen Zeichnungen, Fertigungsunterlagen und Dokumentationen<\/li>\n<li>Durchf\u00fchrung von Kollisions- und Funktionspr\u00fcfungen in 3D<\/li>\n<li>Einarbeiten von Team-Kollegen in die SolidWorks-Welt<\/li>\n<li>Enge Zusammenarbeit mit Fertigung, Einkauf und Projektmanagement<\/li>\n<\/ul>\n<p style=\"font-weight: 400;\">\n<h4>Pers\u00f6nliche Eigenschaften<\/h4>\n<ul>\n<li>Strukturierte und eigenst\u00e4ndige Arbeitsweise<\/li>\n<li>Hohe Genauigkeit und Qualit\u00e4tsbewusstsein<\/li>\n<li>Teamf\u00e4higkeit und gute Kommunikationsf\u00e4higkeit<\/li>\n<li>Kreatives und l\u00f6sungsorientiertes Denken<\/li>\n<\/ul>\n<p style=\"font-weight: 400;\">\n<h4>W\u00fcnschenswert w\u00e4ren dann noch&#8230;<\/h4>\n<ul>\n<li>Erfahrung mit FEM-Analysen (SolidWorks Simulation) und SolidWorks PDM<\/li>\n<li>Erfahrung mit Rapid Prototyping oder Produktvalidierung<\/li>\n<li>Erfahrung in der Produktentwicklung<\/li>\n<li>Englischkenntnisse<\/li>\n<\/ul>\n<p style=\"font-weight: 400;\">\n<h4>Rahmenbedingungen<\/h4>\n<ul>\n<li>Standort: Eupen<\/li>\n<li>Einstieg: So bald wie m\u00f6glich<\/li>\n<li>Umfang: Vollzeit<\/li>\n<li>Attraktives, leistungsbezogenes Einkommen<\/li>\n<li>Modernes Arbeitsumfeld in einem innovativen Familienunternehmen<\/li>\n<li>Kurze Entscheidungswege, offene Kultur, gute Laune, direkte Kommunikation und viel Gestaltungsspielraum<\/li>\n<\/ul>\n<ul>\n<li style=\"list-style-type: none;\">\n<ul><\/ul>\n<\/li>\n<\/ul>\n<p>[\/et_pb_text][et_pb_text ul_item_indent=&#8221;40px&#8221; ul_item_indent_tablet=&#8221;&#8221; ul_item_indent_phone=&#8221;20px&#8221; ul_item_indent_last_edited=&#8221;on|phone&#8221; _builder_version=&#8221;4.27.4&#8243; _module_preset=&#8221;default&#8221; text_font=&#8221;Poppins|300|||||||&#8221; ul_font=&#8221;Poppins|300|||||||&#8221; ul_font_size=&#8221;13px&#8221; ul_line_height=&#8221;2em&#8221; custom_margin=&#8221;-55px||||false|false&#8221; ul_font_size_tablet=&#8221;16px&#8221; ul_font_size_phone=&#8221;16px&#8221; ul_font_size_last_edited=&#8221;on|desktop&#8221; global_colors_info=&#8221;{}&#8221;]<\/p>\n<p>&nbsp;<\/p>\n<h4>K\u00f6nnte das zu dir passen?<\/h4>\n<p>&nbsp;<\/p>\n<p>Dann schreibe an <a href=\"mailto:%20jobs@rom.be\">jobs@rom.be<\/a><\/p>\n<p>Nicht so ganz? Vielleicht kennst Du jemand, der Dir f\u00fcr einen Tipp dankbar w\u00e4re!<\/p>\n<p>Wir freuen uns auf Deine Bewerbung!<\/p>\n<p>&nbsp;<\/p>\n<p style=\"text-align: right\">* Herkunft und Geschlecht spielen keine Rolle.<\/p>\n<p>[\/et_pb_text][\/et_pb_column][\/et_pb_row][\/et_pb_section][et_pb_section fb_built=&#8221;1&#8243; admin_label=&#8221;Footer&#8221; _builder_version=&#8221;4.16&#8243; background_color=&#8221;#9A8C80&#8243; custom_padding=&#8221;60px||60px||true|false&#8221; saved_tabs=&#8221;all&#8221; global_colors_info=&#8221;{}&#8221;][et_pb_row column_structure=&#8221;1_4,1_4,1_2&#8243; _builder_version=&#8221;4.16&#8243; global_colors_info=&#8221;{}&#8221;][et_pb_column type=&#8221;1_4&#8243; _builder_version=&#8221;4.16&#8243; custom_padding=&#8221;|||&#8221; global_colors_info=&#8221;{}&#8221; custom_padding__hover=&#8221;|||&#8221;][et_pb_text _builder_version=&#8221;4.16&#8243; header_font=&#8221;||||||||&#8221; header_4_font=&#8221;Raleway|700|||||||&#8221; header_4_text_color=&#8221;#FFFFFF&#8221; header_4_font_size=&#8221;22px&#8221; header_4_line_height=&#8221;1.4em&#8221; custom_margin=&#8221;||10px|&#8221; global_colors_info=&#8221;{}&#8221;]<\/p>\n<h4>Postanschrift<\/h4>\n<p>[\/et_pb_text][et_pb_text _builder_version=&#8221;4.16&#8243; text_font=&#8221;Poppins||||||||&#8221; text_text_color=&#8221;#FFFFFF&#8221; text_line_height=&#8221;1.6em&#8221; global_colors_info=&#8221;{}&#8221;]<\/p>\n<p>ROM ag<\/p>\n<p>Industriestra\u00dfe 38<\/p>\n<p>4700 Eupen<\/p>\n<p>Belgien<\/p>\n<p>[\/et_pb_text][\/et_pb_column][et_pb_column type=&#8221;1_4&#8243; _builder_version=&#8221;4.16&#8243; custom_padding=&#8221;|||&#8221; global_colors_info=&#8221;{}&#8221; custom_padding__hover=&#8221;|||&#8221;][et_pb_text _builder_version=&#8221;4.16&#8243; header_font=&#8221;||||||||&#8221; header_4_font=&#8221;Raleway|700|||||||&#8221; header_4_text_color=&#8221;#FFFFFF&#8221; header_4_font_size=&#8221;22px&#8221; header_4_line_height=&#8221;1.4em&#8221; custom_margin=&#8221;||10px|&#8221; global_colors_info=&#8221;{}&#8221;]<\/p>\n<h4>Melde dich:<\/h4>\n<p>[\/et_pb_text][et_pb_text ul_type=&#8221;none&#8221; ul_item_indent=&#8221;1px&#8221; _builder_version=&#8221;4.16&#8243; link_text_color=&#8221;#FFFFFF&#8221; ul_font=&#8221;Poppins||||||||&#8221; ul_font_size=&#8221;16px&#8221; ul_line_height=&#8221;2em&#8221; global_colors_info=&#8221;{}&#8221;]<\/p>\n<ul>\n<li><a href=\"mailto:%20jobs@rom.be\">jobs@rom.be<\/a><br \/><a href=\"tel:+3287595965\">+32 87 59 59 65<\/a><\/li>\n<\/ul>\n<p>[\/et_pb_text][\/et_pb_column][et_pb_column type=&#8221;1_2&#8243; _builder_version=&#8221;4.16&#8243; custom_padding=&#8221;|||&#8221; global_colors_info=&#8221;{}&#8221; custom_padding__hover=&#8221;|||&#8221;][et_pb_image src=&#8221;https:\/\/www.rom1961.com\/wp-content\/uploads\/2021\/12\/ROM-Website-19.05.20160442-1.jpg&#8221; alt=&#8221;rom1961 Kontakt&#8221; title_text=&#8221;rom1961 Kontakt&#8221; _builder_version=&#8221;4.16&#8243; _module_preset=&#8221;default&#8221; global_colors_info=&#8221;{}&#8221;][\/et_pb_image][\/et_pb_column][\/et_pb_row][et_pb_row _builder_version=&#8221;4.16&#8243; _dynamic_attributes=&#8221;link_option_url&#8221; _module_preset=&#8221;default&#8221; custom_padding=&#8221;||8px|||&#8221; link_option_url=&#8221;@ET-DC@eyJkeW5hbWljIjp0cnVlLCJjb250ZW50IjoicG9zdF9saW5rX3VybF9wYWdlIiwic2V0dGluZ3MiOnsicG9zdF9pZCI6IjE4OTIwIn19@&#8221; global_colors_info=&#8221;{}&#8221;][et_pb_column type=&#8221;4_4&#8243; _builder_version=&#8221;4.16&#8243; _module_preset=&#8221;default&#8221; global_colors_info=&#8221;{}&#8221;][et_pb_image src=&#8221;https:\/\/www.rom1961.com\/wp-content\/uploads\/2021\/11\/Zur\u00fcck-zur-Uebersicht.png&#8221; title_text=&#8221;Zur\u00fcck-zur-Uebersicht&#8221; _builder_version=&#8221;4.16&#8243; _module_preset=&#8221;default&#8221; width=&#8221;15%&#8221; width_tablet=&#8221;20%&#8221; width_phone=&#8221;55%&#8221; width_last_edited=&#8221;on|phone&#8221; global_colors_info=&#8221;{}&#8221;][\/et_pb_image][\/et_pb_column][\/et_pb_row][\/et_pb_section]<\/p>\n","protected":false},"excerpt":{"rendered":"<p>CAD-Konstrukteur SolidWorks* Seit Jahren machen wir einen Teil unserer Produktentwicklungsarbeit mit SolidWorks. Einige Prozessschritte laufen digital, aber die meiste Arbeit steckt noch im klassischen Modellbau von Prototypen, mit vielen Korrekturschleifen. \u00a0 \u00a0Mit unserem zuk\u00fcnftigen Kollegen wollen wir ein in unserer Branche f\u00fchrendes Niveau von digitaler Entwicklungsarbeit aufbauen, von den Holzbauteilen \u00fcber Schaumstoffteile bis zu den [&hellip;]<\/p>\n","protected":false},"author":20,"featured_media":0,"parent":18920,"menu_order":0,"comment_status":"closed","ping_status":"closed","template":"","meta":{"_acf_changed":false,"_et_pb_use_builder":"on","_et_pb_old_content":"","_et_gb_content_width":"","inline_featured_image":false,"footnotes":""},"class_list":["post-79127","page","type-page","status-publish","hentry"],"acf":[],"_links":{"self":[{"href":"https:\/\/www.rom1961.com\/be_de\/wp-json\/wp\/v2\/pages\/79127","targetHints":{"allow":["GET"]}}],"collection":[{"href":"https:\/\/www.rom1961.com\/be_de\/wp-json\/wp\/v2\/pages"}],"about":[{"href":"https:\/\/www.rom1961.com\/be_de\/wp-json\/wp\/v2\/types\/page"}],"author":[{"embeddable":true,"href":"https:\/\/www.rom1961.com\/be_de\/wp-json\/wp\/v2\/users\/20"}],"replies":[{"embeddable":true,"href":"https:\/\/www.rom1961.com\/be_de\/wp-json\/wp\/v2\/comments?post=79127"}],"version-history":[{"count":3,"href":"https:\/\/www.rom1961.com\/be_de\/wp-json\/wp\/v2\/pages\/79127\/revisions"}],"predecessor-version":[{"id":79174,"href":"https:\/\/www.rom1961.com\/be_de\/wp-json\/wp\/v2\/pages\/79127\/revisions\/79174"}],"up":[{"embeddable":true,"href":"https:\/\/www.rom1961.com\/be_de\/wp-json\/wp\/v2\/pages\/18920"}],"wp:attachment":[{"href":"https:\/\/www.rom1961.com\/be_de\/wp-json\/wp\/v2\/media?parent=79127"}],"curies":[{"name":"wp","href":"https:\/\/api.w.org\/{rel}","templated":true}]}}