{"id":23822,"date":"2020-07-27T08:49:16","date_gmt":"2020-07-27T08:49:16","guid":{"rendered":"https:\/\/www.rom1961.com\/bezug\/"},"modified":"2026-03-30T13:29:27","modified_gmt":"2026-03-30T13:29:27","slug":"bezug","status":"publish","type":"page","link":"https:\/\/www.rom1961.com\/be_de\/bezug\/","title":{"rendered":"Bezug"},"content":{"rendered":"<p>[et_pb_section fb_built=&#8221;1&#8243; fullwidth=&#8221;on&#8221; _builder_version=&#8221;4.16&#8243; _module_preset=&#8221;default&#8221; global_colors_info=&#8221;{}&#8221;][et_pb_fullwidth_header title=&#8221;BEZUG&#8221; _builder_version=&#8221;4.16&#8243; title_level=&#8221;h3&#8243; title_font=&#8221;Montserrat|300|||||||&#8221; title_font_size=&#8221;40px&#8221; background_image=&#8221;https:\/\/www.rom1961.com\/wp-content\/uploads\/2020\/08\/Header_klein-Bezug.jpg&#8221; min_height=&#8221;300px&#8221; custom_margin=&#8221;0px||||false|false&#8221; custom_padding=&#8221;150px||||false|false&#8221; global_colors_info=&#8221;{}&#8221;][\/et_pb_fullwidth_header][\/et_pb_section][et_pb_section fb_built=&#8221;1&#8243; disabled_on=&#8221;off|off|off&#8221; _builder_version=&#8221;4.16&#8243; custom_padding=&#8221;29px||0px|||&#8221; global_colors_info=&#8221;{}&#8221;][et_pb_row _builder_version=&#8221;4.16&#8243; custom_margin=&#8221;30px||||false|false&#8221; locked=&#8221;off&#8221; global_colors_info=&#8221;{}&#8221;][et_pb_column type=&#8221;4_4&#8243; _builder_version=&#8221;4.16&#8243; global_colors_info=&#8221;{}&#8221;][et_pb_text _builder_version=&#8221;4.16&#8243; _module_preset=&#8221;default&#8221; custom_margin=&#8221;-22px||||false|false&#8221; locked=&#8221;off&#8221; global_colors_info=&#8221;{}&#8221;]<\/p>\n<h1 style=\"color: #e76634; text-align: left;\">Der Perfekte Bezug f\u00fcr ihr <br \/>Traumsofa<\/h1>\n<p>[\/et_pb_text][et_pb_text _builder_version=&#8221;4.27.4&#8243; _module_preset=&#8221;default&#8221; text_font=&#8221;Poppins|300|||||||&#8221; global_colors_info=&#8221;{}&#8221;]<\/p>\n<p>Ganz egal, wie viel Technologie in einem Sofa steckt, es ist das \u00c4u\u00dfere, das z\u00e4hlt! Farbe, Struktur und Haptik sollen auch nach intensivem Gebrauch so gut gefallen, wie am ersten Tag. Beim Sofakauf ist daher die Wahl des Bezugs oft die schwierigste Entscheidung. Aber ganz gleich, ob Sie sich f\u00fcr einen hochwertigen Stoff oder f\u00fcr ein edles Leder entscheiden: Wir bieten Ihnen eine einzigartige Kollektion hochqualitativer Bez\u00fcge. Lassen Sie sich von unserer Vielfalt inspirieren!<\/p>\n<p>[\/et_pb_text][\/et_pb_column][\/et_pb_row][et_pb_row _builder_version=&#8221;4.16&#8243; _module_preset=&#8221;default&#8221; custom_margin=&#8221;20px||||false|false&#8221; global_colors_info=&#8221;{}&#8221;][et_pb_column type=&#8221;4_4&#8243; _builder_version=&#8221;4.16&#8243; _module_preset=&#8221;default&#8221; global_colors_info=&#8221;{}&#8221;][et_pb_text _builder_version=&#8221;4.16&#8243; _module_preset=&#8221;default&#8221; global_colors_info=&#8221;{}&#8221;]<\/p>\n<h2><b>Sofa<\/b>shion <\/h2>\n<p>[\/et_pb_text][\/et_pb_column][\/et_pb_row][et_pb_row column_structure=&#8221;1_2,1_2&#8243; admin_label=&#8221;Zeile&#8221; _builder_version=&#8221;4.16&#8243; background_color=&#8221;rgba(0,0,0,0)&#8221; module_alignment=&#8221;center&#8221; custom_margin=&#8221;0px||||false|false&#8221; custom_padding=&#8221;1px||||false|false&#8221; global_colors_info=&#8221;{}&#8221;][et_pb_column type=&#8221;1_2&#8243; _builder_version=&#8221;4.16&#8243; global_colors_info=&#8221;{}&#8221;][et_pb_image src=&#8221;https:\/\/www.rom1961.com\/wp-content\/uploads\/2021\/02\/3erGruppe_Stoffe2.jpg&#8221; alt=&#8221;rom1961 Stoff Variationen&#8221; title_text=&#8221;rom1961 Stoffvielfalt&#8221; align=&#8221;center&#8221; force_fullwidth=&#8221;on&#8221; _builder_version=&#8221;4.16&#8243; background_color=&#8221;#f2f2f2&#8243; background_image=&#8221;https:\/\/www.rom1961.com\/wp-content\/uploads\/2020\/07\/trauriges-Sofa.jpg&#8221; mix_blend_mode=&#8221;darken&#8221; global_colors_info=&#8221;{}&#8221;][\/et_pb_image][\/et_pb_column][et_pb_column type=&#8221;1_2&#8243; _builder_version=&#8221;4.16&#8243; global_colors_info=&#8221;{}&#8221;][et_pb_text _builder_version=&#8221;4.16&#8243; text_text_color=&#8221;#e76634&#8243; header_6_text_color=&#8221;#e76634&#8243; custom_margin=&#8221;50px||0px||false|false&#8221; custom_padding=&#8221;10px||||false|false&#8221; custom_padding_tablet=&#8221;&#8221; custom_padding_phone=&#8221;&#8221; custom_padding_last_edited=&#8221;on|phone&#8221; global_colors_info=&#8221;{}&#8221;]<\/p>\n<h6><span data-contrast=\"auto\" class=\"TextRun MacChromeBold  BCX9 SCXW231906634\" xml:lang=\"DE-DE\" lang=\"DE-DE\"><span class=\"NormalTextRun  BCX9 SCXW231906634\">Passgenau f\u00fcr jeden Geschmack<\/span><\/span><span class=\"TabRun IPSelectionBlob BlobObject DragDrop  BCX9 SCXW231906634\"><span class=\"TabChar  BCX9 SCXW231906634\"> <\/span><span class=\"TabLeaderChars  BCX9 SCXW231906634\" aria-hidden=\"true\"><\/span><\/span><span data-contrast=\"auto\" class=\"TextRun EmptyTextRun  BCX9 SCXW231906634\"><\/span><\/h6>\n<p>[\/et_pb_text][et_pb_text _builder_version=&#8221;4.16&#8243; text_text_color=&#8221;#333333&#8243; custom_margin=&#8221;0px||||false|false&#8221; global_colors_info=&#8221;{}&#8221;]<\/p>\n<h2>Hochwertige Stoffe<\/h2>\n<p>[\/et_pb_text][et_pb_text _builder_version=&#8221;4.27.4&#8243; text_font=&#8221;Poppins|300|||||||&#8221; global_colors_info=&#8221;{}&#8221;]<\/p>\n<p>Stoffe sind in Struktur, Farbe und Qualit\u00e4t sicherlich der vielf\u00e4ltigste Bereich, wenn es um das Thema Sofabezug geht. Wir finden das richtig gut, denn so k\u00f6nnen wir unseren Kunden zum Traumsofa auch den passenden Wunschbezug anbieten. \u00dcber 300 verschiedene Stoffe haben wir in unser Sortiment aufgenommen: Vom weichen Velours \u00fcber robuste Strukturgewebe bis hin zu strapazierf\u00e4higen Alltagshelden.<\/p>\n<p>Qualit\u00e4t spielt nicht nur in der Produktion, sondern auch in der Nutzung von Stoffbez\u00fcgen eine zentrale Rolle. Aus diesem Grund sind alle unsere Stoffe umfangreich auf Scheuerbest\u00e4ndigkeit, Lichtechtheit und Emissionen getestet. Selbstverst\u00e4ndlich f\u00fchren wir auch Qualit\u00e4tslabel wie Q2, Aquaclean und Easycare.<\/p>\n<p>[\/et_pb_text][\/et_pb_column][\/et_pb_row][et_pb_row column_structure=&#8221;1_2,1_2&#8243; _builder_version=&#8221;4.16&#8243; background_color=&#8221;rgba(0,0,0,0)&#8221; module_alignment=&#8221;center&#8221; custom_margin=&#8221;0px||||false|false&#8221; custom_padding=&#8221;2px||||false|false&#8221; global_colors_info=&#8221;{}&#8221;][et_pb_column type=&#8221;1_2&#8243; _builder_version=&#8221;4.16&#8243; global_colors_info=&#8221;{}&#8221;][et_pb_text _builder_version=&#8221;4.16&#8243; text_text_color=&#8221;#e76634&#8243; header_6_text_color=&#8221;#e76634&#8243; custom_margin=&#8221;50px||0px||false|false&#8221; custom_padding=&#8221;10px||||false|false&#8221; custom_padding_tablet=&#8221;&#8221; custom_padding_phone=&#8221;&#8221; custom_padding_last_edited=&#8221;on|phone&#8221; global_colors_info=&#8221;{}&#8221;]<\/p>\n<h6><span data-contrast=\"auto\" class=\"TextRun MacChromeBold  BCX9 SCXW173490230\" xml:lang=\"DE-DE\" lang=\"DE-DE\"><span class=\"NormalTextRun  BCX9 SCXW173490230\">Vielfalt in allen Schattierungen<\/span><\/span><br \/><span data-contrast=\"auto\" class=\"TextRun EmptyTextRun  BCX9 SCXW231906634\"><\/span><\/h6>\n<p>[\/et_pb_text][et_pb_text _builder_version=&#8221;4.16&#8243; text_text_color=&#8221;#333333&#8243; custom_margin=&#8221;0px||||false|false&#8221; global_colors_info=&#8221;{}&#8221;]<\/p>\n<h2>Edle Leder<\/h2>\n<p>[\/et_pb_text][et_pb_text _builder_version=&#8221;4.27.4&#8243; text_font=&#8221;Poppins|300|||||||&#8221; global_colors_info=&#8221;{}&#8221;]<\/p>\n<p>Leder ist ein Multitalent: edel und zugleich nat\u00fcrlich &#8211; der Klassiker unter den Sofabez\u00fcgen. Doch Leder ist nicht gleich Leder. Unsere vielf\u00e4ltige Auswahl an Bezugsledern spiegelt genau diese Unterschiede wider: vom robusten Familienleder \u00fcber trendiges Cloudy Leather bis hin zum edlen Nubukleder f\u00fcr Kenner &#8211; f\u00fcr jeden Lebensstil findet sich der passende Bezug.<\/p>\n<p>Auch in puncto Qualit\u00e4t und Pflege setzen wir h\u00f6chste Ma\u00dfst\u00e4be: Unsere Leder stammen aus ausgew\u00e4hlten Gerbereien und werden kontinuierlich strengen internen Pr\u00fcfverfahren unterzogen. Das Ergebnis ist ein hochwertiges Qualit\u00e4tsprodukt, das wir mit \u00dcberzeugung an unsere Kunden weitergeben.<\/p>\n<p>[\/et_pb_text][\/et_pb_column][et_pb_column type=&#8221;1_2&#8243; _builder_version=&#8221;4.16&#8243; global_colors_info=&#8221;{}&#8221;][et_pb_image src=&#8221;https:\/\/www.rom1961.com\/wp-content\/uploads\/2021\/02\/3erGruppe_Leder-2.jpg&#8221; title_text=&#8221;3erGruppe_Leder&#8221; align=&#8221;center&#8221; force_fullwidth=&#8221;on&#8221; _builder_version=&#8221;4.16&#8243; background_color=&#8221;#f2f2f2&#8243; background_image=&#8221;https:\/\/www.rom1961.com\/wp-content\/uploads\/2020\/07\/trauriges-Sofa.jpg&#8221; mix_blend_mode=&#8221;darken&#8221; global_colors_info=&#8221;{}&#8221;][\/et_pb_image][\/et_pb_column][\/et_pb_row][et_pb_row column_structure=&#8221;1_2,1_2&#8243; admin_label=&#8221;Zeile&#8221; _builder_version=&#8221;4.16&#8243; background_color=&#8221;rgba(0,0,0,0)&#8221; module_alignment=&#8221;center&#8221; custom_margin=&#8221;0px||||false|false&#8221; custom_padding=&#8221;1px||||false|false&#8221; global_colors_info=&#8221;{}&#8221;][et_pb_column type=&#8221;1_2&#8243; _builder_version=&#8221;4.16&#8243; global_colors_info=&#8221;{}&#8221;][et_pb_image src=&#8221;https:\/\/www.rom1961.com\/wp-content\/uploads\/2026\/03\/LCK-Lederpflege-Logo.png&#8221; alt=&#8221;rom1961 Stoff Variationen&#8221; title_text=&#8221;LCK-Lederpflege-Logo&#8221; align=&#8221;center&#8221; force_fullwidth=&#8221;on&#8221; _builder_version=&#8221;4.27.4&#8243; background_color=&#8221;#f2f2f2&#8243; background_image=&#8221;https:\/\/www.rom1961.com\/wp-content\/uploads\/2020\/07\/trauriges-Sofa.jpg&#8221; custom_margin=&#8221;100px||||false|false&#8221; mix_blend_mode=&#8221;darken&#8221; global_colors_info=&#8221;{}&#8221;][\/et_pb_image][\/et_pb_column][et_pb_column type=&#8221;1_2&#8243; _builder_version=&#8221;4.16&#8243; global_colors_info=&#8221;{}&#8221;][et_pb_text _builder_version=&#8221;4.27.4&#8243; text_text_color=&#8221;#e76634&#8243; header_6_text_color=&#8221;#e76634&#8243; custom_margin=&#8221;50px||0px||false|false&#8221; custom_padding=&#8221;10px||||false|false&#8221; custom_padding_tablet=&#8221;&#8221; custom_padding_phone=&#8221;&#8221; custom_padding_last_edited=&#8221;on|phone&#8221; global_colors_info=&#8221;{}&#8221;]<\/p>\n<h6><span data-contrast=\"auto\" class=\"TextRun MacChromeBold  BCX9 SCXW231906634\" xml:lang=\"DE-DE\" lang=\"DE-DE\"><span class=\"NormalTextRun  BCX9 SCXW231906634\">F\u00fcr langanhaltende Freude<\/span><\/span><span class=\"TabRun IPSelectionBlob BlobObject DragDrop  BCX9 SCXW231906634\"><span class=\"TabChar  BCX9 SCXW231906634\"><\/span><span class=\"TabLeaderChars  BCX9 SCXW231906634\" aria-hidden=\"true\"><\/span><\/span><span data-contrast=\"auto\" class=\"TextRun EmptyTextRun  BCX9 SCXW231906634\"><\/span><\/h6>\n<p>[\/et_pb_text][et_pb_text _builder_version=&#8221;4.27.4&#8243; text_text_color=&#8221;#333333&#8243; custom_margin=&#8221;0px||||false|false&#8221; global_colors_info=&#8221;{}&#8221;]<\/p>\n<h2>Die perfekte Pflege<\/h2>\n<p>&nbsp;<\/p>\n<p>[\/et_pb_text][et_pb_text _builder_version=&#8221;4.27.4&#8243; text_font=&#8221;Poppins|300|||||||&#8221; custom_margin=&#8221;-20px||0px||false|false&#8221; custom_padding=&#8221;0px||70px||false|false&#8221; global_colors_info=&#8221;{}&#8221;]<\/p>\n<p data-start=\"170\" data-end=\"422\">Ein Sofa begleitet Sie viele Jahre &#8211; mit der richtigen Pflege bleibt es dabei so sch\u00f6n wie am ersten Tag. Regelm\u00e4\u00dfige Reinigung und abgestimmte Pflegeprodukte sch\u00fctzen Materialien wie Leder und Stoff nachhaltig und bewahren Komfort, Farbe und Struktur.<\/p>\n<p data-start=\"424\" data-end=\"673\">Auch f\u00fcr hartn\u00e4ckige Flecken gibt es professionelle L\u00f6sungen, die Ihr M\u00f6bel schonend und effektiv reinigen. Unsere Stoffe wurden in Zusammenarbeit mit LCK auf passende Pflegeprodukte getestet &#8211; f\u00fcr maximale Sicherheit und optimal abgestimmte Pflege.<\/p>\n<p>[\/et_pb_text][et_pb_button button_url=&#8221;https:\/\/www.moebelpflegeshop.de\/&#8221; button_text=&#8221;Zum M\u00f6belpflege-shop&#8221; _builder_version=&#8221;4.27.6&#8243; _module_preset=&#8221;default&#8221; hover_enabled=&#8221;0&#8243; global_colors_info=&#8221;{}&#8221; sticky_enabled=&#8221;0&#8243;][\/et_pb_button][\/et_pb_column][\/et_pb_row][\/et_pb_section][et_pb_section fb_built=&#8221;1&#8243; fullwidth=&#8221;on&#8221; _builder_version=&#8221;4.16&#8243; _module_preset=&#8221;default&#8221; custom_margin=&#8221;-1px||-1px||true|false&#8221; global_colors_info=&#8221;{}&#8221;][et_pb_fullwidth_slider show_arrows=&#8221;off&#8221; show_pagination=&#8221;off&#8221; _builder_version=&#8221;4.16&#8243; _module_preset=&#8221;default&#8221; background_image=&#8221;https:\/\/www.rom1961.com\/wp-content\/uploads\/2021\/02\/Parallax-1.jpg&#8221; parallax=&#8221;on&#8221; parallax_method=&#8221;on&#8221; max_height=&#8221;300px&#8221; global_colors_info=&#8221;{}&#8221;][et_pb_slide heading=&#8221;Hochwertige Stoffe und edle Leder f\u00fcr Ihr passgenaues Sofa&#8221; use_bg_overlay=&#8221;on&#8221; bg_overlay_color=&#8221;rgba(255,255,255,0.7)&#8221; _builder_version=&#8221;4.16&#8243; _module_preset=&#8221;default&#8221; header_font=&#8221;Montserrat|300|||||||&#8221; header_text_color=&#8221;#e76634&#8243; header_font_size=&#8221;36px&#8221; header_letter_spacing=&#8221;1px&#8221; header_line_height=&#8221;1.2em&#8221; body_font=&#8221;Poppins|600|||||||&#8221; body_text_align=&#8221;center&#8221; body_text_color=&#8221;#e76634&#8243; body_line_height=&#8221;1.4em&#8221; background_enable_color=&#8221;off&#8221; background_layout=&#8221;light&#8221; width=&#8221;50%&#8221; width_tablet=&#8221;74%&#8221; width_phone=&#8221;100%&#8221; width_last_edited=&#8221;on|phone&#8221; max_width_tablet=&#8221;&#8221; max_width_phone=&#8221;100%&#8221; max_width_last_edited=&#8221;on|tablet&#8221; custom_padding=&#8221;92px||||false|false&#8221; custom_padding_tablet=&#8221;62px||||false|false&#8221; custom_padding_phone=&#8221;&#8221; custom_padding_last_edited=&#8221;on|phone&#8221; header_font_size_tablet=&#8221;&#8221; header_font_size_phone=&#8221;19px&#8221; header_font_size_last_edited=&#8221;on|phone&#8221; body_font_size_tablet=&#8221;&#8221; body_font_size_phone=&#8221;12px&#8221; body_font_size_last_edited=&#8221;on|phone&#8221; global_colors_info=&#8221;{}&#8221; sticky_transition=&#8221;on&#8221;][\/et_pb_slide][\/et_pb_fullwidth_slider][\/et_pb_section][et_pb_section fb_built=&#8221;1&#8243; _builder_version=&#8221;4.16&#8243; _module_preset=&#8221;default&#8221; global_colors_info=&#8221;{}&#8221;][et_pb_row _builder_version=&#8221;4.16&#8243; _module_preset=&#8221;default&#8221; global_colors_info=&#8221;{}&#8221;][et_pb_column type=&#8221;4_4&#8243; _builder_version=&#8221;4.16&#8243; _module_preset=&#8221;default&#8221; global_colors_info=&#8221;{}&#8221;][et_pb_text quote_border_weight=&#8221;4px&#8221; quote_border_color=&#8221;#e76634&#8243; _builder_version=&#8221;4.27.4&#8243; _module_preset=&#8221;default&#8221; text_font=&#8221;Poppins|300|on||||||&#8221; quote_font=&#8221;||on||||||&#8221; quote_text_color=&#8221;#e76634&#8243; text_orientation=&#8221;center&#8221; global_colors_info=&#8221;{}&#8221;]<\/p>\n<blockquote>\n<p>Wenn es um das Thema Bez\u00fcge geht, vertrauen wir voll und ganz unseren rom1961-H\u00e4ndlern. Denn nur \u201elive und in Farbe\u201c sind Stoffe und Leder wirklich erlebbar! Und unsere Experten vor Ort beraten Sie zudem \u00e4u\u00dferst kompetent zu den Themen Qualit\u00e4t, Lichtechtheit, Scheuertouren, Pflege oder Farbkonzepte.<\/p>\n<\/blockquote>\n<p>[\/et_pb_text][\/et_pb_column][\/et_pb_row][\/et_pb_section][et_pb_section fb_built=&#8221;1&#8243; _builder_version=&#8221;4.16&#8243; _module_preset=&#8221;default&#8221; background_color=&#8221;#8da5ad&#8221; saved_tabs=&#8221;all&#8221; global_colors_info=&#8221;{}&#8221;][et_pb_row column_structure=&#8221;1_2,1_2&#8243; make_equal=&#8221;on&#8221; _builder_version=&#8221;4.16&#8243; _module_preset=&#8221;default&#8221; global_colors_info=&#8221;{}&#8221;][et_pb_column type=&#8221;1_2&#8243; _builder_version=&#8221;4.16&#8243; _module_preset=&#8221;default&#8221; global_colors_info=&#8221;{}&#8221;][et_pb_text _builder_version=&#8221;4.16&#8243; _module_preset=&#8221;default&#8221; header_6_font=&#8221;Montserrat||||||||&#8221; header_6_text_color=&#8221;#ffffff&#8221; custom_margin=&#8221;||5px||false|false&#8221; global_colors_info=&#8221;{}&#8221;]<\/p>\n<h6>Komfort in Perfektion<\/h6>\n<p>[\/et_pb_text][et_pb_text _builder_version=&#8221;4.16&#8243; _module_preset=&#8221;default&#8221; global_colors_info=&#8221;{}&#8221;]<\/p>\n<h2 style=\"color: #ffffff\">Lassen Sie uns gemeinsam Ihren Traum verwirklichen<\/h2>\n<p>[\/et_pb_text][et_pb_text quote_border_weight=&#8221;8px&#8221; quote_border_color=&#8221;#e76634&#8243; _builder_version=&#8221;4.16&#8243; _module_preset=&#8221;default&#8221; text_font=&#8221;Poppins|300|||||||&#8221; text_text_color=&#8221;#ffffff&#8221; quote_font=&#8221;Montserrat|300|||||||&#8221; quote_text_color=&#8221;#333333&#8243; quote_line_height=&#8221;1.4em&#8221; custom_margin=&#8221;-20px|||||&#8221; global_colors_info=&#8221;{}&#8221;]<\/p>\n<p>Der perfekte Wohnmittelpunkt entsteht, wenn sich auf dem Sofa jeder auf seine Art wohlf\u00fchlt und es f\u00fcr jeden Anlass den richtigen Rahmen und den perfekten Komfort bietet. Dann w\u00e4chst die Familie zusammen und kann Freunde willkommen hei\u00dfen. Dies ist unser Leitgedanke, den wir mit Leidenschaft f\u00fcr jeden Kunden neu denken und umsetzen.<\/p>\n<p>[\/et_pb_text][et_pb_button button_url=&#8221;@ET-DC@eyJkeW5hbWljIjp0cnVlLCJjb250ZW50IjoicG9zdF9saW5rX3VybF9wYWdlIiwic2V0dGluZ3MiOnsicG9zdF9pZCI6IjI0In19@&#8221; button_text=&#8221;Zum H\u00e4ndler in der N\u00e4he&#8221; button_alignment=&#8221;left&#8221; admin_label=&#8221;Button&#8221; _builder_version=&#8221;4.16&#8243; _dynamic_attributes=&#8221;button_url&#8221; button_text_size=&#8221;12px&#8221; custom_margin=&#8221;0px||30px|0px|false|false&#8221; custom_margin_tablet=&#8221;&#8221; custom_margin_phone=&#8221;0px|||0px|false|false&#8221; custom_margin_last_edited=&#8221;on|desktop&#8221; custom_padding=&#8221;5px|20px|5px|20px|true|true&#8221; custom_padding_tablet=&#8221;15px||15px||true|true&#8221; custom_padding_phone=&#8221;10px|30px|10px|30px|true|true&#8221; custom_padding_last_edited=&#8221;on|tablet&#8221; button_text_size_tablet=&#8221;&#8221; button_text_size_phone=&#8221;12px&#8221; button_text_size_last_edited=&#8221;on|phone&#8221; button_border_color_last_edited=&#8221;off|desktop&#8221; global_colors_info=&#8221;{}&#8221; button_border_color__hover_enabled=&#8221;on|desktop&#8221; button_border_color__hover=&#8221;#b61b1c&#8221; button_bg_color__hover=&#8221;#b61b1c&#8221; button_bg_enable_color__hover=&#8221;on&#8221; button_bg_color__hover_enabled=&#8221;on|desktop&#8221;][\/et_pb_button][\/et_pb_column][et_pb_column type=&#8221;1_2&#8243; _builder_version=&#8221;4.16&#8243; _module_preset=&#8221;default&#8221; global_colors_info=&#8221;{}&#8221;][et_pb_image src=&#8221;https:\/\/www.rom1961.com\/wp-content\/uploads\/2020\/07\/Irom-flyer1264-new-scaled.jpg&#8221; alt=&#8221;Neues Sofa&#8221; title_text=&#8221;Neues Sofa Neues Sofa am Tablett konfigurieren&#8221; _builder_version=&#8221;4.16&#8243; _module_preset=&#8221;default&#8221; max_height=&#8221;591%&#8221; global_colors_info=&#8221;{}&#8221;][\/et_pb_image][\/et_pb_column][\/et_pb_row][\/et_pb_section]<\/p>\n","protected":false},"excerpt":{"rendered":"<p>Der Perfekte Bezug f\u00fcr ihr TraumsofaGanz egal, wie viel Technologie in einem Sofa steckt, es ist das \u00c4u\u00dfere, das z\u00e4hlt! Farbe, Struktur und Haptik sollen auch nach intensivem Gebrauch so gut gefallen, wie am ersten Tag. Beim Sofakauf ist daher die Wahl des Bezugs oft die schwierigste Entscheidung. Aber ganz gleich, ob Sie sich f\u00fcr [&hellip;]<\/p>\n","protected":false},"author":20,"featured_media":0,"parent":0,"menu_order":4,"comment_status":"closed","ping_status":"closed","template":"","meta":{"_acf_changed":false,"_et_pb_use_builder":"on","_et_pb_old_content":"<!-- wp:divi\/placeholder \/-->","_et_gb_content_width":"","inline_featured_image":false,"footnotes":""},"class_list":["post-23822","page","type-page","status-publish","hentry"],"acf":[],"_links":{"self":[{"href":"https:\/\/www.rom1961.com\/be_de\/wp-json\/wp\/v2\/pages\/23822","targetHints":{"allow":["GET"]}}],"collection":[{"href":"https:\/\/www.rom1961.com\/be_de\/wp-json\/wp\/v2\/pages"}],"about":[{"href":"https:\/\/www.rom1961.com\/be_de\/wp-json\/wp\/v2\/types\/page"}],"author":[{"embeddable":true,"href":"https:\/\/www.rom1961.com\/be_de\/wp-json\/wp\/v2\/users\/20"}],"replies":[{"embeddable":true,"href":"https:\/\/www.rom1961.com\/be_de\/wp-json\/wp\/v2\/comments?post=23822"}],"version-history":[{"count":4,"href":"https:\/\/www.rom1961.com\/be_de\/wp-json\/wp\/v2\/pages\/23822\/revisions"}],"predecessor-version":[{"id":79668,"href":"https:\/\/www.rom1961.com\/be_de\/wp-json\/wp\/v2\/pages\/23822\/revisions\/79668"}],"wp:attachment":[{"href":"https:\/\/www.rom1961.com\/be_de\/wp-json\/wp\/v2\/media?parent=23822"}],"curies":[{"name":"wp","href":"https:\/\/api.w.org\/{rel}","templated":true}]}}