{"id":23765,"date":"2020-09-16T08:20:33","date_gmt":"2020-09-16T08:20:33","guid":{"rendered":"https:\/\/www.rom1961.com\/?page_id=23765"},"modified":"2025-07-22T07:32:32","modified_gmt":"2025-07-22T07:32:32","slug":"impressum","status":"publish","type":"page","link":"https:\/\/www.rom1961.com\/be_de\/impressum\/","title":{"rendered":"Impressum"},"content":{"rendered":"<p>[et_pb_section fb_built=&#8221;1&#8243; _builder_version=&#8221;4.16&#8243; _module_preset=&#8221;default&#8221; global_colors_info=&#8221;{}&#8221;][et_pb_row _builder_version=&#8221;4.16&#8243; _module_preset=&#8221;default&#8221; global_colors_info=&#8221;{}&#8221;][et_pb_column type=&#8221;4_4&#8243; _builder_version=&#8221;4.16&#8243; _module_preset=&#8221;default&#8221; global_colors_info=&#8221;{}&#8221;][et_pb_text _builder_version=&#8221;4.16&#8243; _module_preset=&#8221;default&#8221; global_colors_info=&#8221;{}&#8221;]<\/p>\n<h1 style=\"color: #E76634\">Impressum<\/h1>\n<p>[\/et_pb_text][et_pb_text _builder_version=&#8221;4.27.4&#8243; _module_preset=&#8221;default&#8221; text_font=&#8221;Poppins|300|||||||&#8221; hover_enabled=&#8221;0&#8243; global_colors_info=&#8221;{}&#8221; sticky_enabled=&#8221;0&#8243;]<\/p>\n<p><b>ROM ag<\/b><\/p>\n<p>Industriestra\u00dfe 38<br \/>4700 Eupen<br \/>Belgien<br \/>Tel.: +32 87 59 59 59<br \/><a mailto:=\"\" info=\"\" rom1961=\"\" com=\"\">info@rom1961.com<\/a><a><br \/><b>Gesch\u00e4ftsf\u00fchrer<\/b><br \/>Paul Rom<\/a><\/p>\n<p><b>VAT-ID<\/b><br \/>BE 0441 826 783<\/p>\n<p><b>Service Hotline:<\/b><br \/>Mo &#8211; Fr von 8:00-12:30 und von 13:00-16:30<br \/>(au\u00dfer Feiertage)<\/p>\n<p>[\/et_pb_text][\/et_pb_column][\/et_pb_row][\/et_pb_section]<\/p>\n","protected":false},"excerpt":{"rendered":"<p>ImpressumROM ag Industriestra\u00dfe 384700 EupenBelgienTel.: +32 87 59 59 59info@rom1961.comGesch\u00e4ftsf\u00fchrerPaul Rom VAT-IDBE 0441 826 783 Service Hotline:Mo &#8211; Fr von 8:00-12:30 und von 13:00-16:30(au\u00dfer Feiertage)<\/p>\n","protected":false},"author":20,"featured_media":0,"parent":0,"menu_order":0,"comment_status":"closed","ping_status":"closed","template":"","meta":{"_acf_changed":false,"_et_pb_use_builder":"on","_et_pb_old_content":"","_et_gb_content_width":"","inline_featured_image":false,"footnotes":""},"class_list":["post-23765","page","type-page","status-publish","hentry"],"acf":[],"_links":{"self":[{"href":"https:\/\/www.rom1961.com\/be_de\/wp-json\/wp\/v2\/pages\/23765","targetHints":{"allow":["GET"]}}],"collection":[{"href":"https:\/\/www.rom1961.com\/be_de\/wp-json\/wp\/v2\/pages"}],"about":[{"href":"https:\/\/www.rom1961.com\/be_de\/wp-json\/wp\/v2\/types\/page"}],"author":[{"embeddable":true,"href":"https:\/\/www.rom1961.com\/be_de\/wp-json\/wp\/v2\/users\/20"}],"replies":[{"embeddable":true,"href":"https:\/\/www.rom1961.com\/be_de\/wp-json\/wp\/v2\/comments?post=23765"}],"version-history":[{"count":1,"href":"https:\/\/www.rom1961.com\/be_de\/wp-json\/wp\/v2\/pages\/23765\/revisions"}],"predecessor-version":[{"id":78659,"href":"https:\/\/www.rom1961.com\/be_de\/wp-json\/wp\/v2\/pages\/23765\/revisions\/78659"}],"wp:attachment":[{"href":"https:\/\/www.rom1961.com\/be_de\/wp-json\/wp\/v2\/media?parent=23765"}],"curies":[{"name":"wp","href":"https:\/\/api.w.org\/{rel}","templated":true}]}}